{"id":3102,"date":"2013-08-20T07:41:50","date_gmt":"2013-08-20T07:41:50","guid":{"rendered":"https:\/\/tranviascoruna.com\/over-100-years-of-history\/"},"modified":"2013-08-20T07:41:50","modified_gmt":"2013-08-20T07:41:50","slug":"over-100-years-of-history","status":"publish","type":"page","link":"https:\/\/tranviascoruna.com\/en\/over-100-years-of-history\/","title":{"rendered":"Over 100 years of history"},"content":{"rendered":"<p>After more than 115 years of service, the Compa\u00f1\u00eda de Tranv\u00edas de La Coru\u00f1a is a real symbol of the city. Its buses form part of the city\u2019s landscape almost as much as its more representative monuments. The history of the company runs parallel to the modern history of the city &#8211; a century of existence in which technology has been evolving at a frenetic rhythm, making our lives progressively easier and easier, while making the city smaller and more comfortable.<\/p>\n<h1>1903-1936: from the mule-drawn tram to electrification<\/h1>\n<p>Our journey begins on 1 January 1903; the grand opening of the first mule-drawn tram, covering the route from Puerta Real to the train station, with branch lines to Riazor and the depot.<br \/>\nA Belgian company took control of the company in 1907, but did not last long. The company went bankrupt in 1909 and the Compa\u00f1\u00eda de Tranv\u00edas recovered the control it had lost.<br \/>\nThe electrification of the tram was approved in 1913 and the service was considerably improved. A speed of 20km\/hour was reached and an interurban tram route was planned from A Coru\u00f1a to Sada \u2013 it was built in 1922.<br \/>\nThese were years of ongoing technological improvement and line extensions, but at the same time they were also conflictive times with numerous labour protests and demonstrations.<\/p>\n<h1>1936-1962: the coming of the trolleybus<\/h1>\n<p>The Spanish Civil War and the Second World War led to a great general crisis that had a considerable effect on the Compa\u00f1\u00eda de Tranv\u00edas; there was a loss of profits. One of the consequences of the isolation suffered by our country in these years was a shortage of spare parts.<\/p>\n<p>The trolleybus was much more mobile thanks to its rubber wheels and was the solution to constant problems. Despite the fact that 1947 holds the record for the number of tram passengers, the first trolleybus came into service in 1948, covering the route from the Plaza de Pontevedra to Monelos.<\/p>\n<p>Trolleybuses and trams lived together until the beginning of the 1960s. 18 new double-decker trolleybuses were incorporated into the fleet in 1961 and definitively took the place of the trams.<\/p>\n<h1>1962-1979: the reign of buses<\/h1>\n<p>Trolleybuses dominated the landscape of A Coru\u00f1a, but not for long. The Compa\u00f1\u00eda de Tranv\u00edas was awarded the first buses in 1965 and so Route A was born, from the Plaza de Pontevedra to the Puente del Pasaje.<\/p>\n<p>The new buses gradually replaced the trolleybuses. Autobuses Urbanos de La Coru\u00f1a and the Compa\u00f1\u00eda de Tranv\u00edas merged into a single company in 1978. One year later the trolleybuses stopped working after 31 years of service.<\/p>\n<h1>1979 \u2013 the present: the return of the tram and the implementation of new technologies<\/h1>\n<p>A descent in the number of passengers was evident in the 1980s due to the increase in the number of private vehicles. In order to reduce the effect of this decrease, in 1989 a number of routes were reformed and restructured.<\/p>\n<p>In 1997 the Mayor implemented an idea that he had been thinking about for some years; the recovery of the tram for tourist use. Little by little the line was extended until it covered a great part of the promenade.<\/p>\n<p>The centenary of the company in 2003 brought in a new satellite control system, a technological improvement that implies a great step forward for passengers. Smart bus stops were introduced one year later and the company received the award for the best public transport company in Spain.<\/p>\n<p>The company was 110 years old in 2013. The great fleet of buses is provided with the latest technology and for the first time ever is present on the social networks.<\/p>\n","protected":false},"excerpt":{"rendered":"<p>After more than 115 years of service, the Compa\u00f1\u00eda de Tranv\u00edas de La Coru\u00f1a is a real symbol of the city. Its buses form part of the city\u2019s landscape almost as much as its more representative monuments. The history of the company runs parallel to the modern history of the city &#8211; a century of&hellip;<\/p>\n","protected":false},"author":1,"featured_media":0,"parent":0,"menu_order":0,"comment_status":"open","ping_status":"open","template":"page-slide.php","meta":{"_acf_changed":false,"footnotes":"","_wpscp_schedule_draft_date":"","_wpscp_schedule_republish_date":"","_wpscppro_advance_schedule":false,"_wpscppro_advance_schedule_date":"","_wpscppro_dont_share_socialmedia":false,"_wpscppro_custom_social_share_image":0,"_facebook_share_type":"","_twitter_share_type":"","_linkedin_share_type":"","_pinterest_share_type":"","_linkedin_share_type_page":"","_instagram_share_type":"","_medium_share_type":"","_threads_share_type":"","_google_business_share_type":"","_selected_social_profile":[],"_wpsp_enable_custom_social_template":false,"_wpsp_social_scheduling":{"enabled":false,"datetime":null,"platforms":[],"status":"template_only","dateOption":"today","timeOption":"now","customDays":"","customHours":"","customDate":"","customTime":"","schedulingType":"absolute"},"_wpsp_active_default_template":true},"class_list":["post-3102","page","type-page","status-publish","hentry","description-off"],"acf":[],"yoast_head":"<!-- This site is optimized with the Yoast SEO plugin v27.1 - https:\/\/yoast.com\/product\/yoast-seo-wordpress\/ -->\n<title>Over 100 years of history - Compa\u00f1\u00eda de Tranv\u00edas de La Coru\u00f1a<\/title>\n<meta name=\"robots\" content=\"index, follow, max-snippet:-1, max-image-preview:large, max-video-preview:-1\" \/>\n<link rel=\"canonical\" href=\"https:\/\/tranviascoruna.com\/en\/over-100-years-of-history\/\" \/>\n<meta property=\"og:locale\" content=\"en_US\" \/>\n<meta property=\"og:type\" content=\"article\" \/>\n<meta property=\"og:title\" content=\"Over 100 years of history - Compa\u00f1\u00eda de Tranv\u00edas de La Coru\u00f1a\" \/>\n<meta property=\"og:description\" content=\"After more than 115 years of service, the Compa\u00f1\u00eda de Tranv\u00edas de La Coru\u00f1a is a real symbol of the city. Its buses form part of the city\u2019s landscape almost as much as its more representative monuments. The history of the company runs parallel to the modern history of the city &#8211; a century of&hellip;\" \/>\n<meta property=\"og:url\" content=\"https:\/\/tranviascoruna.com\/en\/over-100-years-of-history\/\" \/>\n<meta property=\"og:site_name\" content=\"Compa\u00f1\u00eda de Tranv\u00edas de La Coru\u00f1a\" \/>\n<meta name=\"twitter:card\" content=\"summary_large_image\" \/>\n<meta name=\"twitter:label1\" content=\"Est. reading time\" \/>\n\t<meta name=\"twitter:data1\" content=\"3 minutes\" \/>\n<script type=\"application\/ld+json\" class=\"yoast-schema-graph\">{\"@context\":\"https:\/\/schema.org\",\"@graph\":[{\"@type\":\"WebPage\",\"@id\":\"https:\/\/tranviascoruna.com\/en\/over-100-years-of-history\/\",\"url\":\"https:\/\/tranviascoruna.com\/en\/over-100-years-of-history\/\",\"name\":\"Over 100 years of history - Compa\u00f1\u00eda de Tranv\u00edas de La Coru\u00f1a\",\"isPartOf\":{\"@id\":\"https:\/\/tranviascoruna.com\/#website\"},\"datePublished\":\"2013-08-20T07:41:50+00:00\",\"breadcrumb\":{\"@id\":\"https:\/\/tranviascoruna.com\/en\/over-100-years-of-history\/#breadcrumb\"},\"inLanguage\":\"en-US\",\"potentialAction\":[{\"@type\":\"ReadAction\",\"target\":[\"https:\/\/tranviascoruna.com\/en\/over-100-years-of-history\/\"]}]},{\"@type\":\"BreadcrumbList\",\"@id\":\"https:\/\/tranviascoruna.com\/en\/over-100-years-of-history\/#breadcrumb\",\"itemListElement\":[{\"@type\":\"ListItem\",\"position\":1,\"name\":\"Home\",\"item\":\"https:\/\/tranviascoruna.com\/\"},{\"@type\":\"ListItem\",\"position\":2,\"name\":\"Over 100 years of history\"}]},{\"@type\":\"WebSite\",\"@id\":\"https:\/\/tranviascoruna.com\/#website\",\"url\":\"https:\/\/tranviascoruna.com\/\",\"name\":\"Compa\u00f1\u00eda de Tranv\u00edas de La Coru\u00f1a\",\"description\":\"Compa\u00f1\u00eda de Tranv\u00edas de La Coru\u00f1a\",\"publisher\":{\"@id\":\"https:\/\/tranviascoruna.com\/#organization\"},\"potentialAction\":[{\"@type\":\"SearchAction\",\"target\":{\"@type\":\"EntryPoint\",\"urlTemplate\":\"https:\/\/tranviascoruna.com\/?s={search_term_string}\"},\"query-input\":{\"@type\":\"PropertyValueSpecification\",\"valueRequired\":true,\"valueName\":\"search_term_string\"}}],\"inLanguage\":\"en-US\"},{\"@type\":\"Organization\",\"@id\":\"https:\/\/tranviascoruna.com\/#organization\",\"name\":\"Compa\u00f1\u00eda de Tranv\u00edas de La Coru\u00f1a\",\"url\":\"https:\/\/tranviascoruna.com\/\",\"logo\":{\"@type\":\"ImageObject\",\"inLanguage\":\"en-US\",\"@id\":\"https:\/\/tranviascoruna.com\/#\/schema\/logo\/image\/\",\"url\":\"https:\/\/tranviascoruna.com\/wp-content\/uploads\/2021\/12\/Componente-50-\u2013-5.png\",\"contentUrl\":\"https:\/\/tranviascoruna.com\/wp-content\/uploads\/2021\/12\/Componente-50-\u2013-5.png\",\"width\":115,\"height\":116,\"caption\":\"Compa\u00f1\u00eda de Tranv\u00edas de La Coru\u00f1a\"},\"image\":{\"@id\":\"https:\/\/tranviascoruna.com\/#\/schema\/logo\/image\/\"}}]}<\/script>\n<!-- \/ Yoast SEO plugin. -->","yoast_head_json":{"title":"Over 100 years of history - Compa\u00f1\u00eda de Tranv\u00edas de La Coru\u00f1a","robots":{"index":"index","follow":"follow","max-snippet":"max-snippet:-1","max-image-preview":"max-image-preview:large","max-video-preview":"max-video-preview:-1"},"canonical":"https:\/\/tranviascoruna.com\/en\/over-100-years-of-history\/","og_locale":"en_US","og_type":"article","og_title":"Over 100 years of history - Compa\u00f1\u00eda de Tranv\u00edas de La Coru\u00f1a","og_description":"After more than 115 years of service, the Compa\u00f1\u00eda de Tranv\u00edas de La Coru\u00f1a is a real symbol of the city. Its buses form part of the city\u2019s landscape almost as much as its more representative monuments. The history of the company runs parallel to the modern history of the city &#8211; a century of&hellip;","og_url":"https:\/\/tranviascoruna.com\/en\/over-100-years-of-history\/","og_site_name":"Compa\u00f1\u00eda de Tranv\u00edas de La Coru\u00f1a","twitter_card":"summary_large_image","twitter_misc":{"Est. reading time":"3 minutes"},"schema":{"@context":"https:\/\/schema.org","@graph":[{"@type":"WebPage","@id":"https:\/\/tranviascoruna.com\/en\/over-100-years-of-history\/","url":"https:\/\/tranviascoruna.com\/en\/over-100-years-of-history\/","name":"Over 100 years of history - Compa\u00f1\u00eda de Tranv\u00edas de La Coru\u00f1a","isPartOf":{"@id":"https:\/\/tranviascoruna.com\/#website"},"datePublished":"2013-08-20T07:41:50+00:00","breadcrumb":{"@id":"https:\/\/tranviascoruna.com\/en\/over-100-years-of-history\/#breadcrumb"},"inLanguage":"en-US","potentialAction":[{"@type":"ReadAction","target":["https:\/\/tranviascoruna.com\/en\/over-100-years-of-history\/"]}]},{"@type":"BreadcrumbList","@id":"https:\/\/tranviascoruna.com\/en\/over-100-years-of-history\/#breadcrumb","itemListElement":[{"@type":"ListItem","position":1,"name":"Home","item":"https:\/\/tranviascoruna.com\/"},{"@type":"ListItem","position":2,"name":"Over 100 years of history"}]},{"@type":"WebSite","@id":"https:\/\/tranviascoruna.com\/#website","url":"https:\/\/tranviascoruna.com\/","name":"Compa\u00f1\u00eda de Tranv\u00edas de La Coru\u00f1a","description":"Compa\u00f1\u00eda de Tranv\u00edas de La Coru\u00f1a","publisher":{"@id":"https:\/\/tranviascoruna.com\/#organization"},"potentialAction":[{"@type":"SearchAction","target":{"@type":"EntryPoint","urlTemplate":"https:\/\/tranviascoruna.com\/?s={search_term_string}"},"query-input":{"@type":"PropertyValueSpecification","valueRequired":true,"valueName":"search_term_string"}}],"inLanguage":"en-US"},{"@type":"Organization","@id":"https:\/\/tranviascoruna.com\/#organization","name":"Compa\u00f1\u00eda de Tranv\u00edas de La Coru\u00f1a","url":"https:\/\/tranviascoruna.com\/","logo":{"@type":"ImageObject","inLanguage":"en-US","@id":"https:\/\/tranviascoruna.com\/#\/schema\/logo\/image\/","url":"https:\/\/tranviascoruna.com\/wp-content\/uploads\/2021\/12\/Componente-50-\u2013-5.png","contentUrl":"https:\/\/tranviascoruna.com\/wp-content\/uploads\/2021\/12\/Componente-50-\u2013-5.png","width":115,"height":116,"caption":"Compa\u00f1\u00eda de Tranv\u00edas de La Coru\u00f1a"},"image":{"@id":"https:\/\/tranviascoruna.com\/#\/schema\/logo\/image\/"}}]}},"_links":{"self":[{"href":"https:\/\/tranviascoruna.com\/en\/wp-json\/wp\/v2\/pages\/3102","targetHints":{"allow":["GET"]}}],"collection":[{"href":"https:\/\/tranviascoruna.com\/en\/wp-json\/wp\/v2\/pages"}],"about":[{"href":"https:\/\/tranviascoruna.com\/en\/wp-json\/wp\/v2\/types\/page"}],"author":[{"embeddable":true,"href":"https:\/\/tranviascoruna.com\/en\/wp-json\/wp\/v2\/users\/1"}],"replies":[{"embeddable":true,"href":"https:\/\/tranviascoruna.com\/en\/wp-json\/wp\/v2\/comments?post=3102"}],"version-history":[{"count":0,"href":"https:\/\/tranviascoruna.com\/en\/wp-json\/wp\/v2\/pages\/3102\/revisions"}],"wp:attachment":[{"href":"https:\/\/tranviascoruna.com\/en\/wp-json\/wp\/v2\/media?parent=3102"}],"curies":[{"name":"wp","href":"https:\/\/api.w.org\/{rel}","templated":true}]}}