{"id":3190,"date":"2014-04-08T09:57:34","date_gmt":"2014-04-08T07:57:34","guid":{"rendered":"https:\/\/tranviascoruna.com\/encuesta-online\/"},"modified":"2022-01-03T14:34:54","modified_gmt":"2022-01-03T13:34:54","slug":"encuesta-online","status":"publish","type":"page","link":"https:\/\/tranviascoruna.com\/en\/encuesta-online\/","title":{"rendered":"Online Survey"},"content":{"rendered":"\t\t<div data-elementor-type=\"wp-page\" data-elementor-id=\"3190\" class=\"elementor elementor-3190 elementor-1345\" data-elementor-post-type=\"page\">\n\t\t\t\t\t\t<section class=\"elementor-section elementor-top-section elementor-element elementor-element-e379a44 tarifas-bonos elementor-section-boxed elementor-section-height-default elementor-section-height-default\" data-id=\"e379a44\" data-element_type=\"section\" data-e-type=\"section\">\n\t\t\t\t\t\t<div class=\"elementor-container elementor-column-gap-default\">\n\t\t\t\t\t<div class=\"elementor-column elementor-col-100 elementor-top-column elementor-element elementor-element-8cf02ab\" data-id=\"8cf02ab\" data-element_type=\"column\" data-e-type=\"column\">\n\t\t\t<div class=\"elementor-widget-wrap elementor-element-populated\">\n\t\t\t\t\t\t<div class=\"elementor-element elementor-element-811af9d elementor-widget elementor-widget-heading\" data-id=\"811af9d\" data-element_type=\"widget\" data-e-type=\"widget\" data-widget_type=\"heading.default\">\n\t\t\t\t<div class=\"elementor-widget-container\">\n\t\t\t\t\t<h2 class=\"elementor-heading-title elementor-size-default\">Coming soon\n<\/h2>\t\t\t\t<\/div>\n\t\t\t\t<\/div>\n\t\t\t\t<div class=\"elementor-element elementor-element-4584469 elementor-widget elementor-widget-image\" data-id=\"4584469\" data-element_type=\"widget\" data-e-type=\"widget\" data-widget_type=\"image.default\">\n\t\t\t\t<div class=\"elementor-widget-container\">\n\t\t\t\t\t\t\t\t\t\t\t\t\t\t\t<img fetchpriority=\"high\" decoding=\"async\" width=\"548\" height=\"288\" src=\"https:\/\/tranviascoruna.com\/wp-content\/uploads\/2021\/12\/404.png\" class=\"attachment-large size-large wp-image-4976\" alt=\"\" srcset=\"https:\/\/tranviascoruna.com\/wp-content\/uploads\/2021\/12\/404.png 548w, https:\/\/tranviascoruna.com\/wp-content\/uploads\/2021\/12\/404-300x158.png 300w\" sizes=\"(max-width: 548px) 100vw, 548px\" \/>\t\t\t\t\t\t\t\t\t\t\t\t\t\t\t<\/div>\n\t\t\t\t<\/div>\n\t\t\t\t\t<\/div>\n\t\t<\/div>\n\t\t\t\t\t<\/div>\n\t\t<\/section>\n\t\t\t\t<\/div>\n\t\t","protected":false},"excerpt":{"rendered":"<p>Coming soon<\/p>\n","protected":false},"author":15,"featured_media":0,"parent":0,"menu_order":0,"comment_status":"open","ping_status":"open","template":"elementor_header_footer","meta":{"_acf_changed":false,"footnotes":"","_wpscp_schedule_draft_date":"","_wpscp_schedule_republish_date":"","_wpscppro_advance_schedule":false,"_wpscppro_advance_schedule_date":"","_wpscppro_dont_share_socialmedia":false,"_wpscppro_custom_social_share_image":0,"_facebook_share_type":"","_twitter_share_type":"","_linkedin_share_type":"","_pinterest_share_type":"","_linkedin_share_type_page":"","_instagram_share_type":"","_medium_share_type":"","_threads_share_type":"","_google_business_share_type":"","_selected_social_profile":[],"_wpsp_enable_custom_social_template":false,"_wpsp_social_scheduling":{"enabled":false,"datetime":null,"platforms":[],"status":"template_only","dateOption":"today","timeOption":"now","customDays":"","customHours":"","customDate":"","customTime":"","schedulingType":"absolute"},"_wpsp_active_default_template":true},"class_list":["post-3190","page","type-page","status-publish","hentry"],"acf":[],"yoast_head":"<!-- This site is optimized with the Yoast SEO plugin v27.1 - https:\/\/yoast.com\/product\/yoast-seo-wordpress\/ -->\n<title>Online Survey - Compa\u00f1\u00eda de Tranv\u00edas de La Coru\u00f1a<\/title>\n<meta name=\"robots\" content=\"index, follow, max-snippet:-1, max-image-preview:large, max-video-preview:-1\" \/>\n<link rel=\"canonical\" href=\"https:\/\/tranviascoruna.com\/en\/encuesta-online\/\" \/>\n<meta property=\"og:locale\" content=\"en_US\" \/>\n<meta property=\"og:type\" content=\"article\" \/>\n<meta property=\"og:title\" content=\"Online Survey - Compa\u00f1\u00eda de Tranv\u00edas de La Coru\u00f1a\" \/>\n<meta property=\"og:description\" content=\"Coming soon\" \/>\n<meta property=\"og:url\" content=\"https:\/\/tranviascoruna.com\/en\/encuesta-online\/\" \/>\n<meta property=\"og:site_name\" content=\"Compa\u00f1\u00eda de Tranv\u00edas de La Coru\u00f1a\" \/>\n<meta property=\"article:modified_time\" content=\"2022-01-03T13:34:54+00:00\" \/>\n<meta property=\"og:image\" content=\"https:\/\/tranviascoruna.com\/wp-content\/uploads\/2021\/12\/404.png\" \/>\n<meta name=\"twitter:card\" content=\"summary_large_image\" \/>\n<meta name=\"twitter:label1\" content=\"Est. reading time\" \/>\n\t<meta name=\"twitter:data1\" content=\"1 minute\" \/>\n<script type=\"application\/ld+json\" class=\"yoast-schema-graph\">{\"@context\":\"https:\/\/schema.org\",\"@graph\":[{\"@type\":\"WebPage\",\"@id\":\"https:\/\/tranviascoruna.com\/en\/encuesta-online\/\",\"url\":\"https:\/\/tranviascoruna.com\/en\/encuesta-online\/\",\"name\":\"Online Survey - Compa\u00f1\u00eda de Tranv\u00edas de La Coru\u00f1a\",\"isPartOf\":{\"@id\":\"https:\/\/tranviascoruna.com\/#website\"},\"primaryImageOfPage\":{\"@id\":\"https:\/\/tranviascoruna.com\/en\/encuesta-online\/#primaryimage\"},\"image\":{\"@id\":\"https:\/\/tranviascoruna.com\/en\/encuesta-online\/#primaryimage\"},\"thumbnailUrl\":\"https:\/\/tranviascoruna.com\/wp-content\/uploads\/2021\/12\/404.png\",\"datePublished\":\"2014-04-08T07:57:34+00:00\",\"dateModified\":\"2022-01-03T13:34:54+00:00\",\"breadcrumb\":{\"@id\":\"https:\/\/tranviascoruna.com\/en\/encuesta-online\/#breadcrumb\"},\"inLanguage\":\"en-US\",\"potentialAction\":[{\"@type\":\"ReadAction\",\"target\":[\"https:\/\/tranviascoruna.com\/en\/encuesta-online\/\"]}]},{\"@type\":\"ImageObject\",\"inLanguage\":\"en-US\",\"@id\":\"https:\/\/tranviascoruna.com\/en\/encuesta-online\/#primaryimage\",\"url\":\"https:\/\/tranviascoruna.com\/wp-content\/uploads\/2021\/12\/404.png\",\"contentUrl\":\"https:\/\/tranviascoruna.com\/wp-content\/uploads\/2021\/12\/404.png\"},{\"@type\":\"BreadcrumbList\",\"@id\":\"https:\/\/tranviascoruna.com\/en\/encuesta-online\/#breadcrumb\",\"itemListElement\":[{\"@type\":\"ListItem\",\"position\":1,\"name\":\"Home\",\"item\":\"https:\/\/tranviascoruna.com\/\"},{\"@type\":\"ListItem\",\"position\":2,\"name\":\"Online Survey\"}]},{\"@type\":\"WebSite\",\"@id\":\"https:\/\/tranviascoruna.com\/#website\",\"url\":\"https:\/\/tranviascoruna.com\/\",\"name\":\"Compa\u00f1\u00eda de Tranv\u00edas de La Coru\u00f1a\",\"description\":\"Compa\u00f1\u00eda de Tranv\u00edas de La Coru\u00f1a\",\"publisher\":{\"@id\":\"https:\/\/tranviascoruna.com\/#organization\"},\"potentialAction\":[{\"@type\":\"SearchAction\",\"target\":{\"@type\":\"EntryPoint\",\"urlTemplate\":\"https:\/\/tranviascoruna.com\/?s={search_term_string}\"},\"query-input\":{\"@type\":\"PropertyValueSpecification\",\"valueRequired\":true,\"valueName\":\"search_term_string\"}}],\"inLanguage\":\"en-US\"},{\"@type\":\"Organization\",\"@id\":\"https:\/\/tranviascoruna.com\/#organization\",\"name\":\"Compa\u00f1\u00eda de Tranv\u00edas de La Coru\u00f1a\",\"url\":\"https:\/\/tranviascoruna.com\/\",\"logo\":{\"@type\":\"ImageObject\",\"inLanguage\":\"en-US\",\"@id\":\"https:\/\/tranviascoruna.com\/#\/schema\/logo\/image\/\",\"url\":\"https:\/\/tranviascoruna.com\/wp-content\/uploads\/2021\/12\/Componente-50-\u2013-5.png\",\"contentUrl\":\"https:\/\/tranviascoruna.com\/wp-content\/uploads\/2021\/12\/Componente-50-\u2013-5.png\",\"width\":115,\"height\":116,\"caption\":\"Compa\u00f1\u00eda de Tranv\u00edas de La Coru\u00f1a\"},\"image\":{\"@id\":\"https:\/\/tranviascoruna.com\/#\/schema\/logo\/image\/\"}}]}<\/script>\n<!-- \/ Yoast SEO plugin. -->","yoast_head_json":{"title":"Online Survey - Compa\u00f1\u00eda de Tranv\u00edas de La Coru\u00f1a","robots":{"index":"index","follow":"follow","max-snippet":"max-snippet:-1","max-image-preview":"max-image-preview:large","max-video-preview":"max-video-preview:-1"},"canonical":"https:\/\/tranviascoruna.com\/en\/encuesta-online\/","og_locale":"en_US","og_type":"article","og_title":"Online Survey - Compa\u00f1\u00eda de Tranv\u00edas de La Coru\u00f1a","og_description":"Coming soon","og_url":"https:\/\/tranviascoruna.com\/en\/encuesta-online\/","og_site_name":"Compa\u00f1\u00eda de Tranv\u00edas de La Coru\u00f1a","article_modified_time":"2022-01-03T13:34:54+00:00","og_image":[{"url":"https:\/\/tranviascoruna.com\/wp-content\/uploads\/2021\/12\/404.png","type":"","width":"","height":""}],"twitter_card":"summary_large_image","twitter_misc":{"Est. reading time":"1 minute"},"schema":{"@context":"https:\/\/schema.org","@graph":[{"@type":"WebPage","@id":"https:\/\/tranviascoruna.com\/en\/encuesta-online\/","url":"https:\/\/tranviascoruna.com\/en\/encuesta-online\/","name":"Online Survey - Compa\u00f1\u00eda de Tranv\u00edas de La Coru\u00f1a","isPartOf":{"@id":"https:\/\/tranviascoruna.com\/#website"},"primaryImageOfPage":{"@id":"https:\/\/tranviascoruna.com\/en\/encuesta-online\/#primaryimage"},"image":{"@id":"https:\/\/tranviascoruna.com\/en\/encuesta-online\/#primaryimage"},"thumbnailUrl":"https:\/\/tranviascoruna.com\/wp-content\/uploads\/2021\/12\/404.png","datePublished":"2014-04-08T07:57:34+00:00","dateModified":"2022-01-03T13:34:54+00:00","breadcrumb":{"@id":"https:\/\/tranviascoruna.com\/en\/encuesta-online\/#breadcrumb"},"inLanguage":"en-US","potentialAction":[{"@type":"ReadAction","target":["https:\/\/tranviascoruna.com\/en\/encuesta-online\/"]}]},{"@type":"ImageObject","inLanguage":"en-US","@id":"https:\/\/tranviascoruna.com\/en\/encuesta-online\/#primaryimage","url":"https:\/\/tranviascoruna.com\/wp-content\/uploads\/2021\/12\/404.png","contentUrl":"https:\/\/tranviascoruna.com\/wp-content\/uploads\/2021\/12\/404.png"},{"@type":"BreadcrumbList","@id":"https:\/\/tranviascoruna.com\/en\/encuesta-online\/#breadcrumb","itemListElement":[{"@type":"ListItem","position":1,"name":"Home","item":"https:\/\/tranviascoruna.com\/"},{"@type":"ListItem","position":2,"name":"Online Survey"}]},{"@type":"WebSite","@id":"https:\/\/tranviascoruna.com\/#website","url":"https:\/\/tranviascoruna.com\/","name":"Compa\u00f1\u00eda de Tranv\u00edas de La Coru\u00f1a","description":"Compa\u00f1\u00eda de Tranv\u00edas de La Coru\u00f1a","publisher":{"@id":"https:\/\/tranviascoruna.com\/#organization"},"potentialAction":[{"@type":"SearchAction","target":{"@type":"EntryPoint","urlTemplate":"https:\/\/tranviascoruna.com\/?s={search_term_string}"},"query-input":{"@type":"PropertyValueSpecification","valueRequired":true,"valueName":"search_term_string"}}],"inLanguage":"en-US"},{"@type":"Organization","@id":"https:\/\/tranviascoruna.com\/#organization","name":"Compa\u00f1\u00eda de Tranv\u00edas de La Coru\u00f1a","url":"https:\/\/tranviascoruna.com\/","logo":{"@type":"ImageObject","inLanguage":"en-US","@id":"https:\/\/tranviascoruna.com\/#\/schema\/logo\/image\/","url":"https:\/\/tranviascoruna.com\/wp-content\/uploads\/2021\/12\/Componente-50-\u2013-5.png","contentUrl":"https:\/\/tranviascoruna.com\/wp-content\/uploads\/2021\/12\/Componente-50-\u2013-5.png","width":115,"height":116,"caption":"Compa\u00f1\u00eda de Tranv\u00edas de La Coru\u00f1a"},"image":{"@id":"https:\/\/tranviascoruna.com\/#\/schema\/logo\/image\/"}}]}},"_links":{"self":[{"href":"https:\/\/tranviascoruna.com\/en\/wp-json\/wp\/v2\/pages\/3190","targetHints":{"allow":["GET"]}}],"collection":[{"href":"https:\/\/tranviascoruna.com\/en\/wp-json\/wp\/v2\/pages"}],"about":[{"href":"https:\/\/tranviascoruna.com\/en\/wp-json\/wp\/v2\/types\/page"}],"author":[{"embeddable":true,"href":"https:\/\/tranviascoruna.com\/en\/wp-json\/wp\/v2\/users\/15"}],"replies":[{"embeddable":true,"href":"https:\/\/tranviascoruna.com\/en\/wp-json\/wp\/v2\/comments?post=3190"}],"version-history":[{"count":2,"href":"https:\/\/tranviascoruna.com\/en\/wp-json\/wp\/v2\/pages\/3190\/revisions"}],"predecessor-version":[{"id":6474,"href":"https:\/\/tranviascoruna.com\/en\/wp-json\/wp\/v2\/pages\/3190\/revisions\/6474"}],"wp:attachment":[{"href":"https:\/\/tranviascoruna.com\/en\/wp-json\/wp\/v2\/media?parent=3190"}],"curies":[{"name":"wp","href":"https:\/\/api.w.org\/{rel}","templated":true}]}}