{"id":3196,"date":"2018-04-27T15:18:17","date_gmt":"2018-04-27T13:18:17","guid":{"rendered":"https:\/\/tranviascoruna.com\/privacy-policy\/"},"modified":"2025-07-02T11:01:33","modified_gmt":"2025-07-02T09:01:33","slug":"privacy-policy","status":"publish","type":"page","link":"https:\/\/tranviascoruna.com\/en\/privacy-policy\/","title":{"rendered":"Privacy policy"},"content":{"rendered":"\t\t<div data-elementor-type=\"wp-page\" data-elementor-id=\"3196\" class=\"elementor elementor-3196 elementor-2546\" data-elementor-post-type=\"page\">\n\t\t\t\t\t\t<section class=\"elementor-section elementor-top-section elementor-element elementor-element-e76ef1a elementor-section-boxed elementor-section-height-default elementor-section-height-default\" data-id=\"e76ef1a\" data-element_type=\"section\" data-e-type=\"section\">\n\t\t\t\t\t\t<div class=\"elementor-container elementor-column-gap-default\">\n\t\t\t\t\t<div class=\"elementor-column elementor-col-100 elementor-top-column elementor-element elementor-element-b6021da\" data-id=\"b6021da\" data-element_type=\"column\" data-e-type=\"column\">\n\t\t\t<div class=\"elementor-widget-wrap elementor-element-populated\">\n\t\t\t\t\t\t<div class=\"elementor-element elementor-element-7b1b2c5 elementor-widget elementor-widget-heading\" data-id=\"7b1b2c5\" data-element_type=\"widget\" data-e-type=\"widget\" data-widget_type=\"heading.default\">\n\t\t\t\t<div class=\"elementor-widget-container\">\n\t\t\t\t\t<p class=\"elementor-heading-title elementor-size-default\">Legal texts\n<\/p>\t\t\t\t<\/div>\n\t\t\t\t<\/div>\n\t\t\t\t<div class=\"elementor-element elementor-element-118df9b elementor-widget elementor-widget-heading\" data-id=\"118df9b\" data-element_type=\"widget\" data-e-type=\"widget\" data-widget_type=\"heading.default\">\n\t\t\t\t<div class=\"elementor-widget-container\">\n\t\t\t\t\t<h2 class=\"elementor-heading-title elementor-size-default\">Privacy policy<\/h2>\t\t\t\t<\/div>\n\t\t\t\t<\/div>\n\t\t\t\t\t<\/div>\n\t\t<\/div>\n\t\t\t\t\t<\/div>\n\t\t<\/section>\n\t\t\t\t<section class=\"elementor-section elementor-top-section elementor-element elementor-element-d33f8dd elementor-section-boxed elementor-section-height-default elementor-section-height-default\" data-id=\"d33f8dd\" data-element_type=\"section\" data-e-type=\"section\">\n\t\t\t\t\t\t<div class=\"elementor-container elementor-column-gap-default\">\n\t\t\t\t\t<div class=\"elementor-column elementor-col-100 elementor-top-column elementor-element elementor-element-7e5ded8\" data-id=\"7e5ded8\" data-element_type=\"column\" data-e-type=\"column\">\n\t\t\t<div class=\"elementor-widget-wrap elementor-element-populated\">\n\t\t\t\t\t\t<div class=\"elementor-element elementor-element-6c51db8 elementor-widget elementor-widget-heading\" data-id=\"6c51db8\" data-element_type=\"widget\" data-e-type=\"widget\" data-widget_type=\"heading.default\">\n\t\t\t\t<div class=\"elementor-widget-container\">\n\t\t\t\t\t<h3 class=\"elementor-heading-title elementor-size-default\">Introduction<\/h3>\t\t\t\t<\/div>\n\t\t\t\t<\/div>\n\t\t\t\t<div class=\"elementor-element elementor-element-e656c7e elementor-widget elementor-widget-text-editor\" data-id=\"e656c7e\" data-element_type=\"widget\" data-e-type=\"widget\" data-widget_type=\"text-editor.default\">\n\t\t\t\t<div class=\"elementor-widget-container\">\n\t\t\t\t\t\t\t\t\t<p>This Privacy Policy has been drawn up in accordance with the provision of the Organic Data Protection Law currently in force, as well as by Regulation 2016\/679 of the European Parliament and the Council of 27th April 2016 on the protection of natural persons with regard to the processing of personal data and the free movement of such data, hereinafter referred to as the GDPR.<br>\nThe aim of this Privacy Policy is to inform all personal data holders whose data are being collected of a series of specific aspects regarding the processing thereof. This includes, but is not limited to, the purpose of said processing, the contact details enabling them to exercise the rights to which they are entitled, data conservation periods and security measures.<\/p>\t\t\t\t\t\t\t\t<\/div>\n\t\t\t\t<\/div>\n\t\t\t\t<div class=\"elementor-element elementor-element-8770c01 elementor-widget elementor-widget-heading\" data-id=\"8770c01\" data-element_type=\"widget\" data-e-type=\"widget\" data-widget_type=\"heading.default\">\n\t\t\t\t<div class=\"elementor-widget-container\">\n\t\t\t\t\t<h3 class=\"elementor-heading-title elementor-size-default\">Data Processing Controller\n<\/h3>\t\t\t\t<\/div>\n\t\t\t\t<\/div>\n\t\t\t\t<div class=\"elementor-element elementor-element-082fded elementor-widget elementor-widget-text-editor\" data-id=\"082fded\" data-element_type=\"widget\" data-e-type=\"widget\" data-widget_type=\"text-editor.default\">\n\t\t\t\t<div class=\"elementor-widget-container\">\n\t\t\t\t\t\t\t\t\t<p>In matters regarding data protection, Compa\u00f1\u00eda de Tranv\u00edas de A Coru\u00f1a shall be considered the Data Processing Controller for the files and processing stipulated in this policy, specifically in the Data Processing section. Below are the identification details of the owner of this website:<br \/>Data Processing Controller: Compa\u00f1\u00eda de Tranv\u00edas de A Coru\u00f1a<br \/>Postal Address: Estrada Os Fortes, n\u00ba 4, 15011 A Coru\u00f1a, SPAIN<br \/>Tel: + 34 981 250 100 \/ +34 900 799 192<br \/>email: correo@tranviascoruna.com<br \/>Registered business address: Carretera Fuertes, n\u00ba 4, CP.- 15.011, A Coru\u00f1a, SPAIN.<\/p>\t\t\t\t\t\t\t\t<\/div>\n\t\t\t\t<\/div>\n\t\t\t\t<div class=\"elementor-element elementor-element-17e24b3 elementor-widget elementor-widget-heading\" data-id=\"17e24b3\" data-element_type=\"widget\" data-e-type=\"widget\" data-widget_type=\"heading.default\">\n\t\t\t\t<div class=\"elementor-widget-container\">\n\t\t\t\t\t<h3 class=\"elementor-heading-title elementor-size-default\">Data processing\n<\/h3>\t\t\t\t<\/div>\n\t\t\t\t<\/div>\n\t\t\t\t<div class=\"elementor-element elementor-element-442f28b elementor-widget elementor-widget-text-editor\" data-id=\"442f28b\" data-element_type=\"widget\" data-e-type=\"widget\" data-widget_type=\"text-editor.default\">\n\t\t\t\t<div class=\"elementor-widget-container\">\n\t\t\t\t\t\t\t\t\t<p>Where appropriate, the personal data requested shall be limited solely to those that are strictly necessary in order to identify and process the request made by the holder thereof, hereinafter the interested party. Said information shall be processed in a loyal, lawful and transparent manner in relation to the interested party. Likewise, the personal data shall be collected for explicit and legitimate ends and shall not be processed in a manner that is not compatible with these purposes at any later time.<br \/>The data collected from each interested party shall be appropriate, pertinent and not excessive, in accordance with the corresponding purposes for each case, and shall be updated whenever necessary. The data owners shall receive prior notification that their data are to be collected as well as the general limits regulated by means of this policy, thereby enabling them to give their specific, precise and unequivocal consent for the processing of their data, in accordance with the following considerations:<\/p><p>Processing purposes<br \/>The specific purposes for which each processing operation is carried out are specified in the information clauses included in each of the data collection means (online forms, paper forms, verbal announcements or posters and notices). Notwithstanding the above, data of a personal nature shall be processed for the sole purpose of providing an effective response to and dealing with the requests and enquiries made by users, specified next to the option, service, form or data collection method used by the data holder.<\/p><p>Legitimation<br \/>As a general rule, and prior to processing any personal data, Compa\u00f1\u00eda de Tranv\u00edas de A Coru\u00f1a obtains the specific and unequivocal consent of the data owners by including informed consent clauses in the various data collection systems. Notwithstanding the above, in the event that the consent of the interested party is not required, the legal basis on which Compa\u00f1\u00eda de Tranv\u00edas de A Coru\u00f1a may act is the existence of a law or specific regulation authorising or requiring the processing of the interested party\u2019s data.<\/p><p>Recipients<br \/>As a general rule, Compa\u00f1\u00eda de Tranv\u00edas de A Coru\u00f1a shall not communicate or transfer the data to third parties unless legally required to do so. Notwithstanding the above, should it prove necessary, the interested party shall be duly informed of any such communication or transfer by means of the informed consent forms included in the various personal data collection methods.<\/p><p>Origin<br \/>As a general rule, personal data are always collected directly from the interested party. Notwithstanding the above, under certain exceptions, data may be collected via third parties, organisations or services other than the interested party. Should this occur, the interested party shall be duly informed via the informed consent clauses included in the various data collection methods and within a reasonable time period following the collection thereof, which under no circumstances shall exceed one month.<\/p><p>Data conservation periods<br \/>The information collected from the interested party shall be conserved as long as necessary in order to comply with the purpose for which the personal data were collected. Once this purpose has been met, the data shall be cancelled. This cancellation shall give rise to the blocking of the data, which shall only be conserved in order to be made available to the Public Administrations, Courts and Tribunals in order to answer to any possible responsibilities arising from their processing, during the prescription period thereof. Once said period has ended, the information shall be destroyed. For your information, below is a list of the data conservation periods stipulated by law in relation to various issues:<\/p><p>DOCUMENT PERIOD LEGAL REFERENCE<br \/>Documents related to labour or social security issues 4 years Article 21 of Legislative Royal Decree 5\/2000 of 4th August, passing the consolidated text for the Law on Infractions and Sanctions in the Social Order<br \/>Tax and accounting documents for trading purposes 6 years Article 30 of the Code of Commerce<br \/>Tax and accounting documents for taxation purposes 4 years Articles 66 \u2013 70 of the General Tax Act<br \/>Building access controls 1 month Spanish Data Protection Agency Instruction 1\/1996<br \/>Video surveillance 1 month Spanish Data Protection Agency Instruction 1\/2006<br \/>Organic Law 4\/1997<br \/>Browser data<br \/>In relation to the browser data that may be processed via the website, if data subject to the regulations are collected, you are advised to consult the Cookies Policy posted on our website.<\/p><p>Interested party rights<br \/>Regulations regarding data protection entitles interested parties, data owners or users of Compa\u00f1\u00eda de Tranv\u00edas de A Coru\u00f1a social media to a series of rights. The rights protecting interested parties are listed below:<br \/>\u2013 Right of access: the right to obtain information as to whether their data are being processed, the purpose of any such processing, the data categories included, the recipients or recipient categories, conservation periods and the origin of said data.<br \/>\u2013 Right of rectification: the right to rectification of inexact or incomplete personal data.<br \/>\u2013 Right of suppression: the right to the suppression of data under the following circumstances:<\/p><p>When the data are no longer needed for the purpose for which they were collectedWhen the owners thereof withdraw their consentWhen the interested party opposes processingWhen suppression is mandatory due to a legal requirementWhen the data have been obtained by virtue of an information society service in accordance with the provisions of article 8, section 1 of the EU General Data Protection Regulation.<\/p><p>\u2013 Right of opposition: the right to oppose specific processing based on the consent of the interested party.<br \/>\u2013 Right of limitation: the right to data processing limitation in any of the following circumstances:<\/p><p>When the interested party impugns the accuracy of the personal data within a period that enables the company to determine their accuracy.In the event of unlawful processing and opposition by the interested party to the suppression of the corresponding data.When the company no longer requires the data for the purpose for which they were collected, but are required by the interested party in order to present, exercise or defend a claim.When the interested party has opposed processing whilst it is determined whether the company\u2019s legitimate motives prevail over those of the interested party.<\/p><p>Interested parties may exercise the aforementioned rights by writing to the Compa\u00f1\u00eda de Tranv\u00edas de A Coru\u00f1a at lopd@tranviascoruna.com, stating on the subject line the right they wish to exercise.<\/p><p>In this sense, Compa\u00f1\u00eda de Tranv\u00edas de A Coru\u00f1a shall deal with the request at the earliest possible opportunity, taking into consideration the periods stipulated in data protection regulations.<\/p><p>Furthermore, it must be remembered that interested parties or data owners may file a claim before the corresponding authorities at any time.<\/p>\t\t\t\t\t\t\t\t<\/div>\n\t\t\t\t<\/div>\n\t\t\t\t<div class=\"elementor-element elementor-element-b3d3d3c elementor-widget elementor-widget-heading\" data-id=\"b3d3d3c\" data-element_type=\"widget\" data-e-type=\"widget\" data-widget_type=\"heading.default\">\n\t\t\t\t<div class=\"elementor-widget-container\">\n\t\t\t\t\t<h3 class=\"elementor-heading-title elementor-size-default\">Security<\/h3>\t\t\t\t<\/div>\n\t\t\t\t<\/div>\n\t\t\t\t<div class=\"elementor-element elementor-element-b39df88 elementor-widget elementor-widget-text-editor\" data-id=\"b39df88\" data-element_type=\"widget\" data-e-type=\"widget\" data-widget_type=\"text-editor.default\">\n\t\t\t\t<div class=\"elementor-widget-container\">\n\t\t\t\t\t\t\t\t\t<p>The security measures adopted by Compa\u00f1\u00eda de Tranv\u00edas de A Coru\u00f1a comply with legal requirements, pursuant to the provisions of article 32 of the GDPR. In this sense, Compa\u00f1\u00eda de Tranv\u00edas de A Coru\u00f1a, considering prior art, application costs and the nature, scope, context and purposes of processing, as well as the variable risks of likelihood and gravity for the rights and liberties of natural persons, has implemented suitable technical and organisational measures in order to guarantee correct level of security in line with the degree of risk.<br \/>At all events, Compa\u00f1\u00eda de Tranv\u00edas de A Coru\u00f1a has established sufficient mechanisms in order to:<br \/>a) Guarantee the ongoing confidentiality, integrity, availability and resilience of the processing services and systems.<br \/>b) Restore availability and access to personal data rapidly in the event of a physical or technical incident.<br \/>c) Regularly check, assess and consider the efficiency of the technical and organisational measures implemented in order to guarantee secure processing.<br \/>d) Pseudonomise and encrypt personal data, as and when appropriate.<\/p>\t\t\t\t\t\t\t\t<\/div>\n\t\t\t\t<\/div>\n\t\t\t\t\t<\/div>\n\t\t<\/div>\n\t\t\t\t\t<\/div>\n\t\t<\/section>\n\t\t\t\t<\/div>\n\t\t","protected":false},"excerpt":{"rendered":"<p>Legal texts Introduction This Privacy Policy has been drawn up in accordance with the provision of the Organic Data Protection Law currently in force, as well as by Regulation 2016\/679 of the European Parliament and the Council of 27th April 2016 on the protection of natural persons with regard to the processing of personal data&hellip;<\/p>\n","protected":false},"author":15,"featured_media":0,"parent":0,"menu_order":0,"comment_status":"closed","ping_status":"closed","template":"elementor_header_footer","meta":{"_acf_changed":false,"footnotes":"","_wpscp_schedule_draft_date":"","_wpscp_schedule_republish_date":"","_wpscppro_advance_schedule":false,"_wpscppro_advance_schedule_date":"","_wpscppro_dont_share_socialmedia":false,"_wpscppro_custom_social_share_image":0,"_facebook_share_type":"","_twitter_share_type":"","_linkedin_share_type":"","_pinterest_share_type":"","_linkedin_share_type_page":"","_instagram_share_type":"","_medium_share_type":"","_threads_share_type":"","_google_business_share_type":"","_selected_social_profile":[],"_wpsp_enable_custom_social_template":false,"_wpsp_social_scheduling":{"enabled":false,"datetime":null,"platforms":[],"status":"template_only","dateOption":"today","timeOption":"now","customDays":"","customHours":"","customDate":"","customTime":"","schedulingType":"absolute"},"_wpsp_active_default_template":true},"class_list":["post-3196","page","type-page","status-publish","hentry"],"acf":[],"yoast_head":"<!-- This site is optimized with the Yoast SEO plugin v27.1 - https:\/\/yoast.com\/product\/yoast-seo-wordpress\/ -->\n<title>Privacy policy - Compa\u00f1\u00eda de Tranv\u00edas de La Coru\u00f1a<\/title>\n<meta name=\"robots\" content=\"index, follow, max-snippet:-1, max-image-preview:large, max-video-preview:-1\" \/>\n<link rel=\"canonical\" href=\"https:\/\/tranviascoruna.com\/gl\/politica-de-privacidade\/\" \/>\n<meta property=\"og:locale\" content=\"en_US\" \/>\n<meta property=\"og:type\" content=\"article\" \/>\n<meta property=\"og:title\" content=\"Privacy policy - Compa\u00f1\u00eda de Tranv\u00edas de La Coru\u00f1a\" \/>\n<meta property=\"og:description\" content=\"Legal texts Introduction This Privacy Policy has been drawn up in accordance with the provision of the Organic Data Protection Law currently in force, as well as by Regulation 2016\/679 of the European Parliament and the Council of 27th April 2016 on the protection of natural persons with regard to the processing of personal data&hellip;\" \/>\n<meta property=\"og:url\" content=\"https:\/\/tranviascoruna.com\/gl\/politica-de-privacidade\/\" \/>\n<meta property=\"og:site_name\" content=\"Compa\u00f1\u00eda de Tranv\u00edas de La Coru\u00f1a\" \/>\n<meta property=\"article:modified_time\" content=\"2025-07-02T09:01:33+00:00\" \/>\n<meta name=\"twitter:card\" content=\"summary_large_image\" \/>\n<meta name=\"twitter:label1\" content=\"Est. reading time\" \/>\n\t<meta name=\"twitter:data1\" content=\"7 minutes\" \/>\n<script type=\"application\/ld+json\" class=\"yoast-schema-graph\">{\"@context\":\"https:\/\/schema.org\",\"@graph\":[{\"@type\":\"WebPage\",\"@id\":\"https:\/\/tranviascoruna.com\/gl\/politica-de-privacidade\/\",\"url\":\"https:\/\/tranviascoruna.com\/gl\/politica-de-privacidade\/\",\"name\":\"Privacy policy - Compa\u00f1\u00eda de Tranv\u00edas de La Coru\u00f1a\",\"isPartOf\":{\"@id\":\"https:\/\/tranviascoruna.com\/#website\"},\"datePublished\":\"2018-04-27T13:18:17+00:00\",\"dateModified\":\"2025-07-02T09:01:33+00:00\",\"breadcrumb\":{\"@id\":\"https:\/\/tranviascoruna.com\/gl\/politica-de-privacidade\/#breadcrumb\"},\"inLanguage\":\"en-US\",\"potentialAction\":[{\"@type\":\"ReadAction\",\"target\":[\"https:\/\/tranviascoruna.com\/gl\/politica-de-privacidade\/\"]}]},{\"@type\":\"BreadcrumbList\",\"@id\":\"https:\/\/tranviascoruna.com\/gl\/politica-de-privacidade\/#breadcrumb\",\"itemListElement\":[{\"@type\":\"ListItem\",\"position\":1,\"name\":\"Home\",\"item\":\"https:\/\/tranviascoruna.com\/\"},{\"@type\":\"ListItem\",\"position\":2,\"name\":\"Privacy policy\"}]},{\"@type\":\"WebSite\",\"@id\":\"https:\/\/tranviascoruna.com\/#website\",\"url\":\"https:\/\/tranviascoruna.com\/\",\"name\":\"Compa\u00f1\u00eda de Tranv\u00edas de La Coru\u00f1a\",\"description\":\"Compa\u00f1\u00eda de Tranv\u00edas de La Coru\u00f1a\",\"publisher\":{\"@id\":\"https:\/\/tranviascoruna.com\/#organization\"},\"potentialAction\":[{\"@type\":\"SearchAction\",\"target\":{\"@type\":\"EntryPoint\",\"urlTemplate\":\"https:\/\/tranviascoruna.com\/?s={search_term_string}\"},\"query-input\":{\"@type\":\"PropertyValueSpecification\",\"valueRequired\":true,\"valueName\":\"search_term_string\"}}],\"inLanguage\":\"en-US\"},{\"@type\":\"Organization\",\"@id\":\"https:\/\/tranviascoruna.com\/#organization\",\"name\":\"Compa\u00f1\u00eda de Tranv\u00edas de La Coru\u00f1a\",\"url\":\"https:\/\/tranviascoruna.com\/\",\"logo\":{\"@type\":\"ImageObject\",\"inLanguage\":\"en-US\",\"@id\":\"https:\/\/tranviascoruna.com\/#\/schema\/logo\/image\/\",\"url\":\"https:\/\/tranviascoruna.com\/wp-content\/uploads\/2021\/12\/Componente-50-\u2013-5.png\",\"contentUrl\":\"https:\/\/tranviascoruna.com\/wp-content\/uploads\/2021\/12\/Componente-50-\u2013-5.png\",\"width\":115,\"height\":116,\"caption\":\"Compa\u00f1\u00eda de Tranv\u00edas de La Coru\u00f1a\"},\"image\":{\"@id\":\"https:\/\/tranviascoruna.com\/#\/schema\/logo\/image\/\"}}]}<\/script>\n<!-- \/ Yoast SEO plugin. -->","yoast_head_json":{"title":"Privacy policy - Compa\u00f1\u00eda de Tranv\u00edas de La Coru\u00f1a","robots":{"index":"index","follow":"follow","max-snippet":"max-snippet:-1","max-image-preview":"max-image-preview:large","max-video-preview":"max-video-preview:-1"},"canonical":"https:\/\/tranviascoruna.com\/gl\/politica-de-privacidade\/","og_locale":"en_US","og_type":"article","og_title":"Privacy policy - Compa\u00f1\u00eda de Tranv\u00edas de La Coru\u00f1a","og_description":"Legal texts Introduction This Privacy Policy has been drawn up in accordance with the provision of the Organic Data Protection Law currently in force, as well as by Regulation 2016\/679 of the European Parliament and the Council of 27th April 2016 on the protection of natural persons with regard to the processing of personal data&hellip;","og_url":"https:\/\/tranviascoruna.com\/gl\/politica-de-privacidade\/","og_site_name":"Compa\u00f1\u00eda de Tranv\u00edas de La Coru\u00f1a","article_modified_time":"2025-07-02T09:01:33+00:00","twitter_card":"summary_large_image","twitter_misc":{"Est. reading time":"7 minutes"},"schema":{"@context":"https:\/\/schema.org","@graph":[{"@type":"WebPage","@id":"https:\/\/tranviascoruna.com\/gl\/politica-de-privacidade\/","url":"https:\/\/tranviascoruna.com\/gl\/politica-de-privacidade\/","name":"Privacy policy - Compa\u00f1\u00eda de Tranv\u00edas de La Coru\u00f1a","isPartOf":{"@id":"https:\/\/tranviascoruna.com\/#website"},"datePublished":"2018-04-27T13:18:17+00:00","dateModified":"2025-07-02T09:01:33+00:00","breadcrumb":{"@id":"https:\/\/tranviascoruna.com\/gl\/politica-de-privacidade\/#breadcrumb"},"inLanguage":"en-US","potentialAction":[{"@type":"ReadAction","target":["https:\/\/tranviascoruna.com\/gl\/politica-de-privacidade\/"]}]},{"@type":"BreadcrumbList","@id":"https:\/\/tranviascoruna.com\/gl\/politica-de-privacidade\/#breadcrumb","itemListElement":[{"@type":"ListItem","position":1,"name":"Home","item":"https:\/\/tranviascoruna.com\/"},{"@type":"ListItem","position":2,"name":"Privacy policy"}]},{"@type":"WebSite","@id":"https:\/\/tranviascoruna.com\/#website","url":"https:\/\/tranviascoruna.com\/","name":"Compa\u00f1\u00eda de Tranv\u00edas de La Coru\u00f1a","description":"Compa\u00f1\u00eda de Tranv\u00edas de La Coru\u00f1a","publisher":{"@id":"https:\/\/tranviascoruna.com\/#organization"},"potentialAction":[{"@type":"SearchAction","target":{"@type":"EntryPoint","urlTemplate":"https:\/\/tranviascoruna.com\/?s={search_term_string}"},"query-input":{"@type":"PropertyValueSpecification","valueRequired":true,"valueName":"search_term_string"}}],"inLanguage":"en-US"},{"@type":"Organization","@id":"https:\/\/tranviascoruna.com\/#organization","name":"Compa\u00f1\u00eda de Tranv\u00edas de La Coru\u00f1a","url":"https:\/\/tranviascoruna.com\/","logo":{"@type":"ImageObject","inLanguage":"en-US","@id":"https:\/\/tranviascoruna.com\/#\/schema\/logo\/image\/","url":"https:\/\/tranviascoruna.com\/wp-content\/uploads\/2021\/12\/Componente-50-\u2013-5.png","contentUrl":"https:\/\/tranviascoruna.com\/wp-content\/uploads\/2021\/12\/Componente-50-\u2013-5.png","width":115,"height":116,"caption":"Compa\u00f1\u00eda de Tranv\u00edas de La Coru\u00f1a"},"image":{"@id":"https:\/\/tranviascoruna.com\/#\/schema\/logo\/image\/"}}]}},"_links":{"self":[{"href":"https:\/\/tranviascoruna.com\/en\/wp-json\/wp\/v2\/pages\/3196","targetHints":{"allow":["GET"]}}],"collection":[{"href":"https:\/\/tranviascoruna.com\/en\/wp-json\/wp\/v2\/pages"}],"about":[{"href":"https:\/\/tranviascoruna.com\/en\/wp-json\/wp\/v2\/types\/page"}],"author":[{"embeddable":true,"href":"https:\/\/tranviascoruna.com\/en\/wp-json\/wp\/v2\/users\/15"}],"replies":[{"embeddable":true,"href":"https:\/\/tranviascoruna.com\/en\/wp-json\/wp\/v2\/comments?post=3196"}],"version-history":[{"count":3,"href":"https:\/\/tranviascoruna.com\/en\/wp-json\/wp\/v2\/pages\/3196\/revisions"}],"predecessor-version":[{"id":7476,"href":"https:\/\/tranviascoruna.com\/en\/wp-json\/wp\/v2\/pages\/3196\/revisions\/7476"}],"wp:attachment":[{"href":"https:\/\/tranviascoruna.com\/en\/wp-json\/wp\/v2\/media?parent=3196"}],"curies":[{"name":"wp","href":"https:\/\/api.w.org\/{rel}","templated":true}]}}