{"id":5185,"date":"2022-01-03T14:06:44","date_gmt":"2022-01-03T13:06:44","guid":{"rendered":"https:\/\/statramscoruna.wpengine.com\/?page_id=5185"},"modified":"2022-01-03T14:08:11","modified_gmt":"2022-01-03T13:08:11","slug":"politica-de-cookies","status":"publish","type":"page","link":"https:\/\/tranviascoruna.com\/en\/politica-de-cookies\/","title":{"rendered":"Pol\u00edtica de Cookies"},"content":{"rendered":"\t\t<div data-elementor-type=\"wp-page\" data-elementor-id=\"5185\" class=\"elementor elementor-5185\" data-elementor-post-type=\"page\">\n\t\t\t\t\t\t<section class=\"elementor-section elementor-top-section elementor-element elementor-element-f3f032d elementor-section-boxed elementor-section-height-default elementor-section-height-default\" data-id=\"f3f032d\" data-element_type=\"section\" data-e-type=\"section\">\n\t\t\t\t\t\t<div class=\"elementor-container elementor-column-gap-default\">\n\t\t\t\t\t<div class=\"elementor-column elementor-col-100 elementor-top-column elementor-element elementor-element-33345ab\" data-id=\"33345ab\" data-element_type=\"column\" data-e-type=\"column\">\n\t\t\t<div class=\"elementor-widget-wrap elementor-element-populated\">\n\t\t\t\t\t\t<div class=\"elementor-element elementor-element-7140956 elementor-widget elementor-widget-heading\" data-id=\"7140956\" data-element_type=\"widget\" data-e-type=\"widget\" data-widget_type=\"heading.default\">\n\t\t\t\t<div class=\"elementor-widget-container\">\n\t\t\t\t\t<p class=\"elementor-heading-title elementor-size-default\">Textos legales<\/p>\t\t\t\t<\/div>\n\t\t\t\t<\/div>\n\t\t\t\t<div class=\"elementor-element elementor-element-2debf8d elementor-widget elementor-widget-heading\" data-id=\"2debf8d\" data-element_type=\"widget\" data-e-type=\"widget\" data-widget_type=\"heading.default\">\n\t\t\t\t<div class=\"elementor-widget-container\">\n\t\t\t\t\t<h2 class=\"elementor-heading-title elementor-size-default\">Pol\u00edtica de Cookies<\/h2>\t\t\t\t<\/div>\n\t\t\t\t<\/div>\n\t\t\t\t\t<\/div>\n\t\t<\/div>\n\t\t\t\t\t<\/div>\n\t\t<\/section>\n\t\t\t\t<section class=\"elementor-section elementor-top-section elementor-element elementor-element-37e7df8 elementor-section-boxed elementor-section-height-default elementor-section-height-default\" data-id=\"37e7df8\" data-element_type=\"section\" data-e-type=\"section\">\n\t\t\t\t\t\t<div class=\"elementor-container elementor-column-gap-default\">\n\t\t\t\t\t<div class=\"elementor-column elementor-col-100 elementor-top-column elementor-element elementor-element-8b853ac\" data-id=\"8b853ac\" data-element_type=\"column\" data-e-type=\"column\">\n\t\t\t<div class=\"elementor-widget-wrap elementor-element-populated\">\n\t\t\t\t\t\t<div class=\"elementor-element elementor-element-c55d04f elementor-widget elementor-widget-heading\" data-id=\"c55d04f\" data-element_type=\"widget\" data-e-type=\"widget\" data-widget_type=\"heading.default\">\n\t\t\t\t<div class=\"elementor-widget-container\">\n\t\t\t\t\t<h3 class=\"elementor-heading-title elementor-size-default\">Que son as cookies?\n<\/h3>\t\t\t\t<\/div>\n\t\t\t\t<\/div>\n\t\t\t\t<div class=\"elementor-element elementor-element-4566021 elementor-widget elementor-widget-text-editor\" data-id=\"4566021\" data-element_type=\"widget\" data-e-type=\"widget\" data-widget_type=\"text-editor.default\">\n\t\t\t\t<div class=\"elementor-widget-container\">\n\t\t\t\t\t\t\t\t\t<p>Unha cookie \u00e9 un ficheiro ou dispositivo que se descarga no equipo terminal dun usuario coa finalidade de almacenar datos que poder\u00e1n ser actualizados e recuperados pola entidade responsable da s\u00faa instalaci\u00f3n. \u00c9 dicir, \u00e9 un ficheiro que se descarga no seu ordenador ao acceder a determinadas p\u00e1xinas web. As cookies perm\u00edtenlle a unha p\u00e1xina web, entre outras cousas, almacenar e recuperar informaci\u00f3n sobre os h\u00e1bitos de navegaci\u00f3n dun usuario ou do seu equipo e, dependendo da informaci\u00f3n que conte\u00f1an e da forma en que utilice o seu equipo, poden utilizarse para reco\u00f1ecer o usuario.<\/p><p>As s\u00faas principais funci\u00f3ns son:<br \/>\u2022 Levar o control de usuarios: cando un usuario introduce o seu nome de usuario e contrasinal, almac\u00e9nase unha cookie para que non te\u00f1a que estar a introducilas para cada p\u00e1xina do servidor. Non obstante, unha cookie non identifica apenas unha persoa, sen\u00f3n unha combinaci\u00f3n de computador-explorador-usuario.<br \/>\u2022 Conseguir informaci\u00f3n sobre os h\u00e1bitos de navegaci\u00f3n do usuario, e intentos de spyware (programas esp\u00eda) por parte de axencias de publicidade e outros. Isto pode causar problemas de privacidade e \u00e9 unha das raz\u00f3ns pola que as cookies te\u00f1en os seus detractores.<\/p><p>Existen diferentes tipos de cookies en funci\u00f3n, sobre todo, da finalidade para a que son utilizadas. As\u00ed, dist\u00ednguense, entre outras, as seguintes:<\/p><p>Cookies de an\u00e1lise: estas cookies util\u00edzanse para levar a cabo unha an\u00e1lise dos comportamentos e acci\u00f3ns dos usuarios da p\u00e1xina web, as\u00ed como para a elaboraci\u00f3n de perf\u00eds de navegaci\u00f3n co fin de realizar melloras t\u00e9cnicas de funcionamento e de servizo.<\/p><p>Cookies publicitarias: permiten unha xesti\u00f3n eficiente de espazos publicitarios con base nunha serie de criterios, por exemplo, verificar se o usuario tivo xa acceso ou non a unha noticia para proceder a actualizala cunha outra nova.<\/p><p>Cookies de publicidade comportamental: estas cookies enc\u00e1rganse de almacenar informaci\u00f3n do propio comportamento dos usuarios centr\u00e1ndose nos seus h\u00e1bitos de navegaci\u00f3n. Isto permite establecer perf\u00eds de usuario en funci\u00f3n do seu comportamento e utilizalos para personalizar a publicidade presentada.<\/p><p>Se o usuario desexa obter m\u00e1is informaci\u00f3n sobre as cookies pode consultar o seguinte sitio webwww.aboutcookies.org.Sus principales funciones son:<br \/>\u2022 Llevar el control de usuarios: cuando un usuario introduce su nombre de usuario y contrase\u00f1a, se almacena una cookie para que no tenga que estar introduci\u00e9ndolas para cada p\u00e1gina del servidor. Sin embargo, una cookie no identifica solo a una persona, sino a una combinaci\u00f3n de computador-navegador-usuario.<br \/>\u2022 Conseguir informaci\u00f3n sobre los h\u00e1bitos de navegaci\u00f3n del usuario, e intentos de spyware (programas esp\u00eda), por parte de agencias de publicidad y otros. Esto puede causar problemas de privacidad y es una de las razones por la que las cookies tienen sus detractores.<br \/>Existen diferentes tipos de cookies en funci\u00f3n, sobre todo, de la finalidad para la que son utilizadas, as\u00ed se distinguen, entre otras las siguientes:<br \/>Cookies de an\u00e1lisis: estas cookies se utilizan para llevar a cabo un an\u00e1lisis de los comportamientos y acciones de los usuarios de la p\u00e1gina web as\u00ed como para la elaboraci\u00f3n de perfiles de navegaci\u00f3n con el fin de realizar mejoras t\u00e9cnicas de funcionamiento y de servicio.<br \/>Cookies publicitarias: permiten una gesti\u00f3n eficiente de espacios publicitarios en base a una serie de criterios, por ejemplo, verificar si el usuario ha tenido ya acceso o no a una noticia para proceder a actualizarla con una otra nueva.<br \/>Cookies de publicidad comportamental: estas cookies se encargan de almacenar informaci\u00f3n del propio comportamiento de los usuarios centr\u00e1ndose en sus h\u00e1bitos de navegaci\u00f3n. Esto permite establecer perfiles de usuario en funci\u00f3n de su comportamiento y utilizarlos para personalizar la publicidad presentada.<br \/>Si el usuario desea obtener m\u00e1s informaci\u00f3n sobre las cookies puede consultar el siguiente sitio web www.aboutcookies.org.<\/p>\t\t\t\t\t\t\t\t<\/div>\n\t\t\t\t<\/div>\n\t\t\t\t<div class=\"elementor-element elementor-element-8761580 elementor-widget elementor-widget-heading\" data-id=\"8761580\" data-element_type=\"widget\" data-e-type=\"widget\" data-widget_type=\"heading.default\">\n\t\t\t\t<div class=\"elementor-widget-container\">\n\t\t\t\t\t<h3 class=\"elementor-heading-title elementor-size-default\">Que tipo de cookies utiliza esta p\u00e1xina web?\n<\/h3>\t\t\t\t<\/div>\n\t\t\t\t<\/div>\n\t\t\t\t<div class=\"elementor-element elementor-element-665ddb4 elementor-widget elementor-widget-text-editor\" data-id=\"665ddb4\" data-element_type=\"widget\" data-e-type=\"widget\" data-widget_type=\"text-editor.default\">\n\t\t\t\t<div class=\"elementor-widget-container\">\n\t\t\t\t\t\t\t\t\t<p>A presente p\u00e1xina web est\u00e1 a utilizar cookies que permiten facilitarlle ao usuario o uso e a navegaci\u00f3n a trav\u00e9s desta, garantir o acceso a determinados servizos, as\u00ed como mellorar a configuraci\u00f3n funcional da web.<\/p><p>Concretamente, esta p\u00e1xina web utiliza as seguintes cookies:<br \/>Cookies propias<br \/>PHPSESSID: a cookie PHPSESSID \u00e9 nativa de PHP e perm\u00edtelles aos sitios web almacenar datos de estado serializados. No sitio web util\u00edzase para establecer unha sesi\u00f3n de usuario e para pasar os datos de estado a trav\u00e9s dunha cookie temporal, que se co\u00f1ece comunmente como unha cookie de sesi\u00f3n. Estas cookies s\u00f3 permanecer\u00e1n no seu equipo ata que peche o explorador.<br \/>FRONTEND: estas cookies util\u00edzanse para poder personalizar a portada da web.<\/p><p>Cookies de terceiros<br \/>Google Analytics (__utma, __utmb, __utmc, __utmz, _ga): estas cookies util\u00edzanse para recoller informaci\u00f3n sobre o uso do noso sitio web por parte dos visitantes. Utilizamos a informaci\u00f3n para elaborar informes e mellorar o sitio. As cookies recompilan informaci\u00f3n de forma an\u00f3nima, que incl\u00fae o n\u00famero de visitantes ao sitio, o lugar de procedencia ao sitio dos visitantes e as p\u00e1xinas visitadas. M\u00e1is informaci\u00f3n en Tipos de cookies que utiliza Google Tipos de cookies que utiliza Google Analytics<br \/>Twitter Social Plugins (__utma, __utmb, __utmc, __utmz, _twitter_sess, external_sess, guest_id, tz_offset_set): perm\u00edtenlle ao usuario compartir contidos do seu interese co seu c\u00edrculo social. As cookies utilizadas por redes sociais evitan que o usuario te\u00f1a que introducir novamente os seus datos para compartir os ditos contidos. Estes bot\u00f3ns non te\u00f1en acceso aos datos introducidos polos usuarios ao compartir un contido nunha rede social. M\u00e1is informaci\u00f3n en Pol\u00edtica de Protecci\u00f3n de Datos de Twitter.<br \/>Google Plus Social Plugins (NID,PREF): perm\u00edtenlle ao usuario compartir contidos do seu interese co seu c\u00edrculo social. As cookies utilizadas por redes sociais evitan que o usuario te\u00f1a que introducir novamente os seus datos para compartir os ditos contidos. Estes bot\u00f3ns non te\u00f1en acceso aos datos introducidos polos usuarios ao compartir un contido nunha rede social. M\u00e1is informaci\u00f3n en Tipos de cookies que utiliza Google.<br \/>Facebook Social Plugins (datr, reg_ext_ref, reg_fb_gate, reg_fb_ref, wd): perm\u00edtenlle ao usuario compartir contidos do seu interese co seu c\u00edrculo social. As cookies utilizadas por redes sociais evitan que o usuario te\u00f1a que introducir novamente os seus datos para compartir os ditos contidos. Estes bot\u00f3ns non te\u00f1en acceso aos datos introducidos polos usuarios ao compartir un contido nunha rede social. M\u00e1is informaci\u00f3n en Cookies, p\u00edxeles e outras tecnolox\u00edas similares de Facebook<br \/>Adsense(id, _drt_, FLC, NID): estas cookies util\u00edzanse para saber como acceden as persoas \u00e1s nosas campa\u00f1as de publicidade dixital. Perm\u00edtennos co\u00f1ecer e avaliar os clics na nosa publicidade para podermos mellorar o servizo que vostede recibe. M\u00e1is informaci\u00f3n en Tipos de cookies que utiliza Google.<br \/>Youtube(ACTIVITY, APISID, HSID, LOGIN_INFO, PREF, SID, VISITOR_INFO1_LIVE, YSC, demographics, dkv): util\u00edzase YouTube para ofrecer v\u00eddeos \u00fatiles ou v\u00eddeos informativos. Youtube almacena informaci\u00f3n para poder xerar estat\u00edsticas sobre as visitas de v\u00eddeos incrustados noutras p\u00e1xinas. M\u00e1is informaci\u00f3n en Tipos de cookies que utiliza Google.<br \/>Google Maps (APISID, HSID, NID, PREF, S, SAPISID, SID, SSID, S_awfe, khcookie): mostrar onde est\u00e1n as oficinas dos nosos diferentes servizos mediante Google Maps. M\u00e1is informaci\u00f3n en Tipos de cookies que utiliza Google.<br \/>As cookies ofr\u00e9cenche a posibilidade de aproveitar moitas das funci\u00f3ns esenciais da nosa web. Por todo iso, hai determinadas cookies que non poder\u00e1s eliminar se desexas realizar determinadas acci\u00f3ns ou queres que Compa\u00f1\u00eda de Tranv\u00edas de La Coru\u00f1a, S.A. che preste un servizo concreto. Revogaci\u00f3n e eliminaci\u00f3n de cookies. Podes permitir, bloquear ou eliminar as cookies instaladas no teu equipo mediante a configuraci\u00f3n das opci\u00f3ns do explorador instalado no teu ordenador. No caso de que non permitas a instalaci\u00f3n de cookies no teu explorador, \u00e9 posible que non poidas acceder a algunha das secci\u00f3ns das nosas web, non podendo acceder a todas as funcionalidades desta. A desactivaci\u00f3n e\/ou eliminaci\u00f3n das cookies real\u00edzase de forma diferente en funci\u00f3n do explorador que utilice. Para m\u00e1is informaci\u00f3n sobre como bloquear o uso das cookies podes visitar as seguintes ligaz\u00f3ns:<br \/>\u2022Internet Explorer: Ferramentas -&gt; Opci\u00f3ns de Internet -&gt; Privacidade -&gt; Configuraci\u00f3n. Para m\u00e1is informaci\u00f3n, podes consultar o soporte de Microsoft ou a Axuda do explorador.<br \/>\u2022Firefox: Configuraci\u00f3n -&gt; Privacidade -&gt; Historial. Para m\u00e1is informaci\u00f3n, podes consultar o soporte de Mozilla ou a Axuda do explorador.<br \/>\u2022Chrome: Configuraci\u00f3n -&gt; Mostrar opci\u00f3ns avanzadas -&gt; Privacidade -&gt; Configuraci\u00f3n de contidos. Para m\u00e1is informaci\u00f3n, podes consultar o soporte de Google ou a Axuda do explorador.<br \/>\u2022Safari: Preferencias -&gt; Privacidade. Para m\u00e1is informaci\u00f3n, podes consultar o soporte de Apple ou a Axuda do explorador.<br \/>\u2022Para acceder \u00e1 configuraci\u00f3n de cookies do explorador para dispositivos Android sigue estes pasos (poden variar en funci\u00f3n da versi\u00f3n do explorador): executa o explorador e preme a tecla Men\u00fa -&gt; Axustes. Vai a Seguridade e Privacidade -&gt; Aceptar cookies para que active ou desactive a casa.<br \/>\u2022Para acceder \u00e1 configuraci\u00f3n de cookies do explorador para dispositivos Windows Phone sigue estes pasos (poden variar en funci\u00f3n da versi\u00f3n do explorador): abre Internet Explorer -&gt; M\u00e1is -&gt; Configuraci\u00f3n. Agora podes activar ou desactivar a casa Permitir cookies.<\/p>\t\t\t\t\t\t\t\t<\/div>\n\t\t\t\t<\/div>\n\t\t\t\t<div class=\"elementor-element elementor-element-c297864 elementor-widget elementor-widget-heading\" data-id=\"c297864\" data-element_type=\"widget\" data-e-type=\"widget\" data-widget_type=\"heading.default\">\n\t\t\t\t<div class=\"elementor-widget-container\">\n\t\t\t\t\t<h3 class=\"elementor-heading-title elementor-size-default\">Como xestionar a configuraci\u00f3n das cookies?\n<\/h3>\t\t\t\t<\/div>\n\t\t\t\t<\/div>\n\t\t\t\t<div class=\"elementor-element elementor-element-df73fcf elementor-widget elementor-widget-text-editor\" data-id=\"df73fcf\" data-element_type=\"widget\" data-e-type=\"widget\" data-widget_type=\"text-editor.default\">\n\t\t\t\t<div class=\"elementor-widget-container\">\n\t\t\t\t\t\t\t\t\t<p>No presente apartado faise unha breve exposici\u00f3n de como consultar e levar a cabo a configuraci\u00f3n do sistema de cookies en relaci\u00f3n cos exploradores m\u00e1is com\u00fans ou m\u00e1is utilizados polos usuarios.<\/p>\n<p>Neste sentido, practicamente todos os exploradores perm\u00edtenlle ao usuario obter informaci\u00f3n xeral sobre as cookies instaladas nunha p\u00e1xina web, concretamente verificar a existencia destas, a s\u00faa duraci\u00f3n ou o sistema de eliminaci\u00f3n. Neste sentido, a t\u00edtulo informativo, facil\u00edtanse unha serie de ligaz\u00f3ns relacionadas:<br>\n\u2212 Google Chrome<br>\n\u2212 Mozilla Firefox<br>\n\u2212 Internet Explorer<\/p>\n<p>Por outra banda, o usuario poder\u00e1 permitir, bloquear ou eliminar as cookies instaladas no seu equipo modificando a configuraci\u00f3n do seu explorador conforme as instruci\u00f3ns indicadas neste. A t\u00edtulo informativo ind\u00edcase que habitualmente a configuraci\u00f3n das cookies se adoita levar a cabo no men\u00fa \u201cPreferencias\u201d ou \u201cFerramentas\u201d de cada explorador. En calquera caso, sempre poder\u00e1 acudir \u00e1 axuda do seu explorador para solucionar as d\u00fabidas que lle xurdan ao respecto.<\/p>\n<p>Conv\u00e9n ter en conta que, se se impide a instalaci\u00f3n de todas as cookies, o contido da web e determinadas funcionalidades e servizos facilitados por esta poden verse afectados.<\/p>\t\t\t\t\t\t\t\t<\/div>\n\t\t\t\t<\/div>\n\t\t\t\t\t<\/div>\n\t\t<\/div>\n\t\t\t\t\t<\/div>\n\t\t<\/section>\n\t\t\t\t<\/div>\n\t\t","protected":false},"excerpt":{"rendered":"<p>Textos legales Que son as cookies? Unha cookie \u00e9 un ficheiro ou dispositivo que se descarga no equipo terminal dun usuario coa finalidade de almacenar datos que poder\u00e1n ser actualizados e recuperados pola entidade responsable da s\u00faa instalaci\u00f3n. \u00c9 dicir, \u00e9 un ficheiro que se descarga no seu ordenador ao acceder a determinadas p\u00e1xinas web.&hellip;<\/p>\n","protected":false},"author":15,"featured_media":0,"parent":0,"menu_order":0,"comment_status":"closed","ping_status":"closed","template":"elementor_header_footer","meta":{"_acf_changed":false,"footnotes":"","_wpscp_schedule_draft_date":"","_wpscp_schedule_republish_date":"","_wpscppro_advance_schedule":false,"_wpscppro_advance_schedule_date":"","_wpscppro_dont_share_socialmedia":false,"_wpscppro_custom_social_share_image":0,"_facebook_share_type":"","_twitter_share_type":"","_linkedin_share_type":"","_pinterest_share_type":"","_linkedin_share_type_page":"","_instagram_share_type":"","_medium_share_type":"","_threads_share_type":"","_google_business_share_type":"","_selected_social_profile":[],"_wpsp_enable_custom_social_template":false,"_wpsp_social_scheduling":{"enabled":false,"datetime":null,"platforms":[],"status":"template_only","dateOption":"today","timeOption":"now","customDays":"","customHours":"","customDate":"","customTime":"","schedulingType":"absolute"},"_wpsp_active_default_template":true},"class_list":["post-5185","page","type-page","status-publish","hentry"],"acf":[],"yoast_head":"<!-- This site is optimized with the Yoast SEO plugin v27.1 - https:\/\/yoast.com\/product\/yoast-seo-wordpress\/ -->\n<title>Pol\u00edtica de Cookies - Compa\u00f1\u00eda de Tranv\u00edas de La Coru\u00f1a<\/title>\n<meta name=\"robots\" content=\"index, follow, max-snippet:-1, max-image-preview:large, max-video-preview:-1\" \/>\n<link rel=\"canonical\" href=\"https:\/\/tranviascoruna.com\/en\/politica-de-cookies\/\" \/>\n<meta property=\"og:locale\" content=\"en_US\" \/>\n<meta property=\"og:type\" content=\"article\" \/>\n<meta property=\"og:title\" content=\"Pol\u00edtica de Cookies - Compa\u00f1\u00eda de Tranv\u00edas de La Coru\u00f1a\" \/>\n<meta property=\"og:description\" content=\"Textos legales Que son as cookies? Unha cookie \u00e9 un ficheiro ou dispositivo que se descarga no equipo terminal dun usuario coa finalidade de almacenar datos que poder\u00e1n ser actualizados e recuperados pola entidade responsable da s\u00faa instalaci\u00f3n. \u00c9 dicir, \u00e9 un ficheiro que se descarga no seu ordenador ao acceder a determinadas p\u00e1xinas web.&hellip;\" \/>\n<meta property=\"og:url\" content=\"https:\/\/tranviascoruna.com\/en\/politica-de-cookies\/\" \/>\n<meta property=\"og:site_name\" content=\"Compa\u00f1\u00eda de Tranv\u00edas de La Coru\u00f1a\" \/>\n<meta property=\"article:modified_time\" content=\"2022-01-03T13:08:11+00:00\" \/>\n<meta name=\"twitter:card\" content=\"summary_large_image\" \/>\n<meta name=\"twitter:label1\" content=\"Est. reading time\" \/>\n\t<meta name=\"twitter:data1\" content=\"8 minutes\" \/>\n<script type=\"application\/ld+json\" class=\"yoast-schema-graph\">{\"@context\":\"https:\/\/schema.org\",\"@graph\":[{\"@type\":\"WebPage\",\"@id\":\"https:\/\/tranviascoruna.com\/en\/politica-de-cookies\/\",\"url\":\"https:\/\/tranviascoruna.com\/en\/politica-de-cookies\/\",\"name\":\"Pol\u00edtica de Cookies - Compa\u00f1\u00eda de Tranv\u00edas de La Coru\u00f1a\",\"isPartOf\":{\"@id\":\"https:\/\/tranviascoruna.com\/#website\"},\"datePublished\":\"2022-01-03T13:06:44+00:00\",\"dateModified\":\"2022-01-03T13:08:11+00:00\",\"breadcrumb\":{\"@id\":\"https:\/\/tranviascoruna.com\/en\/politica-de-cookies\/#breadcrumb\"},\"inLanguage\":\"en-US\",\"potentialAction\":[{\"@type\":\"ReadAction\",\"target\":[\"https:\/\/tranviascoruna.com\/en\/politica-de-cookies\/\"]}]},{\"@type\":\"BreadcrumbList\",\"@id\":\"https:\/\/tranviascoruna.com\/en\/politica-de-cookies\/#breadcrumb\",\"itemListElement\":[{\"@type\":\"ListItem\",\"position\":1,\"name\":\"Home\",\"item\":\"https:\/\/tranviascoruna.com\/\"},{\"@type\":\"ListItem\",\"position\":2,\"name\":\"Pol\u00edtica de Cookies\"}]},{\"@type\":\"WebSite\",\"@id\":\"https:\/\/tranviascoruna.com\/#website\",\"url\":\"https:\/\/tranviascoruna.com\/\",\"name\":\"Compa\u00f1\u00eda de Tranv\u00edas de La Coru\u00f1a\",\"description\":\"Compa\u00f1\u00eda de Tranv\u00edas de La Coru\u00f1a\",\"publisher\":{\"@id\":\"https:\/\/tranviascoruna.com\/#organization\"},\"potentialAction\":[{\"@type\":\"SearchAction\",\"target\":{\"@type\":\"EntryPoint\",\"urlTemplate\":\"https:\/\/tranviascoruna.com\/?s={search_term_string}\"},\"query-input\":{\"@type\":\"PropertyValueSpecification\",\"valueRequired\":true,\"valueName\":\"search_term_string\"}}],\"inLanguage\":\"en-US\"},{\"@type\":\"Organization\",\"@id\":\"https:\/\/tranviascoruna.com\/#organization\",\"name\":\"Compa\u00f1\u00eda de Tranv\u00edas de La Coru\u00f1a\",\"url\":\"https:\/\/tranviascoruna.com\/\",\"logo\":{\"@type\":\"ImageObject\",\"inLanguage\":\"en-US\",\"@id\":\"https:\/\/tranviascoruna.com\/#\/schema\/logo\/image\/\",\"url\":\"https:\/\/tranviascoruna.com\/wp-content\/uploads\/2021\/12\/Componente-50-\u2013-5.png\",\"contentUrl\":\"https:\/\/tranviascoruna.com\/wp-content\/uploads\/2021\/12\/Componente-50-\u2013-5.png\",\"width\":115,\"height\":116,\"caption\":\"Compa\u00f1\u00eda de Tranv\u00edas de La Coru\u00f1a\"},\"image\":{\"@id\":\"https:\/\/tranviascoruna.com\/#\/schema\/logo\/image\/\"}}]}<\/script>\n<!-- \/ Yoast SEO plugin. -->","yoast_head_json":{"title":"Pol\u00edtica de Cookies - Compa\u00f1\u00eda de Tranv\u00edas de La Coru\u00f1a","robots":{"index":"index","follow":"follow","max-snippet":"max-snippet:-1","max-image-preview":"max-image-preview:large","max-video-preview":"max-video-preview:-1"},"canonical":"https:\/\/tranviascoruna.com\/en\/politica-de-cookies\/","og_locale":"en_US","og_type":"article","og_title":"Pol\u00edtica de Cookies - Compa\u00f1\u00eda de Tranv\u00edas de La Coru\u00f1a","og_description":"Textos legales Que son as cookies? Unha cookie \u00e9 un ficheiro ou dispositivo que se descarga no equipo terminal dun usuario coa finalidade de almacenar datos que poder\u00e1n ser actualizados e recuperados pola entidade responsable da s\u00faa instalaci\u00f3n. \u00c9 dicir, \u00e9 un ficheiro que se descarga no seu ordenador ao acceder a determinadas p\u00e1xinas web.&hellip;","og_url":"https:\/\/tranviascoruna.com\/en\/politica-de-cookies\/","og_site_name":"Compa\u00f1\u00eda de Tranv\u00edas de La Coru\u00f1a","article_modified_time":"2022-01-03T13:08:11+00:00","twitter_card":"summary_large_image","twitter_misc":{"Est. reading time":"8 minutes"},"schema":{"@context":"https:\/\/schema.org","@graph":[{"@type":"WebPage","@id":"https:\/\/tranviascoruna.com\/en\/politica-de-cookies\/","url":"https:\/\/tranviascoruna.com\/en\/politica-de-cookies\/","name":"Pol\u00edtica de Cookies - Compa\u00f1\u00eda de Tranv\u00edas de La Coru\u00f1a","isPartOf":{"@id":"https:\/\/tranviascoruna.com\/#website"},"datePublished":"2022-01-03T13:06:44+00:00","dateModified":"2022-01-03T13:08:11+00:00","breadcrumb":{"@id":"https:\/\/tranviascoruna.com\/en\/politica-de-cookies\/#breadcrumb"},"inLanguage":"en-US","potentialAction":[{"@type":"ReadAction","target":["https:\/\/tranviascoruna.com\/en\/politica-de-cookies\/"]}]},{"@type":"BreadcrumbList","@id":"https:\/\/tranviascoruna.com\/en\/politica-de-cookies\/#breadcrumb","itemListElement":[{"@type":"ListItem","position":1,"name":"Home","item":"https:\/\/tranviascoruna.com\/"},{"@type":"ListItem","position":2,"name":"Pol\u00edtica de Cookies"}]},{"@type":"WebSite","@id":"https:\/\/tranviascoruna.com\/#website","url":"https:\/\/tranviascoruna.com\/","name":"Compa\u00f1\u00eda de Tranv\u00edas de La Coru\u00f1a","description":"Compa\u00f1\u00eda de Tranv\u00edas de La Coru\u00f1a","publisher":{"@id":"https:\/\/tranviascoruna.com\/#organization"},"potentialAction":[{"@type":"SearchAction","target":{"@type":"EntryPoint","urlTemplate":"https:\/\/tranviascoruna.com\/?s={search_term_string}"},"query-input":{"@type":"PropertyValueSpecification","valueRequired":true,"valueName":"search_term_string"}}],"inLanguage":"en-US"},{"@type":"Organization","@id":"https:\/\/tranviascoruna.com\/#organization","name":"Compa\u00f1\u00eda de Tranv\u00edas de La Coru\u00f1a","url":"https:\/\/tranviascoruna.com\/","logo":{"@type":"ImageObject","inLanguage":"en-US","@id":"https:\/\/tranviascoruna.com\/#\/schema\/logo\/image\/","url":"https:\/\/tranviascoruna.com\/wp-content\/uploads\/2021\/12\/Componente-50-\u2013-5.png","contentUrl":"https:\/\/tranviascoruna.com\/wp-content\/uploads\/2021\/12\/Componente-50-\u2013-5.png","width":115,"height":116,"caption":"Compa\u00f1\u00eda de Tranv\u00edas de La Coru\u00f1a"},"image":{"@id":"https:\/\/tranviascoruna.com\/#\/schema\/logo\/image\/"}}]}},"_links":{"self":[{"href":"https:\/\/tranviascoruna.com\/en\/wp-json\/wp\/v2\/pages\/5185","targetHints":{"allow":["GET"]}}],"collection":[{"href":"https:\/\/tranviascoruna.com\/en\/wp-json\/wp\/v2\/pages"}],"about":[{"href":"https:\/\/tranviascoruna.com\/en\/wp-json\/wp\/v2\/types\/page"}],"author":[{"embeddable":true,"href":"https:\/\/tranviascoruna.com\/en\/wp-json\/wp\/v2\/users\/15"}],"replies":[{"embeddable":true,"href":"https:\/\/tranviascoruna.com\/en\/wp-json\/wp\/v2\/comments?post=5185"}],"version-history":[{"count":0,"href":"https:\/\/tranviascoruna.com\/en\/wp-json\/wp\/v2\/pages\/5185\/revisions"}],"wp:attachment":[{"href":"https:\/\/tranviascoruna.com\/en\/wp-json\/wp\/v2\/media?parent=5185"}],"curies":[{"name":"wp","href":"https:\/\/api.w.org\/{rel}","templated":true}]}}