{"id":3075,"date":"2012-10-26T09:09:03","date_gmt":"2012-10-26T09:09:03","guid":{"rendered":"https:\/\/tranviascoruna.com\/contacto\/"},"modified":"2022-01-03T14:11:03","modified_gmt":"2022-01-03T13:11:03","slug":"contacto","status":"publish","type":"page","link":"https:\/\/tranviascoruna.com\/gl\/contacto\/","title":{"rendered":"Contacto"},"content":{"rendered":"<p>Atenci\u00f3n al viajero<\/p>\n<h2>\u00bfAlguna duda? Contacta con nosotros<\/h2>\n<h6>Direcci\u00f3n<\/h6>\n<p>Carretera Fuertes, n\u00ba 4 CP 15.011, La Coru\u00f1a<\/p>\n<h6>S\u00edguenos<\/h6>\n<p>\t\t\t\t\t<a href=\"https:\/\/www.instagram.com\/tranviascoruna\/\" target=\"_blank\" rel=\"noopener\"><br \/>\n\t\t\t\t\t\t<svg xmlns=\"http:\/\/www.w3.org\/2000\/svg\" id=\"ig\" width=\"33.929\" height=\"33.929\" viewBox=\"0 0 33.929 33.929\"><rect id=\"Rect&#xE1;ngulo_1560\" data-name=\"Rect&#xE1;ngulo 1560\" width=\"33.929\" height=\"33.929\" rx=\"3\" fill=\"#e61c29\"><\/rect><g id=\"Componente_77\" data-name=\"Componente 77\" transform=\"translate(9 9)\"><path id=\"insta\" d=\"M-257.124,383.958q0,3.071,0,6.142a1.6,1.6,0,0,1-1.776,1.787q-6.221,0-12.441,0a1.593,1.593,0,0,1-1.752-1.763q-.005-6.221,0-12.441a1.6,1.6,0,0,1,1.755-1.765q6.221-.005,12.441,0a1.6,1.6,0,0,1,1.772,1.794Q-257.122,380.835-257.124,383.958Zm-14.366-.812c0,2.192,0,4.324,0,6.455,0,.6.091.689.706.689q5.666,0,11.332,0c.65,0,.731-.079.732-.716q0-2.991,0-5.981c0-.149-.022-.3-.032-.423h-1.59A4.841,4.841,0,0,1-264.8,388.7a4.557,4.557,0,0,1-3.395-1.13,4.86,4.86,0,0,1-1.678-4.419Zm9.567.754a3.179,3.179,0,0,0-3.172-3.174,3.179,3.179,0,0,0-3.19,3.157,3.192,3.192,0,0,0,3.2,3.207A3.2,3.2,0,0,0-261.923,383.9Zm1.993-4c1.229-.006,1.225.168,1.211-1.226,0-.017,0-.035,0-.052,0-1.1,0-1.1-1.131-1.105-1.379,0-1.249-.088-1.253,1.234C-261.107,380.01-261.171,379.908-259.929,379.9Z\" transform=\"translate(273.096 -375.916)\" fill=\"#fff\"><\/path><\/g><\/svg>\t\t\t\t\t<\/a><br \/>\n\t\t\t\t\t<a href=\"https:\/\/www.instagram.com\/tranviascoruna\/\" target=\"_blank\" rel=\"noopener\"><br \/>\n\t\t\t\t\t\t<svg xmlns=\"http:\/\/www.w3.org\/2000\/svg\" id=\"twitter\" width=\"33.929\" height=\"33.929\" viewBox=\"0 0 33.929 33.929\"><rect id=\"Rect&#xE1;ngulo_1575\" data-name=\"Rect&#xE1;ngulo 1575\" width=\"33.929\" height=\"33.929\" rx=\"3\" fill=\"#e61c29\"><\/rect><path id=\"Trazado_7470\" data-name=\"Trazado 7470\" d=\"M735.122,341.5a5.859,5.859,0,0,1-1.077,1.239,1.156,1.156,0,0,1-.22.185.553.553,0,0,0-.28.578,9.335,9.335,0,0,1-2.054,5.9,9.324,9.324,0,0,1-7.18,3.42,9.489,9.489,0,0,1-3.669-.771,7.113,7.113,0,0,1-1.23-.673,6.733,6.733,0,0,0,4.7-1.363,3.321,3.321,0,0,1-3.028-2.263c.161.014.294.019.424.038a2.936,2.936,0,0,0,.763-.039c.037,0,.085,0,.091-.046s-.046-.052-.078-.066a5.135,5.135,0,0,1-.781-.365,3.2,3.2,0,0,1-1.535-2.526c-.024-.287-.024-.287.244-.161a3.063,3.063,0,0,0,1.143.271c.012-.051-.035-.06-.062-.08a3.218,3.218,0,0,1-1.311-2.778,3.129,3.129,0,0,1,.375-1.362c.055-.105.088-.085.152-.009a9.173,9.173,0,0,0,4.732,3.006,8.428,8.428,0,0,0,1.717.278c.123.007.149-.021.128-.147a3.179,3.179,0,0,1,.8-2.77,3.136,3.136,0,0,1,1.955-1.029,3.2,3.2,0,0,1,2.746.92.192.192,0,0,0,.2.049,6.578,6.578,0,0,0,1.746-.656c.051-.027.1-.053.187-.1a3.386,3.386,0,0,1-1.338,1.758,5.485,5.485,0,0,0,1.122-.233,4.159,4.159,0,0,1,.619-.2Z\" transform=\"translate(-710.411 -328.928)\" fill=\"#fff\"><\/path><\/svg>\t\t\t\t\t<\/a><br \/>\n\t\t\t\t\t<a href=\"https:\/\/www.facebook.com\/tranviascoruna\" target=\"_blank\" rel=\"noopener\"><br \/>\n\t\t\t\t\t\t<svg xmlns=\"http:\/\/www.w3.org\/2000\/svg\" id=\"face\" width=\"33.929\" height=\"33.929\" viewBox=\"0 0 33.929 33.929\"><rect id=\"Rect&#xE1;ngulo_1576\" data-name=\"Rect&#xE1;ngulo 1576\" width=\"33.929\" height=\"33.929\" rx=\"3\" fill=\"#e61c29\"><\/rect><g id=\"Componente_78\" data-name=\"Componente 78\" transform=\"translate(13 9)\"><path id=\"face-2\" data-name=\"face\" d=\"M-1213.16,560.752v-2.916c.41,0,.805-.018,1.2.006.285.017.345-.094.351-.358a18.463,18.463,0,0,1,.12-2.371,2.847,2.847,0,0,1,2.681-2.452c.958-.065,1.923-.043,2.885-.066.2,0,.256.081.254.269q-.01,1.192,0,2.383c0,.2-.082.259-.267.257-.506-.006-1.013,0-1.519,0a.59.59,0,0,0-.667.655c-.008.467.006.934-.007,1.4-.007.233.095.284.3.281.615-.01,1.231,0,1.847,0h.381c-.088.985-.172,1.934-.259,2.916h-1.846c-.424,0-.424,0-.424.422q0,3.619,0,7.239c0,.44,0,.441-.45.441h-2.621c-.414,0-.418,0-.418-.412q0-3.649,0-7.3c0-.39,0-.39-.4-.39Z\" transform=\"translate(1213.16 -552.594)\" fill=\"#fff\"><\/path><\/g><\/svg>\t\t\t\t\t<\/a><\/p>\n<h6>Tel\u00e9fono<\/h6>\n<p><a href=\"http:\/\/+34981250100\">981 250 100<\/a><\/p>\n<h6>Fax<\/h6>\n<p>981 253 016<\/p>\n<h6>Mail<\/h6>\n<p><a href=\"http:\/\/correo@tranviascoruna.com\" target=\"_blank\" rel=\"noopener\">correo@tranviascoruna.com<\/a><\/p>\n<p>\t\t\t\t<svg xmlns=\"http:\/\/www.w3.org\/2000\/svg\" id=\"call\" width=\"40\" height=\"40\" viewBox=\"0 0 40 40\"><rect id=\"Rect&#xE1;ngulo_1560\" data-name=\"Rect&#xE1;ngulo 1560\" width=\"40\" height=\"40\" rx=\"3\" fill=\"#e61c29\"><\/rect><path id=\"Trazado_7452\" data-name=\"Trazado 7452\" d=\"M-501.94-214.045c-1.494-.609-2.97-1.255-4.446-1.9a.972.972,0,0,0-1.305.307c-.533.673-1.1,1.325-1.649,1.986a.708.708,0,0,1-.865.279,14.789,14.789,0,0,1-7.98-6.272.694.694,0,0,1,.112-.951c.49-.507.947-1.042,1.448-1.539a1.038,1.038,0,0,0,.226-1.33c-.553-1.152-1.135-2.3-1.6-3.48-.364-.932-.887-1.487-1.932-1.27a2.4,2.4,0,0,0-1.918.421,5.527,5.527,0,0,0-2.041,6,13.182,13.182,0,0,0,2.98,5.268,23.661,23.661,0,0,0,11.955,7.75c3.266.907,7.03-.28,7.645-4.051A.943.943,0,0,0-501.94-214.045Z\" transform=\"translate(532.686 238.376)\" fill=\"#fff\"><\/path><\/svg>\t\t\t\t<\/p>\n<h6>\n\t\t\t\t\t\t981 250 100<br \/>\n\t\t\t\t<\/h6>\n<p>\n\t\t\t\t\t\tHorario: de lunes a viernes de 07:00h a 23:00h\t\t\t\t\t<\/p>\n<h2>Escr\u00edbenos<\/h2>\n<h2>D\u00f3nde estamos<\/h2>\n<p>\t\t\t<iframe frameborder=\"0\" scrolling=\"no\" marginheight=\"0\" marginwidth=\"0\"\n\t\t\t\t\tsrc=\"https:\/\/maps.google.com\/maps?q=compa%C3%B1ia%20de%20tranvias%20de%20a%20coru%C3%B1a&#038;t=m&#038;z=14&#038;output=embed&#038;iwloc=near\"\n\t\t\t\t\ttitle=\"compa\u00f1ia de tranvias de a coru\u00f1a\"\n\t\t\t\t\taria-label=\"compa\u00f1ia de tranvias de a coru\u00f1a\"\n\t\t\t><\/iframe><\/p>\n","protected":false},"excerpt":{"rendered":"<p>Atenci\u00f3n al viajero \u00bfAlguna duda? Contacta con nosotros Direcci\u00f3n Carretera Fuertes, n\u00ba 4 CP 15.011, La Coru\u00f1a S\u00edguenos Tel\u00e9fono 981 250 100 Fax 981 253 016 Mail correo@tranviascoruna.com 981 250 100 Horario: de lunes a viernes de 07:00h a 23:00h Escr\u00edbenos D\u00f3nde estamos<\/p>\n","protected":false},"author":1,"featured_media":0,"parent":0,"menu_order":0,"comment_status":"closed","ping_status":"open","template":"","meta":{"_acf_changed":false,"footnotes":"","_wpscp_schedule_draft_date":"","_wpscp_schedule_republish_date":"","_wpscppro_advance_schedule":false,"_wpscppro_advance_schedule_date":"","_wpscppro_dont_share_socialmedia":false,"_wpscppro_custom_social_share_image":0,"_facebook_share_type":"","_twitter_share_type":"","_linkedin_share_type":"","_pinterest_share_type":"","_linkedin_share_type_page":"","_instagram_share_type":"","_medium_share_type":"","_threads_share_type":"","_google_business_share_type":"","_selected_social_profile":[],"_wpsp_enable_custom_social_template":false,"_wpsp_social_scheduling":{"enabled":false,"datetime":null,"platforms":[],"status":"template_only","dateOption":"today","timeOption":"now","customDays":"","customHours":"","customDate":"","customTime":"","schedulingType":"absolute"},"_wpsp_active_default_template":true},"class_list":["post-3075","page","type-page","status-publish","hentry","description-off"],"acf":[],"yoast_head":"<!-- This site is optimized with the Yoast SEO plugin v27.1 - https:\/\/yoast.com\/product\/yoast-seo-wordpress\/ -->\n<title>Contacto - Compa\u00f1\u00eda de Tranv\u00edas de La Coru\u00f1a<\/title>\n<meta name=\"robots\" content=\"index, follow, max-snippet:-1, max-image-preview:large, max-video-preview:-1\" \/>\n<link rel=\"canonical\" href=\"https:\/\/tranviascoruna.com\/gl\/contacto\/\" \/>\n<meta property=\"og:locale\" content=\"gl_ES\" \/>\n<meta property=\"og:type\" content=\"article\" \/>\n<meta property=\"og:title\" content=\"Contacto - Compa\u00f1\u00eda de Tranv\u00edas de La Coru\u00f1a\" \/>\n<meta property=\"og:description\" content=\"Atenci\u00f3n al viajero \u00bfAlguna duda? Contacta con nosotros Direcci\u00f3n Carretera Fuertes, n\u00ba 4 CP 15.011, La Coru\u00f1a S\u00edguenos Tel\u00e9fono 981 250 100 Fax 981 253 016 Mail correo@tranviascoruna.com 981 250 100 Horario: de lunes a viernes de 07:00h a 23:00h Escr\u00edbenos D\u00f3nde estamos\" \/>\n<meta property=\"og:url\" content=\"https:\/\/tranviascoruna.com\/gl\/contacto\/\" \/>\n<meta property=\"og:site_name\" content=\"Compa\u00f1\u00eda de Tranv\u00edas de La Coru\u00f1a\" \/>\n<meta property=\"article:modified_time\" content=\"2022-01-03T13:11:03+00:00\" \/>\n<meta name=\"twitter:card\" content=\"summary_large_image\" \/>\n<meta name=\"twitter:label1\" content=\"Tempo de lectura\" \/>\n\t<meta name=\"twitter:data1\" content=\"1 minute\" \/>\n<script type=\"application\/ld+json\" class=\"yoast-schema-graph\">{\"@context\":\"https:\/\/schema.org\",\"@graph\":[{\"@type\":\"WebPage\",\"@id\":\"https:\/\/tranviascoruna.com\/gl\/contacto\/\",\"url\":\"https:\/\/tranviascoruna.com\/gl\/contacto\/\",\"name\":\"Contacto - Compa\u00f1\u00eda de Tranv\u00edas de La Coru\u00f1a\",\"isPartOf\":{\"@id\":\"https:\/\/tranviascoruna.com\/#website\"},\"datePublished\":\"2012-10-26T09:09:03+00:00\",\"dateModified\":\"2022-01-03T13:11:03+00:00\",\"breadcrumb\":{\"@id\":\"https:\/\/tranviascoruna.com\/gl\/contacto\/#breadcrumb\"},\"inLanguage\":\"gl-ES\",\"potentialAction\":[{\"@type\":\"ReadAction\",\"target\":[\"https:\/\/tranviascoruna.com\/gl\/contacto\/\"]}]},{\"@type\":\"BreadcrumbList\",\"@id\":\"https:\/\/tranviascoruna.com\/gl\/contacto\/#breadcrumb\",\"itemListElement\":[{\"@type\":\"ListItem\",\"position\":1,\"name\":\"Home\",\"item\":\"https:\/\/tranviascoruna.com\/\"},{\"@type\":\"ListItem\",\"position\":2,\"name\":\"Contacto\"}]},{\"@type\":\"WebSite\",\"@id\":\"https:\/\/tranviascoruna.com\/#website\",\"url\":\"https:\/\/tranviascoruna.com\/\",\"name\":\"Compa\u00f1\u00eda de Tranv\u00edas de La Coru\u00f1a\",\"description\":\"Compa\u00f1\u00eda de Tranv\u00edas de La Coru\u00f1a\",\"publisher\":{\"@id\":\"https:\/\/tranviascoruna.com\/#organization\"},\"potentialAction\":[{\"@type\":\"SearchAction\",\"target\":{\"@type\":\"EntryPoint\",\"urlTemplate\":\"https:\/\/tranviascoruna.com\/?s={search_term_string}\"},\"query-input\":{\"@type\":\"PropertyValueSpecification\",\"valueRequired\":true,\"valueName\":\"search_term_string\"}}],\"inLanguage\":\"gl-ES\"},{\"@type\":\"Organization\",\"@id\":\"https:\/\/tranviascoruna.com\/#organization\",\"name\":\"Compa\u00f1\u00eda de Tranv\u00edas de La Coru\u00f1a\",\"url\":\"https:\/\/tranviascoruna.com\/\",\"logo\":{\"@type\":\"ImageObject\",\"inLanguage\":\"gl-ES\",\"@id\":\"https:\/\/tranviascoruna.com\/#\/schema\/logo\/image\/\",\"url\":\"https:\/\/tranviascoruna.com\/wp-content\/uploads\/2021\/12\/Componente-50-\u2013-5.png\",\"contentUrl\":\"https:\/\/tranviascoruna.com\/wp-content\/uploads\/2021\/12\/Componente-50-\u2013-5.png\",\"width\":115,\"height\":116,\"caption\":\"Compa\u00f1\u00eda de Tranv\u00edas de La Coru\u00f1a\"},\"image\":{\"@id\":\"https:\/\/tranviascoruna.com\/#\/schema\/logo\/image\/\"}}]}<\/script>\n<!-- \/ Yoast SEO plugin. -->","yoast_head_json":{"title":"Contacto - Compa\u00f1\u00eda de Tranv\u00edas de La Coru\u00f1a","robots":{"index":"index","follow":"follow","max-snippet":"max-snippet:-1","max-image-preview":"max-image-preview:large","max-video-preview":"max-video-preview:-1"},"canonical":"https:\/\/tranviascoruna.com\/gl\/contacto\/","og_locale":"gl_ES","og_type":"article","og_title":"Contacto - Compa\u00f1\u00eda de Tranv\u00edas de La Coru\u00f1a","og_description":"Atenci\u00f3n al viajero \u00bfAlguna duda? Contacta con nosotros Direcci\u00f3n Carretera Fuertes, n\u00ba 4 CP 15.011, La Coru\u00f1a S\u00edguenos Tel\u00e9fono 981 250 100 Fax 981 253 016 Mail correo@tranviascoruna.com 981 250 100 Horario: de lunes a viernes de 07:00h a 23:00h Escr\u00edbenos D\u00f3nde estamos","og_url":"https:\/\/tranviascoruna.com\/gl\/contacto\/","og_site_name":"Compa\u00f1\u00eda de Tranv\u00edas de La Coru\u00f1a","article_modified_time":"2022-01-03T13:11:03+00:00","twitter_card":"summary_large_image","twitter_misc":{"Tempo de lectura":"1 minute"},"schema":{"@context":"https:\/\/schema.org","@graph":[{"@type":"WebPage","@id":"https:\/\/tranviascoruna.com\/gl\/contacto\/","url":"https:\/\/tranviascoruna.com\/gl\/contacto\/","name":"Contacto - Compa\u00f1\u00eda de Tranv\u00edas de La Coru\u00f1a","isPartOf":{"@id":"https:\/\/tranviascoruna.com\/#website"},"datePublished":"2012-10-26T09:09:03+00:00","dateModified":"2022-01-03T13:11:03+00:00","breadcrumb":{"@id":"https:\/\/tranviascoruna.com\/gl\/contacto\/#breadcrumb"},"inLanguage":"gl-ES","potentialAction":[{"@type":"ReadAction","target":["https:\/\/tranviascoruna.com\/gl\/contacto\/"]}]},{"@type":"BreadcrumbList","@id":"https:\/\/tranviascoruna.com\/gl\/contacto\/#breadcrumb","itemListElement":[{"@type":"ListItem","position":1,"name":"Home","item":"https:\/\/tranviascoruna.com\/"},{"@type":"ListItem","position":2,"name":"Contacto"}]},{"@type":"WebSite","@id":"https:\/\/tranviascoruna.com\/#website","url":"https:\/\/tranviascoruna.com\/","name":"Compa\u00f1\u00eda de Tranv\u00edas de La Coru\u00f1a","description":"Compa\u00f1\u00eda de Tranv\u00edas de La Coru\u00f1a","publisher":{"@id":"https:\/\/tranviascoruna.com\/#organization"},"potentialAction":[{"@type":"SearchAction","target":{"@type":"EntryPoint","urlTemplate":"https:\/\/tranviascoruna.com\/?s={search_term_string}"},"query-input":{"@type":"PropertyValueSpecification","valueRequired":true,"valueName":"search_term_string"}}],"inLanguage":"gl-ES"},{"@type":"Organization","@id":"https:\/\/tranviascoruna.com\/#organization","name":"Compa\u00f1\u00eda de Tranv\u00edas de La Coru\u00f1a","url":"https:\/\/tranviascoruna.com\/","logo":{"@type":"ImageObject","inLanguage":"gl-ES","@id":"https:\/\/tranviascoruna.com\/#\/schema\/logo\/image\/","url":"https:\/\/tranviascoruna.com\/wp-content\/uploads\/2021\/12\/Componente-50-\u2013-5.png","contentUrl":"https:\/\/tranviascoruna.com\/wp-content\/uploads\/2021\/12\/Componente-50-\u2013-5.png","width":115,"height":116,"caption":"Compa\u00f1\u00eda de Tranv\u00edas de La Coru\u00f1a"},"image":{"@id":"https:\/\/tranviascoruna.com\/#\/schema\/logo\/image\/"}}]}},"_links":{"self":[{"href":"https:\/\/tranviascoruna.com\/gl\/wp-json\/wp\/v2\/pages\/3075","targetHints":{"allow":["GET"]}}],"collection":[{"href":"https:\/\/tranviascoruna.com\/gl\/wp-json\/wp\/v2\/pages"}],"about":[{"href":"https:\/\/tranviascoruna.com\/gl\/wp-json\/wp\/v2\/types\/page"}],"author":[{"embeddable":true,"href":"https:\/\/tranviascoruna.com\/gl\/wp-json\/wp\/v2\/users\/1"}],"replies":[{"embeddable":true,"href":"https:\/\/tranviascoruna.com\/gl\/wp-json\/wp\/v2\/comments?post=3075"}],"version-history":[{"count":0,"href":"https:\/\/tranviascoruna.com\/gl\/wp-json\/wp\/v2\/pages\/3075\/revisions"}],"wp:attachment":[{"href":"https:\/\/tranviascoruna.com\/gl\/wp-json\/wp\/v2\/media?parent=3075"}],"curies":[{"name":"wp","href":"https:\/\/api.w.org\/{rel}","templated":true}]}}