{"id":3112,"date":"2013-08-20T07:42:00","date_gmt":"2013-08-20T07:42:00","guid":{"rendered":"https:\/\/tranviascoruna.com\/noticias\/"},"modified":"2013-08-20T07:42:00","modified_gmt":"2013-08-20T07:42:00","slug":"noticias","status":"publish","type":"page","link":"https:\/\/tranviascoruna.com\/gl\/noticias\/","title":{"rendered":"Noticias"},"content":{"rendered":"","protected":false},"excerpt":{"rendered":"","protected":false},"author":1,"featured_media":0,"parent":0,"menu_order":0,"comment_status":"open","ping_status":"open","template":"elementor_header_footer","meta":{"_acf_changed":false,"footnotes":"","_wpscp_schedule_draft_date":"","_wpscp_schedule_republish_date":"","_wpscppro_advance_schedule":false,"_wpscppro_advance_schedule_date":"","_wpscppro_dont_share_socialmedia":false,"_wpscppro_custom_social_share_image":0,"_facebook_share_type":"","_twitter_share_type":"","_linkedin_share_type":"","_pinterest_share_type":"","_linkedin_share_type_page":"","_instagram_share_type":"","_medium_share_type":"","_threads_share_type":"","_google_business_share_type":"","_selected_social_profile":[],"_wpsp_enable_custom_social_template":false,"_wpsp_social_scheduling":{"enabled":false,"datetime":null,"platforms":[],"status":"template_only","dateOption":"today","timeOption":"now","customDays":"","customHours":"","customDate":"","customTime":"","schedulingType":"absolute"},"_wpsp_active_default_template":true},"class_list":["post-3112","page","type-page","status-publish","hentry","description-off"],"acf":[],"yoast_head":"<!-- This site is optimized with the Yoast SEO plugin v27.1 - https:\/\/yoast.com\/product\/yoast-seo-wordpress\/ -->\n<title>Noticias - Compa\u00f1\u00eda de Tranv\u00edas de La Coru\u00f1a<\/title>\n<meta name=\"robots\" content=\"index, follow, max-snippet:-1, max-image-preview:large, max-video-preview:-1\" \/>\n<link rel=\"canonical\" href=\"https:\/\/tranviascoruna.com\/gl\/noticias\/\" \/>\n<meta property=\"og:locale\" content=\"gl_ES\" \/>\n<meta property=\"og:type\" content=\"article\" \/>\n<meta property=\"og:title\" content=\"Noticias - Compa\u00f1\u00eda de Tranv\u00edas de La Coru\u00f1a\" \/>\n<meta property=\"og:url\" content=\"https:\/\/tranviascoruna.com\/gl\/noticias\/\" \/>\n<meta property=\"og:site_name\" content=\"Compa\u00f1\u00eda de Tranv\u00edas de La Coru\u00f1a\" \/>\n<meta name=\"twitter:card\" content=\"summary_large_image\" \/>\n<script type=\"application\/ld+json\" class=\"yoast-schema-graph\">{\"@context\":\"https:\/\/schema.org\",\"@graph\":[{\"@type\":\"WebPage\",\"@id\":\"https:\/\/tranviascoruna.com\/gl\/noticias\/\",\"url\":\"https:\/\/tranviascoruna.com\/gl\/noticias\/\",\"name\":\"Noticias - Compa\u00f1\u00eda de Tranv\u00edas de La Coru\u00f1a\",\"isPartOf\":{\"@id\":\"https:\/\/tranviascoruna.com\/#website\"},\"datePublished\":\"2013-08-20T07:42:00+00:00\",\"breadcrumb\":{\"@id\":\"https:\/\/tranviascoruna.com\/gl\/noticias\/#breadcrumb\"},\"inLanguage\":\"gl-ES\",\"potentialAction\":[{\"@type\":\"ReadAction\",\"target\":[\"https:\/\/tranviascoruna.com\/gl\/noticias\/\"]}]},{\"@type\":\"BreadcrumbList\",\"@id\":\"https:\/\/tranviascoruna.com\/gl\/noticias\/#breadcrumb\",\"itemListElement\":[{\"@type\":\"ListItem\",\"position\":1,\"name\":\"Home\",\"item\":\"https:\/\/tranviascoruna.com\/\"},{\"@type\":\"ListItem\",\"position\":2,\"name\":\"Noticias\"}]},{\"@type\":\"WebSite\",\"@id\":\"https:\/\/tranviascoruna.com\/#website\",\"url\":\"https:\/\/tranviascoruna.com\/\",\"name\":\"Compa\u00f1\u00eda de Tranv\u00edas de La Coru\u00f1a\",\"description\":\"Compa\u00f1\u00eda de Tranv\u00edas de La Coru\u00f1a\",\"publisher\":{\"@id\":\"https:\/\/tranviascoruna.com\/#organization\"},\"potentialAction\":[{\"@type\":\"SearchAction\",\"target\":{\"@type\":\"EntryPoint\",\"urlTemplate\":\"https:\/\/tranviascoruna.com\/?s={search_term_string}\"},\"query-input\":{\"@type\":\"PropertyValueSpecification\",\"valueRequired\":true,\"valueName\":\"search_term_string\"}}],\"inLanguage\":\"gl-ES\"},{\"@type\":\"Organization\",\"@id\":\"https:\/\/tranviascoruna.com\/#organization\",\"name\":\"Compa\u00f1\u00eda de Tranv\u00edas de La Coru\u00f1a\",\"url\":\"https:\/\/tranviascoruna.com\/\",\"logo\":{\"@type\":\"ImageObject\",\"inLanguage\":\"gl-ES\",\"@id\":\"https:\/\/tranviascoruna.com\/#\/schema\/logo\/image\/\",\"url\":\"https:\/\/tranviascoruna.com\/wp-content\/uploads\/2021\/12\/Componente-50-\u2013-5.png\",\"contentUrl\":\"https:\/\/tranviascoruna.com\/wp-content\/uploads\/2021\/12\/Componente-50-\u2013-5.png\",\"width\":115,\"height\":116,\"caption\":\"Compa\u00f1\u00eda de Tranv\u00edas de La Coru\u00f1a\"},\"image\":{\"@id\":\"https:\/\/tranviascoruna.com\/#\/schema\/logo\/image\/\"}}]}<\/script>\n<!-- \/ Yoast SEO plugin. -->","yoast_head_json":{"title":"Noticias - Compa\u00f1\u00eda de Tranv\u00edas de La Coru\u00f1a","robots":{"index":"index","follow":"follow","max-snippet":"max-snippet:-1","max-image-preview":"max-image-preview:large","max-video-preview":"max-video-preview:-1"},"canonical":"https:\/\/tranviascoruna.com\/gl\/noticias\/","og_locale":"gl_ES","og_type":"article","og_title":"Noticias - Compa\u00f1\u00eda de Tranv\u00edas de La Coru\u00f1a","og_url":"https:\/\/tranviascoruna.com\/gl\/noticias\/","og_site_name":"Compa\u00f1\u00eda de Tranv\u00edas de La Coru\u00f1a","twitter_card":"summary_large_image","schema":{"@context":"https:\/\/schema.org","@graph":[{"@type":"WebPage","@id":"https:\/\/tranviascoruna.com\/gl\/noticias\/","url":"https:\/\/tranviascoruna.com\/gl\/noticias\/","name":"Noticias - Compa\u00f1\u00eda de Tranv\u00edas de La Coru\u00f1a","isPartOf":{"@id":"https:\/\/tranviascoruna.com\/#website"},"datePublished":"2013-08-20T07:42:00+00:00","breadcrumb":{"@id":"https:\/\/tranviascoruna.com\/gl\/noticias\/#breadcrumb"},"inLanguage":"gl-ES","potentialAction":[{"@type":"ReadAction","target":["https:\/\/tranviascoruna.com\/gl\/noticias\/"]}]},{"@type":"BreadcrumbList","@id":"https:\/\/tranviascoruna.com\/gl\/noticias\/#breadcrumb","itemListElement":[{"@type":"ListItem","position":1,"name":"Home","item":"https:\/\/tranviascoruna.com\/"},{"@type":"ListItem","position":2,"name":"Noticias"}]},{"@type":"WebSite","@id":"https:\/\/tranviascoruna.com\/#website","url":"https:\/\/tranviascoruna.com\/","name":"Compa\u00f1\u00eda de Tranv\u00edas de La Coru\u00f1a","description":"Compa\u00f1\u00eda de Tranv\u00edas de La Coru\u00f1a","publisher":{"@id":"https:\/\/tranviascoruna.com\/#organization"},"potentialAction":[{"@type":"SearchAction","target":{"@type":"EntryPoint","urlTemplate":"https:\/\/tranviascoruna.com\/?s={search_term_string}"},"query-input":{"@type":"PropertyValueSpecification","valueRequired":true,"valueName":"search_term_string"}}],"inLanguage":"gl-ES"},{"@type":"Organization","@id":"https:\/\/tranviascoruna.com\/#organization","name":"Compa\u00f1\u00eda de Tranv\u00edas de La Coru\u00f1a","url":"https:\/\/tranviascoruna.com\/","logo":{"@type":"ImageObject","inLanguage":"gl-ES","@id":"https:\/\/tranviascoruna.com\/#\/schema\/logo\/image\/","url":"https:\/\/tranviascoruna.com\/wp-content\/uploads\/2021\/12\/Componente-50-\u2013-5.png","contentUrl":"https:\/\/tranviascoruna.com\/wp-content\/uploads\/2021\/12\/Componente-50-\u2013-5.png","width":115,"height":116,"caption":"Compa\u00f1\u00eda de Tranv\u00edas de La Coru\u00f1a"},"image":{"@id":"https:\/\/tranviascoruna.com\/#\/schema\/logo\/image\/"}}]}},"_links":{"self":[{"href":"https:\/\/tranviascoruna.com\/gl\/wp-json\/wp\/v2\/pages\/3112","targetHints":{"allow":["GET"]}}],"collection":[{"href":"https:\/\/tranviascoruna.com\/gl\/wp-json\/wp\/v2\/pages"}],"about":[{"href":"https:\/\/tranviascoruna.com\/gl\/wp-json\/wp\/v2\/types\/page"}],"author":[{"embeddable":true,"href":"https:\/\/tranviascoruna.com\/gl\/wp-json\/wp\/v2\/users\/1"}],"replies":[{"embeddable":true,"href":"https:\/\/tranviascoruna.com\/gl\/wp-json\/wp\/v2\/comments?post=3112"}],"version-history":[{"count":0,"href":"https:\/\/tranviascoruna.com\/gl\/wp-json\/wp\/v2\/pages\/3112\/revisions"}],"wp:attachment":[{"href":"https:\/\/tranviascoruna.com\/gl\/wp-json\/wp\/v2\/media?parent=3112"}],"curies":[{"name":"wp","href":"https:\/\/api.w.org\/{rel}","templated":true}]}}