{"id":3157,"date":"2013-08-28T09:59:52","date_gmt":"2013-08-28T09:59:52","guid":{"rendered":"https:\/\/tranviascoruna.com\/tranvito\/"},"modified":"2022-02-14T11:45:00","modified_gmt":"2022-02-14T10:45:00","slug":"tranvito","status":"publish","type":"page","link":"https:\/\/tranviascoruna.com\/gl\/tranvito\/","title":{"rendered":"Tranvito"},"content":{"rendered":"\t\t<div data-elementor-type=\"wp-page\" data-elementor-id=\"3157\" class=\"elementor elementor-3157 elementor-705\" data-elementor-post-type=\"page\">\n\t\t\t\t\t\t<section class=\"elementor-section elementor-top-section elementor-element elementor-element-62bead1 elementor-section-boxed elementor-section-height-default elementor-section-height-default\" data-id=\"62bead1\" data-element_type=\"section\" data-e-type=\"section\">\n\t\t\t\t\t\t<div class=\"elementor-container elementor-column-gap-default\">\n\t\t\t\t\t<div class=\"elementor-column elementor-col-100 elementor-top-column elementor-element elementor-element-3ae5a2e\" data-id=\"3ae5a2e\" data-element_type=\"column\" data-e-type=\"column\">\n\t\t\t<div class=\"elementor-widget-wrap elementor-element-populated\">\n\t\t\t\t\t\t<div class=\"elementor-element elementor-element-8fdce1a elementor-widget elementor-widget-heading\" data-id=\"8fdce1a\" data-element_type=\"widget\" data-e-type=\"widget\" data-widget_type=\"heading.default\">\n\t\t\t\t<div class=\"elementor-widget-container\">\n\t\t\t\t\t<p class=\"elementor-heading-title elementor-size-default\">Tranvito<\/p>\t\t\t\t<\/div>\n\t\t\t\t<\/div>\n\t\t\t\t<div class=\"elementor-element elementor-element-df07a6d elementor-widget elementor-widget-heading\" data-id=\"df07a6d\" data-element_type=\"widget\" data-e-type=\"widget\" data-widget_type=\"heading.default\">\n\t\t\t\t<div class=\"elementor-widget-container\">\n\t\t\t\t\t<h2 class=\"elementor-heading-title elementor-size-default\">Tranvito \u00e9 a mascota da Compa\u00f1\u00eda de Tranv\u00edas da Coru\u00f1a<\/h2>\t\t\t\t<\/div>\n\t\t\t\t<\/div>\n\t\t\t\t\t<\/div>\n\t\t<\/div>\n\t\t\t\t\t<\/div>\n\t\t<\/section>\n\t\t\t\t<section class=\"elementor-section elementor-top-section elementor-element elementor-element-b574dbd elementor-reverse-mobile elementor-reverse-tablet elementor-section-boxed elementor-section-height-default elementor-section-height-default\" data-id=\"b574dbd\" data-element_type=\"section\" data-e-type=\"section\">\n\t\t\t\t\t\t<div class=\"elementor-container elementor-column-gap-wider\">\n\t\t\t\t\t<div class=\"elementor-column elementor-col-50 elementor-top-column elementor-element elementor-element-2e38be4\" data-id=\"2e38be4\" data-element_type=\"column\" data-e-type=\"column\">\n\t\t\t<div class=\"elementor-widget-wrap elementor-element-populated\">\n\t\t\t\t\t\t<div class=\"elementor-element elementor-element-4a94dfa elementor-widget elementor-widget-heading\" data-id=\"4a94dfa\" data-element_type=\"widget\" data-e-type=\"widget\" data-widget_type=\"heading.default\">\n\t\t\t\t<div class=\"elementor-widget-container\">\n\t\t\t\t\t<p class=\"elementor-heading-title elementor-size-default\">Tranvito<\/p>\t\t\t\t<\/div>\n\t\t\t\t<\/div>\n\t\t\t\t<div class=\"elementor-element elementor-element-c5b44d4 elementor-widget__width-initial elementor-widget elementor-widget-text-editor\" data-id=\"c5b44d4\" data-element_type=\"widget\" data-e-type=\"widget\" data-widget_type=\"text-editor.default\">\n\t\t\t\t<div class=\"elementor-widget-container\">\n\t\t\t\t\t\t\t\t\t\u00c9 o encargado de levar a cabo unha misi\u00f3n moi importante para o futuro da nosa cidade: concienciar aos m\u00e1is novos da importancia do uso do autob\u00fas urbano\t\t\t\t\t\t\t\t<\/div>\n\t\t\t\t<\/div>\n\t\t\t\t<div class=\"elementor-element elementor-element-5776a5b elementor-widget__width-initial elementor-widget elementor-widget-text-editor\" data-id=\"5776a5b\" data-element_type=\"widget\" data-e-type=\"widget\" data-widget_type=\"text-editor.default\">\n\t\t\t\t<div class=\"elementor-widget-container\">\n\t\t\t\t\t\t\t\t\t<p>Forma parte dun programa de visitas guiadas posto en marcha pola compa\u00f1\u00eda a principios de 2013 que est\u00e1 tendo unha gran acollida por parte de todos os centros escolares da cidade. Tranvito gu\u00eda as visitas dos colexios mostr\u00e1ndolles o funcionamento da compa\u00f1\u00eda e facendo moito m\u00e1is amena a s\u00faa visita. Os escolares son recollidos no seu centro escolar por un dos nosos autobuses e lev\u00e1molos ata as cocheiras, onde visitan o taller, a cabina de pintura, a sala de control, o t\u00fanel de lavado&#8230;<\/p>\n<p>\u00c9 unha iniciativa moi did\u00e1ctica e atractiva para os pequenos que superou as expectativas previstas.<br>\nEs una iniciativa muy did\u00e1ctica y atractiva para los peque\u00f1os que ha superado las expectativas previstas.<\/p>\t\t\t\t\t\t\t\t<\/div>\n\t\t\t\t<\/div>\n\t\t\t\t<div class=\"elementor-element elementor-element-c7773aa elementor-align-left elementor-widget elementor-widget-the7_button_widget\" data-id=\"c7773aa\" data-element_type=\"widget\" data-e-type=\"widget\" data-widget_type=\"the7_button_widget.default\">\n\t\t\t\t<div class=\"elementor-widget-container\">\n\t\t\t\t\t<div class=\"elementor-button-wrapper\"><a href=\"\/wp-content\/uploads\/2013\/08\/Unidad_Didactica.pdf\" class=\"box-button elementor-button elementor-size-xs\">Descarga a unidade did\u00e1ctica<\/a><\/div>\t\t\t\t<\/div>\n\t\t\t\t<\/div>\n\t\t\t\t\t<\/div>\n\t\t<\/div>\n\t\t\t\t<div class=\"elementor-column elementor-col-50 elementor-top-column elementor-element elementor-element-1f56111\" data-id=\"1f56111\" data-element_type=\"column\" data-e-type=\"column\">\n\t\t\t<div class=\"elementor-widget-wrap elementor-element-populated\">\n\t\t\t\t\t\t<div class=\"elementor-element elementor-element-c25d703 elementor-widget elementor-widget-image\" data-id=\"c25d703\" data-element_type=\"widget\" data-e-type=\"widget\" data-widget_type=\"image.default\">\n\t\t\t\t<div class=\"elementor-widget-container\">\n\t\t\t\t\t\t\t\t\t\t\t\t\t\t\t<img fetchpriority=\"high\" decoding=\"async\" width=\"565\" height=\"532\" src=\"https:\/\/tranviascoruna.com\/wp-content\/uploads\/2021\/12\/Grupo-549-min.png\" class=\"attachment-full size-full wp-image-4985\" alt=\"\" srcset=\"https:\/\/tranviascoruna.com\/wp-content\/uploads\/2021\/12\/Grupo-549-min.png 565w, https:\/\/tranviascoruna.com\/wp-content\/uploads\/2021\/12\/Grupo-549-min-300x282.png 300w\" sizes=\"(max-width: 565px) 100vw, 565px\" \/>\t\t\t\t\t\t\t\t\t\t\t\t\t\t\t<\/div>\n\t\t\t\t<\/div>\n\t\t\t\t\t<\/div>\n\t\t<\/div>\n\t\t\t\t\t<\/div>\n\t\t<\/section>\n\t\t\t\t<\/div>\n\t\t","protected":false},"excerpt":{"rendered":"<p>Tranvito Tranvito \u00e9 a mascota da Compa\u00f1\u00eda de Tranv\u00edas da Coru\u00f1a Tranvito \u00c9 o encargado de levar a cabo unha misi\u00f3n moi importante para o futuro da nosa cidade: concienciar aos m\u00e1is novos da importancia do uso do autob\u00fas urbano Forma parte dun programa de visitas guiadas posto en marcha pola compa\u00f1\u00eda a principios de&hellip;<\/p>\n","protected":false},"author":1,"featured_media":0,"parent":0,"menu_order":0,"comment_status":"open","ping_status":"open","template":"elementor_header_footer","meta":{"_acf_changed":false,"footnotes":"","_wpscp_schedule_draft_date":"","_wpscp_schedule_republish_date":"","_wpscppro_advance_schedule":false,"_wpscppro_advance_schedule_date":"","_wpscppro_dont_share_socialmedia":false,"_wpscppro_custom_social_share_image":0,"_facebook_share_type":"","_twitter_share_type":"","_linkedin_share_type":"","_pinterest_share_type":"","_linkedin_share_type_page":"","_instagram_share_type":"","_medium_share_type":"","_threads_share_type":"","_google_business_share_type":"","_selected_social_profile":[],"_wpsp_enable_custom_social_template":false,"_wpsp_social_scheduling":{"enabled":false,"datetime":null,"platforms":[],"status":"template_only","dateOption":"today","timeOption":"now","customDays":"","customHours":"","customDate":"","customTime":"","schedulingType":"absolute"},"_wpsp_active_default_template":true},"class_list":["post-3157","page","type-page","status-publish","hentry"],"acf":[],"yoast_head":"<!-- This site is optimized with the Yoast SEO plugin v27.1 - https:\/\/yoast.com\/product\/yoast-seo-wordpress\/ -->\n<title>Tranvito - Compa\u00f1\u00eda de Tranv\u00edas de La Coru\u00f1a<\/title>\n<meta name=\"robots\" content=\"index, follow, max-snippet:-1, max-image-preview:large, max-video-preview:-1\" \/>\n<link rel=\"canonical\" href=\"https:\/\/tranviascoruna.com\/gl\/tranvito\/\" \/>\n<meta property=\"og:locale\" content=\"gl_ES\" \/>\n<meta property=\"og:type\" content=\"article\" \/>\n<meta property=\"og:title\" content=\"Tranvito - Compa\u00f1\u00eda de Tranv\u00edas de La Coru\u00f1a\" \/>\n<meta property=\"og:description\" content=\"Tranvito Tranvito \u00e9 a mascota da Compa\u00f1\u00eda de Tranv\u00edas da Coru\u00f1a Tranvito \u00c9 o encargado de levar a cabo unha misi\u00f3n moi importante para o futuro da nosa cidade: concienciar aos m\u00e1is novos da importancia do uso do autob\u00fas urbano Forma parte dun programa de visitas guiadas posto en marcha pola compa\u00f1\u00eda a principios de&hellip;\" \/>\n<meta property=\"og:url\" content=\"https:\/\/tranviascoruna.com\/gl\/tranvito\/\" \/>\n<meta property=\"og:site_name\" content=\"Compa\u00f1\u00eda de Tranv\u00edas de La Coru\u00f1a\" \/>\n<meta property=\"article:modified_time\" content=\"2022-02-14T10:45:00+00:00\" \/>\n<meta property=\"og:image\" content=\"https:\/\/tranviascoruna.com\/wp-content\/uploads\/2021\/12\/Grupo-549-min.png\" \/>\n<meta name=\"twitter:card\" content=\"summary_large_image\" \/>\n<meta name=\"twitter:label1\" content=\"Tempo de lectura\" \/>\n\t<meta name=\"twitter:data1\" content=\"1 minute\" \/>\n<script type=\"application\/ld+json\" class=\"yoast-schema-graph\">{\"@context\":\"https:\/\/schema.org\",\"@graph\":[{\"@type\":\"WebPage\",\"@id\":\"https:\/\/tranviascoruna.com\/gl\/tranvito\/\",\"url\":\"https:\/\/tranviascoruna.com\/gl\/tranvito\/\",\"name\":\"Tranvito - Compa\u00f1\u00eda de Tranv\u00edas de La Coru\u00f1a\",\"isPartOf\":{\"@id\":\"https:\/\/tranviascoruna.com\/#website\"},\"primaryImageOfPage\":{\"@id\":\"https:\/\/tranviascoruna.com\/gl\/tranvito\/#primaryimage\"},\"image\":{\"@id\":\"https:\/\/tranviascoruna.com\/gl\/tranvito\/#primaryimage\"},\"thumbnailUrl\":\"https:\/\/tranviascoruna.com\/wp-content\/uploads\/2021\/12\/Grupo-549-min.png\",\"datePublished\":\"2013-08-28T09:59:52+00:00\",\"dateModified\":\"2022-02-14T10:45:00+00:00\",\"breadcrumb\":{\"@id\":\"https:\/\/tranviascoruna.com\/gl\/tranvito\/#breadcrumb\"},\"inLanguage\":\"gl-ES\",\"potentialAction\":[{\"@type\":\"ReadAction\",\"target\":[\"https:\/\/tranviascoruna.com\/gl\/tranvito\/\"]}]},{\"@type\":\"ImageObject\",\"inLanguage\":\"gl-ES\",\"@id\":\"https:\/\/tranviascoruna.com\/gl\/tranvito\/#primaryimage\",\"url\":\"https:\/\/tranviascoruna.com\/wp-content\/uploads\/2021\/12\/Grupo-549-min.png\",\"contentUrl\":\"https:\/\/tranviascoruna.com\/wp-content\/uploads\/2021\/12\/Grupo-549-min.png\"},{\"@type\":\"BreadcrumbList\",\"@id\":\"https:\/\/tranviascoruna.com\/gl\/tranvito\/#breadcrumb\",\"itemListElement\":[{\"@type\":\"ListItem\",\"position\":1,\"name\":\"Home\",\"item\":\"https:\/\/tranviascoruna.com\/\"},{\"@type\":\"ListItem\",\"position\":2,\"name\":\"Tranvito\"}]},{\"@type\":\"WebSite\",\"@id\":\"https:\/\/tranviascoruna.com\/#website\",\"url\":\"https:\/\/tranviascoruna.com\/\",\"name\":\"Compa\u00f1\u00eda de Tranv\u00edas de La Coru\u00f1a\",\"description\":\"Compa\u00f1\u00eda de Tranv\u00edas de La Coru\u00f1a\",\"publisher\":{\"@id\":\"https:\/\/tranviascoruna.com\/#organization\"},\"potentialAction\":[{\"@type\":\"SearchAction\",\"target\":{\"@type\":\"EntryPoint\",\"urlTemplate\":\"https:\/\/tranviascoruna.com\/?s={search_term_string}\"},\"query-input\":{\"@type\":\"PropertyValueSpecification\",\"valueRequired\":true,\"valueName\":\"search_term_string\"}}],\"inLanguage\":\"gl-ES\"},{\"@type\":\"Organization\",\"@id\":\"https:\/\/tranviascoruna.com\/#organization\",\"name\":\"Compa\u00f1\u00eda de Tranv\u00edas de La Coru\u00f1a\",\"url\":\"https:\/\/tranviascoruna.com\/\",\"logo\":{\"@type\":\"ImageObject\",\"inLanguage\":\"gl-ES\",\"@id\":\"https:\/\/tranviascoruna.com\/#\/schema\/logo\/image\/\",\"url\":\"https:\/\/tranviascoruna.com\/wp-content\/uploads\/2021\/12\/Componente-50-\u2013-5.png\",\"contentUrl\":\"https:\/\/tranviascoruna.com\/wp-content\/uploads\/2021\/12\/Componente-50-\u2013-5.png\",\"width\":115,\"height\":116,\"caption\":\"Compa\u00f1\u00eda de Tranv\u00edas de La Coru\u00f1a\"},\"image\":{\"@id\":\"https:\/\/tranviascoruna.com\/#\/schema\/logo\/image\/\"}}]}<\/script>\n<!-- \/ Yoast SEO plugin. -->","yoast_head_json":{"title":"Tranvito - Compa\u00f1\u00eda de Tranv\u00edas de La Coru\u00f1a","robots":{"index":"index","follow":"follow","max-snippet":"max-snippet:-1","max-image-preview":"max-image-preview:large","max-video-preview":"max-video-preview:-1"},"canonical":"https:\/\/tranviascoruna.com\/gl\/tranvito\/","og_locale":"gl_ES","og_type":"article","og_title":"Tranvito - Compa\u00f1\u00eda de Tranv\u00edas de La Coru\u00f1a","og_description":"Tranvito Tranvito \u00e9 a mascota da Compa\u00f1\u00eda de Tranv\u00edas da Coru\u00f1a Tranvito \u00c9 o encargado de levar a cabo unha misi\u00f3n moi importante para o futuro da nosa cidade: concienciar aos m\u00e1is novos da importancia do uso do autob\u00fas urbano Forma parte dun programa de visitas guiadas posto en marcha pola compa\u00f1\u00eda a principios de&hellip;","og_url":"https:\/\/tranviascoruna.com\/gl\/tranvito\/","og_site_name":"Compa\u00f1\u00eda de Tranv\u00edas de La Coru\u00f1a","article_modified_time":"2022-02-14T10:45:00+00:00","og_image":[{"url":"https:\/\/tranviascoruna.com\/wp-content\/uploads\/2021\/12\/Grupo-549-min.png","type":"","width":"","height":""}],"twitter_card":"summary_large_image","twitter_misc":{"Tempo de lectura":"1 minute"},"schema":{"@context":"https:\/\/schema.org","@graph":[{"@type":"WebPage","@id":"https:\/\/tranviascoruna.com\/gl\/tranvito\/","url":"https:\/\/tranviascoruna.com\/gl\/tranvito\/","name":"Tranvito - Compa\u00f1\u00eda de Tranv\u00edas de La Coru\u00f1a","isPartOf":{"@id":"https:\/\/tranviascoruna.com\/#website"},"primaryImageOfPage":{"@id":"https:\/\/tranviascoruna.com\/gl\/tranvito\/#primaryimage"},"image":{"@id":"https:\/\/tranviascoruna.com\/gl\/tranvito\/#primaryimage"},"thumbnailUrl":"https:\/\/tranviascoruna.com\/wp-content\/uploads\/2021\/12\/Grupo-549-min.png","datePublished":"2013-08-28T09:59:52+00:00","dateModified":"2022-02-14T10:45:00+00:00","breadcrumb":{"@id":"https:\/\/tranviascoruna.com\/gl\/tranvito\/#breadcrumb"},"inLanguage":"gl-ES","potentialAction":[{"@type":"ReadAction","target":["https:\/\/tranviascoruna.com\/gl\/tranvito\/"]}]},{"@type":"ImageObject","inLanguage":"gl-ES","@id":"https:\/\/tranviascoruna.com\/gl\/tranvito\/#primaryimage","url":"https:\/\/tranviascoruna.com\/wp-content\/uploads\/2021\/12\/Grupo-549-min.png","contentUrl":"https:\/\/tranviascoruna.com\/wp-content\/uploads\/2021\/12\/Grupo-549-min.png"},{"@type":"BreadcrumbList","@id":"https:\/\/tranviascoruna.com\/gl\/tranvito\/#breadcrumb","itemListElement":[{"@type":"ListItem","position":1,"name":"Home","item":"https:\/\/tranviascoruna.com\/"},{"@type":"ListItem","position":2,"name":"Tranvito"}]},{"@type":"WebSite","@id":"https:\/\/tranviascoruna.com\/#website","url":"https:\/\/tranviascoruna.com\/","name":"Compa\u00f1\u00eda de Tranv\u00edas de La Coru\u00f1a","description":"Compa\u00f1\u00eda de Tranv\u00edas de La Coru\u00f1a","publisher":{"@id":"https:\/\/tranviascoruna.com\/#organization"},"potentialAction":[{"@type":"SearchAction","target":{"@type":"EntryPoint","urlTemplate":"https:\/\/tranviascoruna.com\/?s={search_term_string}"},"query-input":{"@type":"PropertyValueSpecification","valueRequired":true,"valueName":"search_term_string"}}],"inLanguage":"gl-ES"},{"@type":"Organization","@id":"https:\/\/tranviascoruna.com\/#organization","name":"Compa\u00f1\u00eda de Tranv\u00edas de La Coru\u00f1a","url":"https:\/\/tranviascoruna.com\/","logo":{"@type":"ImageObject","inLanguage":"gl-ES","@id":"https:\/\/tranviascoruna.com\/#\/schema\/logo\/image\/","url":"https:\/\/tranviascoruna.com\/wp-content\/uploads\/2021\/12\/Componente-50-\u2013-5.png","contentUrl":"https:\/\/tranviascoruna.com\/wp-content\/uploads\/2021\/12\/Componente-50-\u2013-5.png","width":115,"height":116,"caption":"Compa\u00f1\u00eda de Tranv\u00edas de La Coru\u00f1a"},"image":{"@id":"https:\/\/tranviascoruna.com\/#\/schema\/logo\/image\/"}}]}},"_links":{"self":[{"href":"https:\/\/tranviascoruna.com\/gl\/wp-json\/wp\/v2\/pages\/3157","targetHints":{"allow":["GET"]}}],"collection":[{"href":"https:\/\/tranviascoruna.com\/gl\/wp-json\/wp\/v2\/pages"}],"about":[{"href":"https:\/\/tranviascoruna.com\/gl\/wp-json\/wp\/v2\/types\/page"}],"author":[{"embeddable":true,"href":"https:\/\/tranviascoruna.com\/gl\/wp-json\/wp\/v2\/users\/1"}],"replies":[{"embeddable":true,"href":"https:\/\/tranviascoruna.com\/gl\/wp-json\/wp\/v2\/comments?post=3157"}],"version-history":[{"count":0,"href":"https:\/\/tranviascoruna.com\/gl\/wp-json\/wp\/v2\/pages\/3157\/revisions"}],"wp:attachment":[{"href":"https:\/\/tranviascoruna.com\/gl\/wp-json\/wp\/v2\/media?parent=3157"}],"curies":[{"name":"wp","href":"https:\/\/api.w.org\/{rel}","templated":true}]}}