{"id":3176,"date":"2013-09-02T06:36:59","date_gmt":"2013-09-02T06:36:59","guid":{"rendered":"https:\/\/tranviascoruna.com\/aviso-legal\/"},"modified":"2025-07-02T10:58:52","modified_gmt":"2025-07-02T08:58:52","slug":"aviso-legal","status":"publish","type":"page","link":"https:\/\/tranviascoruna.com\/gl\/aviso-legal\/","title":{"rendered":"Aviso legal"},"content":{"rendered":"\t\t<div data-elementor-type=\"wp-page\" data-elementor-id=\"3176\" class=\"elementor elementor-3176 elementor-750\" data-elementor-post-type=\"page\">\n\t\t\t\t\t\t<section class=\"elementor-section elementor-top-section elementor-element elementor-element-1b702f7 elementor-section-boxed elementor-section-height-default elementor-section-height-default\" data-id=\"1b702f7\" data-element_type=\"section\" data-e-type=\"section\">\n\t\t\t\t\t\t<div class=\"elementor-container elementor-column-gap-default\">\n\t\t\t\t\t<div class=\"elementor-column elementor-col-100 elementor-top-column elementor-element elementor-element-547e5ce\" data-id=\"547e5ce\" data-element_type=\"column\" data-e-type=\"column\">\n\t\t\t<div class=\"elementor-widget-wrap elementor-element-populated\">\n\t\t\t\t\t\t<div class=\"elementor-element elementor-element-6cac8c4 elementor-widget elementor-widget-heading\" data-id=\"6cac8c4\" data-element_type=\"widget\" data-e-type=\"widget\" data-widget_type=\"heading.default\">\n\t\t\t\t<div class=\"elementor-widget-container\">\n\t\t\t\t\t<p class=\"elementor-heading-title elementor-size-default\">Textos legais\n<\/p>\t\t\t\t<\/div>\n\t\t\t\t<\/div>\n\t\t\t\t<div class=\"elementor-element elementor-element-9da7cf4 elementor-widget elementor-widget-heading\" data-id=\"9da7cf4\" data-element_type=\"widget\" data-e-type=\"widget\" data-widget_type=\"heading.default\">\n\t\t\t\t<div class=\"elementor-widget-container\">\n\t\t\t\t\t<h2 class=\"elementor-heading-title elementor-size-default\">Aviso legal<\/h2>\t\t\t\t<\/div>\n\t\t\t\t<\/div>\n\t\t\t\t\t<\/div>\n\t\t<\/div>\n\t\t\t\t\t<\/div>\n\t\t<\/section>\n\t\t\t\t<section class=\"elementor-section elementor-top-section elementor-element elementor-element-5fb4702 elementor-section-boxed elementor-section-height-default elementor-section-height-default\" data-id=\"5fb4702\" data-element_type=\"section\" data-e-type=\"section\">\n\t\t\t\t\t\t<div class=\"elementor-container elementor-column-gap-default\">\n\t\t\t\t\t<div class=\"elementor-column elementor-col-100 elementor-top-column elementor-element elementor-element-38e64f6\" data-id=\"38e64f6\" data-element_type=\"column\" data-e-type=\"column\">\n\t\t\t<div class=\"elementor-widget-wrap elementor-element-populated\">\n\t\t\t\t\t\t<div class=\"elementor-element elementor-element-d5a45f6 elementor-widget elementor-widget-heading\" data-id=\"d5a45f6\" data-element_type=\"widget\" data-e-type=\"widget\" data-widget_type=\"heading.default\">\n\t\t\t\t<div class=\"elementor-widget-container\">\n\t\t\t\t\t<h3 class=\"elementor-heading-title elementor-size-default\">Informaci\u00f3n Xeral<\/h3>\t\t\t\t<\/div>\n\t\t\t\t<\/div>\n\t\t\t\t<div class=\"elementor-element elementor-element-104dd3f elementor-widget elementor-widget-text-editor\" data-id=\"104dd3f\" data-element_type=\"widget\" data-e-type=\"widget\" data-widget_type=\"text-editor.default\">\n\t\t\t\t<div class=\"elementor-widget-container\">\n\t\t\t\t\t\t\t\t\t<p>Compa\u00f1\u00eda de Tranv\u00edas de La Coru\u00f1a, S.A., en adiante \u201cCompa\u00f1\u00eda de Tranv\u00edas\u201d, con NIF A15.000.227, \u00e9 a titular dos dominios tranviascoruna.com e tranviascoruna.es. Est\u00e1 inscrita no Rexistro Mercantil da Coru\u00f1a, na inscrici\u00f3n 1.\u00aa, da folla n\u00famero C-2274, ao folio 139, do Tomo 892 do Arquivo, Secci\u00f3n Xeral. Pode contactar Compa\u00f1\u00eda de Tranv\u00edas por medio de:<br \/>Tel.: 981 250 100 \/ 900 799 192<br \/>E-mail: correo@tranviascoruna.com<br \/>Domicilio: Estrada Fuertes, n.\u00ba 4, C.P.- 15011 A Coru\u00f1a.<br \/>Co \u00e1nimo de que o uso do Sitio Web se axuste a criterios de transparencia, claridade e sinxeleza, Compa\u00f1\u00eda de Tranv\u00edas informa o usuario de que calquera suxesti\u00f3n, d\u00fabida ou consulta sobre o presente Aviso Legal ou calquera outro documento informativo do sitio web ser\u00e1 recibida e solucionada contactando a trav\u00e9s do enderezo de correo electr\u00f3nico: correo@tranviascoruna.com.<\/p>\t\t\t\t\t\t\t\t<\/div>\n\t\t\t\t<\/div>\n\t\t\t\t<div class=\"elementor-element elementor-element-5bfc693 elementor-widget elementor-widget-heading\" data-id=\"5bfc693\" data-element_type=\"widget\" data-e-type=\"widget\" data-widget_type=\"heading.default\">\n\t\t\t\t<div class=\"elementor-widget-container\">\n\t\t\t\t\t<h3 class=\"elementor-heading-title elementor-size-default\">Propiedade Intelectual\n\n<\/h3>\t\t\t\t<\/div>\n\t\t\t\t<\/div>\n\t\t\t\t<div class=\"elementor-element elementor-element-4596621 elementor-widget elementor-widget-text-editor\" data-id=\"4596621\" data-element_type=\"widget\" data-e-type=\"widget\" data-widget_type=\"text-editor.default\">\n\t\t\t\t<div class=\"elementor-widget-container\">\n\t\t\t\t\t\t\t\t\tTodos os contidos que se mostran neste sitio web e, en especial, dese\u00f1os, textos, imaxes, logos, iconas, nomes comerciais, marcas ou calquera outra informaci\u00f3n susceptible de utilizaci\u00f3n industrial e\/ou comercial, est\u00e1n protexidos polos correspondentes dereitos de autor, non permit\u00edndose a s\u00faa reproduci\u00f3n, transmisi\u00f3n ou rexistro de informaci\u00f3n, ag\u00e1s autorizaci\u00f3n previa do titular, Compa\u00f1\u00eda de Tranv\u00edas. Con todo, o usuario poder\u00e1 utilizar informaci\u00f3n facilitada para xestionar o seu pedido e os datos de contacto correspondentes.\n\n\t\t\t\t\t\t\t\t<\/div>\n\t\t\t\t<\/div>\n\t\t\t\t<div class=\"elementor-element elementor-element-9e79730 elementor-widget elementor-widget-heading\" data-id=\"9e79730\" data-element_type=\"widget\" data-e-type=\"widget\" data-widget_type=\"heading.default\">\n\t\t\t\t<div class=\"elementor-widget-container\">\n\t\t\t\t\t<h3 class=\"elementor-heading-title elementor-size-default\">Ligaz\u00f3ns<\/h3>\t\t\t\t<\/div>\n\t\t\t\t<\/div>\n\t\t\t\t<div class=\"elementor-element elementor-element-0cdb2ba elementor-widget elementor-widget-text-editor\" data-id=\"0cdb2ba\" data-element_type=\"widget\" data-e-type=\"widget\" data-widget_type=\"text-editor.default\">\n\t\t\t\t<div class=\"elementor-widget-container\">\n\t\t\t\t\t\t\t\t\t<p>Compa\u00f1\u00eda de Tranv\u00edas non asume ningunha responsabilidade sobre as ligaz\u00f3ns cara a outros sitios ou p\u00e1xinas web que, se \u00e9 o caso, puidesen inclu\u00edrse neste, xa que non ten ning\u00fan tipo de control sobre estes, polo que o usuario accede baixo a s\u00faa exclusiva responsabilidade ao contido e nas condici\u00f3ns de uso que os rexen.<\/p>\t\t\t\t\t\t\t\t<\/div>\n\t\t\t\t<\/div>\n\t\t\t\t<div class=\"elementor-element elementor-element-6b702bf elementor-widget elementor-widget-heading\" data-id=\"6b702bf\" data-element_type=\"widget\" data-e-type=\"widget\" data-widget_type=\"heading.default\">\n\t\t\t\t<div class=\"elementor-widget-container\">\n\t\t\t\t\t<h3 class=\"elementor-heading-title elementor-size-default\">Condici\u00f3ns de uso\n\n<\/h3>\t\t\t\t<\/div>\n\t\t\t\t<\/div>\n\t\t\t\t<div class=\"elementor-element elementor-element-f60c3f2 elementor-widget elementor-widget-text-editor\" data-id=\"f60c3f2\" data-element_type=\"widget\" data-e-type=\"widget\" data-widget_type=\"text-editor.default\">\n\t\t\t\t<div class=\"elementor-widget-container\">\n\t\t\t\t\t\t\t\t\t<p>O acceso e o uso da p\u00e1xina web de Compa\u00f1\u00eda de Tranv\u00edas quedar\u00e1n suxeitos \u00e1s presentes condici\u00f3ns xerais. As\u00ed, o acceso e uso da p\u00e1xina web implica a aceptaci\u00f3n plena e sen reservas das presentes condici\u00f3ns xerais.<\/p><p>1. Todos os contidos das p\u00e1xinas web de Compa\u00f1\u00eda de Tranv\u00edas (entre outros, fotograf\u00edas, debuxos, textos, son, v\u00eddeo, software, dese\u00f1o e signos identificativos) est\u00e1n sometidos \u00e1 normativa sobre propiedade intelectual e\/ou industrial. Os dereitos sobre os contidos lle corresponden a Compa\u00f1\u00eda de Tranv\u00edas de La Coru\u00f1a, S.A ou, se \u00e9 o caso, a terceiros. En ning\u00fan caso o acceso \u00e1 p\u00e1xina web de Compa\u00f1\u00eda de Tranv\u00edas implica cesi\u00f3n, transmisi\u00f3n ou calquera tipo de renuncia, nin total nin parcial, de dereitos de propiedade intelectual e\/ou industrial.<br \/>2. Tampouco do acceso \u00e1s p\u00e1xinas se deriva ning\u00fan tipo de dereito relativo, a xeito de exemplo, \u00e1 explotaci\u00f3n, transformaci\u00f3n, descompilaci\u00f3n, distribuci\u00f3n ou comunicaci\u00f3n p\u00fablica dos contidos, ag\u00e1s que exista autorizaci\u00f3n previa e por escrito de Compa\u00f1\u00eda de Tranv\u00edas de La Coru\u00f1a, S.A. ou dos terceiros titulares dos ditos dereitos. O usuario unicamente poder\u00e1 visualizar e obter unha copia privada dos contidos sempre e cando a dita copia sexa \u00fanica e exclusivamente para o seu uso persoal e privado, quedando terminantemente prohibida a s\u00faa utilizaci\u00f3n para fins comerciais.<br \/>3. O usuario non poder\u00e1, en ning\u00fan caso, modificar ou suprimir os datos identificativos que existan, se \u00e9 o caso, dos dereitos de Compa\u00f1\u00eda de Tranv\u00edas de La Coru\u00f1a, S.A. ou de terceiros sobre os contidos. O usuario poder\u00e1 unicamente acceder aos contidos mediante os medios ou procedementos que se puxesen a disposici\u00f3n para este efecto na p\u00e1xina web de Compa\u00f1\u00eda de Tranv\u00edas ou que se utilicen habitualmente na Internet para ese fin, sempre que non impliquen violaci\u00f3n de dereitos de propiedade intelectual ou alg\u00fan tipo de dano para a p\u00e1xina web de Compa\u00f1\u00eda de Tranv\u00edas e\/ou a s\u00faa informaci\u00f3ns e servizos ofrecidos.<br \/>4. O uso que poida facerse da informaci\u00f3n e dos contidos que aparecen na p\u00e1xina web de Compa\u00f1\u00eda de Tranv\u00edas e\/ou do acceso a outras p\u00e1xinas web de terceiros a trav\u00e9s de conexi\u00f3ns ou ligaz\u00f3ns que aparecen na p\u00e1xina de Compa\u00f1\u00eda de Tranv\u00edas realizarase baixo a exclusiva responsabilidade daqueles que efect\u00faen este tipo de actos, non sendo Compa\u00f1\u00eda de Tranv\u00edas de La Coru\u00f1a, S.A. responsable, en ning\u00fan caso, dos danos ou perdas que poidan derivarse dos ditos usos ou actividades.<br \/>5. O usuario comprom\u00e9tese a utilizar as informaci\u00f3ns e servizos da p\u00e1xina web de Compa\u00f1\u00eda de Tranv\u00edas de conformidade coa lei, estas condici\u00f3ns xerais e a moral, os bos costumes e a orde p\u00fablica.<br \/>6. Compa\u00f1\u00eda de Tranv\u00edas non se responsabiliza de calquera dano ou perda no software ou hardware do usuario que se derive do acceso \u00e1 p\u00e1xina web de Compa\u00f1\u00eda de Tranv\u00edas ou do uso da informaci\u00f3n ou das aplicaci\u00f3ns nela contidas.<br \/>7. Compa\u00f1\u00eda de Tranv\u00edas res\u00e9rvase, sen necesidade de previo aviso e en calquera momento, o dereito a suspender temporalmente o acceso \u00e1 s\u00faa p\u00e1xina web e a efectuar as modificaci\u00f3ns que considere oportunas da p\u00e1xina, dos servizos e informaci\u00f3ns ofrecidas, da presentaci\u00f3n ou localizaci\u00f3n desta e das condici\u00f3ns de acceso e uso da p\u00e1xina web de Compa\u00f1\u00eda de Tranv\u00edas.<br \/>8. Compa\u00f1\u00eda de Tranv\u00edas non garante que os contidos da s\u00faa p\u00e1xina sexan aptos ou dispo\u00f1ibles f\u00f3ra de Espa\u00f1a. No suposto de que todo ou parte dos contidos da p\u00e1xina de Compa\u00f1\u00eda de Tranv\u00edas sexan considerados ilegais en pa\u00edses distintos de Espa\u00f1a, queda prohibido o acceso a estes e a s\u00faa utilizaci\u00f3n polos usuarios e, no caso de que este se produza, ser\u00e1 exclusivamente baixo a responsabilidade dos usuarios, estando estes obrigados ao cumprimento das leis nacionais de aplicaci\u00f3n.<br \/>9. Todas as cuesti\u00f3ns relativas \u00e1 p\u00e1xina web de Compa\u00f1\u00eda de Tranv\u00edas rexeranse pola lexislaci\u00f3n espa\u00f1ola e someteranse \u00e1 xurisdici\u00f3n dos Xulgados e Tribunais da Coru\u00f1a con renuncia a calquera foro que puidese corresponder.<br \/>10. Uso de datos durante a navegaci\u00f3n. As cookies que Compa\u00f1\u00eda de Tranv\u00edas utiliza no seu sitio web www.tranviascoruna.com s\u00f3 serven para manter aberta a sesi\u00f3n do usuario, polo que a presenza das cookies unicamente servir\u00e1 para asociar unha sesi\u00f3n cun usuario an\u00f3nimo co fin de poder prestar o servizo por aquel solicitado. Esta cookie mantense no disco duro co fin de identificar o usuario automaticamente en futuras sesi\u00f3ns.<\/p>\t\t\t\t\t\t\t\t<\/div>\n\t\t\t\t<\/div>\n\t\t\t\t\t<\/div>\n\t\t<\/div>\n\t\t\t\t\t<\/div>\n\t\t<\/section>\n\t\t\t\t<\/div>\n\t\t","protected":false},"excerpt":{"rendered":"<p>Textos legais Informaci\u00f3n Xeral Compa\u00f1\u00eda de Tranv\u00edas de La Coru\u00f1a, S.A., en adiante \u201cCompa\u00f1\u00eda de Tranv\u00edas\u201d, con NIF A15.000.227, \u00e9 a titular dos dominios tranviascoruna.com e tranviascoruna.es. Est\u00e1 inscrita no Rexistro Mercantil da Coru\u00f1a, na inscrici\u00f3n 1.\u00aa, da folla n\u00famero C-2274, ao folio 139, do Tomo 892 do Arquivo, Secci\u00f3n Xeral. Pode contactar Compa\u00f1\u00eda de&hellip;<\/p>\n","protected":false},"author":1,"featured_media":0,"parent":0,"menu_order":0,"comment_status":"closed","ping_status":"closed","template":"elementor_header_footer","meta":{"_acf_changed":false,"footnotes":"","_wpscp_schedule_draft_date":"","_wpscp_schedule_republish_date":"","_wpscppro_advance_schedule":false,"_wpscppro_advance_schedule_date":"","_wpscppro_dont_share_socialmedia":false,"_wpscppro_custom_social_share_image":0,"_facebook_share_type":"","_twitter_share_type":"","_linkedin_share_type":"","_pinterest_share_type":"","_linkedin_share_type_page":"","_instagram_share_type":"","_medium_share_type":"","_threads_share_type":"","_google_business_share_type":"","_selected_social_profile":[],"_wpsp_enable_custom_social_template":false,"_wpsp_social_scheduling":{"enabled":false,"datetime":null,"platforms":[],"status":"template_only","dateOption":"today","timeOption":"now","customDays":"","customHours":"","customDate":"","customTime":"","schedulingType":"absolute"},"_wpsp_active_default_template":true},"class_list":["post-3176","page","type-page","status-publish","hentry"],"acf":[],"yoast_head":"<!-- This site is optimized with the Yoast SEO plugin v27.1 - https:\/\/yoast.com\/product\/yoast-seo-wordpress\/ -->\n<title>Aviso legal - Compa\u00f1\u00eda de Tranv\u00edas de La Coru\u00f1a<\/title>\n<meta name=\"robots\" content=\"index, follow, max-snippet:-1, max-image-preview:large, max-video-preview:-1\" \/>\n<link rel=\"canonical\" href=\"https:\/\/tranviascoruna.com\/gl\/aviso-legal\/\" \/>\n<meta property=\"og:locale\" content=\"gl_ES\" \/>\n<meta property=\"og:type\" content=\"article\" \/>\n<meta property=\"og:title\" content=\"Aviso legal - Compa\u00f1\u00eda de Tranv\u00edas de La Coru\u00f1a\" \/>\n<meta property=\"og:description\" content=\"Textos legais Informaci\u00f3n Xeral Compa\u00f1\u00eda de Tranv\u00edas de La Coru\u00f1a, S.A., en adiante \u201cCompa\u00f1\u00eda de Tranv\u00edas\u201d, con NIF A15.000.227, \u00e9 a titular dos dominios tranviascoruna.com e tranviascoruna.es. Est\u00e1 inscrita no Rexistro Mercantil da Coru\u00f1a, na inscrici\u00f3n 1.\u00aa, da folla n\u00famero C-2274, ao folio 139, do Tomo 892 do Arquivo, Secci\u00f3n Xeral. Pode contactar Compa\u00f1\u00eda de&hellip;\" \/>\n<meta property=\"og:url\" content=\"https:\/\/tranviascoruna.com\/gl\/aviso-legal\/\" \/>\n<meta property=\"og:site_name\" content=\"Compa\u00f1\u00eda de Tranv\u00edas de La Coru\u00f1a\" \/>\n<meta property=\"article:modified_time\" content=\"2025-07-02T08:58:52+00:00\" \/>\n<meta name=\"twitter:card\" content=\"summary_large_image\" \/>\n<meta name=\"twitter:label1\" content=\"Tempo de lectura\" \/>\n\t<meta name=\"twitter:data1\" content=\"6 minutes\" \/>\n<script type=\"application\/ld+json\" class=\"yoast-schema-graph\">{\"@context\":\"https:\/\/schema.org\",\"@graph\":[{\"@type\":\"WebPage\",\"@id\":\"https:\/\/tranviascoruna.com\/gl\/aviso-legal\/\",\"url\":\"https:\/\/tranviascoruna.com\/gl\/aviso-legal\/\",\"name\":\"Aviso legal - Compa\u00f1\u00eda de Tranv\u00edas de La Coru\u00f1a\",\"isPartOf\":{\"@id\":\"https:\/\/tranviascoruna.com\/#website\"},\"datePublished\":\"2013-09-02T06:36:59+00:00\",\"dateModified\":\"2025-07-02T08:58:52+00:00\",\"breadcrumb\":{\"@id\":\"https:\/\/tranviascoruna.com\/gl\/aviso-legal\/#breadcrumb\"},\"inLanguage\":\"gl-ES\",\"potentialAction\":[{\"@type\":\"ReadAction\",\"target\":[\"https:\/\/tranviascoruna.com\/gl\/aviso-legal\/\"]}]},{\"@type\":\"BreadcrumbList\",\"@id\":\"https:\/\/tranviascoruna.com\/gl\/aviso-legal\/#breadcrumb\",\"itemListElement\":[{\"@type\":\"ListItem\",\"position\":1,\"name\":\"Home\",\"item\":\"https:\/\/tranviascoruna.com\/\"},{\"@type\":\"ListItem\",\"position\":2,\"name\":\"Aviso legal\"}]},{\"@type\":\"WebSite\",\"@id\":\"https:\/\/tranviascoruna.com\/#website\",\"url\":\"https:\/\/tranviascoruna.com\/\",\"name\":\"Compa\u00f1\u00eda de Tranv\u00edas de La Coru\u00f1a\",\"description\":\"Compa\u00f1\u00eda de Tranv\u00edas de La Coru\u00f1a\",\"publisher\":{\"@id\":\"https:\/\/tranviascoruna.com\/#organization\"},\"potentialAction\":[{\"@type\":\"SearchAction\",\"target\":{\"@type\":\"EntryPoint\",\"urlTemplate\":\"https:\/\/tranviascoruna.com\/?s={search_term_string}\"},\"query-input\":{\"@type\":\"PropertyValueSpecification\",\"valueRequired\":true,\"valueName\":\"search_term_string\"}}],\"inLanguage\":\"gl-ES\"},{\"@type\":\"Organization\",\"@id\":\"https:\/\/tranviascoruna.com\/#organization\",\"name\":\"Compa\u00f1\u00eda de Tranv\u00edas de La Coru\u00f1a\",\"url\":\"https:\/\/tranviascoruna.com\/\",\"logo\":{\"@type\":\"ImageObject\",\"inLanguage\":\"gl-ES\",\"@id\":\"https:\/\/tranviascoruna.com\/#\/schema\/logo\/image\/\",\"url\":\"https:\/\/tranviascoruna.com\/wp-content\/uploads\/2021\/12\/Componente-50-\u2013-5.png\",\"contentUrl\":\"https:\/\/tranviascoruna.com\/wp-content\/uploads\/2021\/12\/Componente-50-\u2013-5.png\",\"width\":115,\"height\":116,\"caption\":\"Compa\u00f1\u00eda de Tranv\u00edas de La Coru\u00f1a\"},\"image\":{\"@id\":\"https:\/\/tranviascoruna.com\/#\/schema\/logo\/image\/\"}}]}<\/script>\n<!-- \/ Yoast SEO plugin. -->","yoast_head_json":{"title":"Aviso legal - Compa\u00f1\u00eda de Tranv\u00edas de La Coru\u00f1a","robots":{"index":"index","follow":"follow","max-snippet":"max-snippet:-1","max-image-preview":"max-image-preview:large","max-video-preview":"max-video-preview:-1"},"canonical":"https:\/\/tranviascoruna.com\/gl\/aviso-legal\/","og_locale":"gl_ES","og_type":"article","og_title":"Aviso legal - Compa\u00f1\u00eda de Tranv\u00edas de La Coru\u00f1a","og_description":"Textos legais Informaci\u00f3n Xeral Compa\u00f1\u00eda de Tranv\u00edas de La Coru\u00f1a, S.A., en adiante \u201cCompa\u00f1\u00eda de Tranv\u00edas\u201d, con NIF A15.000.227, \u00e9 a titular dos dominios tranviascoruna.com e tranviascoruna.es. Est\u00e1 inscrita no Rexistro Mercantil da Coru\u00f1a, na inscrici\u00f3n 1.\u00aa, da folla n\u00famero C-2274, ao folio 139, do Tomo 892 do Arquivo, Secci\u00f3n Xeral. Pode contactar Compa\u00f1\u00eda de&hellip;","og_url":"https:\/\/tranviascoruna.com\/gl\/aviso-legal\/","og_site_name":"Compa\u00f1\u00eda de Tranv\u00edas de La Coru\u00f1a","article_modified_time":"2025-07-02T08:58:52+00:00","twitter_card":"summary_large_image","twitter_misc":{"Tempo de lectura":"6 minutes"},"schema":{"@context":"https:\/\/schema.org","@graph":[{"@type":"WebPage","@id":"https:\/\/tranviascoruna.com\/gl\/aviso-legal\/","url":"https:\/\/tranviascoruna.com\/gl\/aviso-legal\/","name":"Aviso legal - Compa\u00f1\u00eda de Tranv\u00edas de La Coru\u00f1a","isPartOf":{"@id":"https:\/\/tranviascoruna.com\/#website"},"datePublished":"2013-09-02T06:36:59+00:00","dateModified":"2025-07-02T08:58:52+00:00","breadcrumb":{"@id":"https:\/\/tranviascoruna.com\/gl\/aviso-legal\/#breadcrumb"},"inLanguage":"gl-ES","potentialAction":[{"@type":"ReadAction","target":["https:\/\/tranviascoruna.com\/gl\/aviso-legal\/"]}]},{"@type":"BreadcrumbList","@id":"https:\/\/tranviascoruna.com\/gl\/aviso-legal\/#breadcrumb","itemListElement":[{"@type":"ListItem","position":1,"name":"Home","item":"https:\/\/tranviascoruna.com\/"},{"@type":"ListItem","position":2,"name":"Aviso legal"}]},{"@type":"WebSite","@id":"https:\/\/tranviascoruna.com\/#website","url":"https:\/\/tranviascoruna.com\/","name":"Compa\u00f1\u00eda de Tranv\u00edas de La Coru\u00f1a","description":"Compa\u00f1\u00eda de Tranv\u00edas de La Coru\u00f1a","publisher":{"@id":"https:\/\/tranviascoruna.com\/#organization"},"potentialAction":[{"@type":"SearchAction","target":{"@type":"EntryPoint","urlTemplate":"https:\/\/tranviascoruna.com\/?s={search_term_string}"},"query-input":{"@type":"PropertyValueSpecification","valueRequired":true,"valueName":"search_term_string"}}],"inLanguage":"gl-ES"},{"@type":"Organization","@id":"https:\/\/tranviascoruna.com\/#organization","name":"Compa\u00f1\u00eda de Tranv\u00edas de La Coru\u00f1a","url":"https:\/\/tranviascoruna.com\/","logo":{"@type":"ImageObject","inLanguage":"gl-ES","@id":"https:\/\/tranviascoruna.com\/#\/schema\/logo\/image\/","url":"https:\/\/tranviascoruna.com\/wp-content\/uploads\/2021\/12\/Componente-50-\u2013-5.png","contentUrl":"https:\/\/tranviascoruna.com\/wp-content\/uploads\/2021\/12\/Componente-50-\u2013-5.png","width":115,"height":116,"caption":"Compa\u00f1\u00eda de Tranv\u00edas de La Coru\u00f1a"},"image":{"@id":"https:\/\/tranviascoruna.com\/#\/schema\/logo\/image\/"}}]}},"_links":{"self":[{"href":"https:\/\/tranviascoruna.com\/gl\/wp-json\/wp\/v2\/pages\/3176","targetHints":{"allow":["GET"]}}],"collection":[{"href":"https:\/\/tranviascoruna.com\/gl\/wp-json\/wp\/v2\/pages"}],"about":[{"href":"https:\/\/tranviascoruna.com\/gl\/wp-json\/wp\/v2\/types\/page"}],"author":[{"embeddable":true,"href":"https:\/\/tranviascoruna.com\/gl\/wp-json\/wp\/v2\/users\/1"}],"replies":[{"embeddable":true,"href":"https:\/\/tranviascoruna.com\/gl\/wp-json\/wp\/v2\/comments?post=3176"}],"version-history":[{"count":3,"href":"https:\/\/tranviascoruna.com\/gl\/wp-json\/wp\/v2\/pages\/3176\/revisions"}],"predecessor-version":[{"id":7468,"href":"https:\/\/tranviascoruna.com\/gl\/wp-json\/wp\/v2\/pages\/3176\/revisions\/7468"}],"wp:attachment":[{"href":"https:\/\/tranviascoruna.com\/gl\/wp-json\/wp\/v2\/media?parent=3176"}],"curies":[{"name":"wp","href":"https:\/\/api.w.org\/{rel}","templated":true}]}}