{"id":3192,"date":"2018-04-27T14:51:18","date_gmt":"2018-04-27T12:51:18","guid":{"rendered":"https:\/\/tranviascoruna.com\/politica-de-cookies\/"},"modified":"2022-02-14T12:54:48","modified_gmt":"2022-02-14T11:54:48","slug":"politica-de-cookies","status":"publish","type":"page","link":"https:\/\/tranviascoruna.com\/gl\/politica-de-cookies\/","title":{"rendered":"Pol\u00edtica de Cookies"},"content":{"rendered":"\t\t<div data-elementor-type=\"wp-page\" data-elementor-id=\"3192\" class=\"elementor elementor-3192 elementor-2542\" data-elementor-post-type=\"page\">\n\t\t\t\t\t\t<section class=\"elementor-section elementor-top-section elementor-element elementor-element-1d4945f elementor-section-boxed elementor-section-height-default elementor-section-height-default\" data-id=\"1d4945f\" data-element_type=\"section\" data-e-type=\"section\">\n\t\t\t\t\t\t<div class=\"elementor-container elementor-column-gap-default\">\n\t\t\t\t\t<div class=\"elementor-column elementor-col-100 elementor-top-column elementor-element elementor-element-3bcd59a\" data-id=\"3bcd59a\" data-element_type=\"column\" data-e-type=\"column\">\n\t\t\t<div class=\"elementor-widget-wrap elementor-element-populated\">\n\t\t\t\t\t\t<div class=\"elementor-element elementor-element-b1a19f2 elementor-widget elementor-widget-heading\" data-id=\"b1a19f2\" data-element_type=\"widget\" data-e-type=\"widget\" data-widget_type=\"heading.default\">\n\t\t\t\t<div class=\"elementor-widget-container\">\n\t\t\t\t\t<p class=\"elementor-heading-title elementor-size-default\">Textos legais\n<\/p>\t\t\t\t<\/div>\n\t\t\t\t<\/div>\n\t\t\t\t<div class=\"elementor-element elementor-element-f29688f elementor-widget elementor-widget-heading\" data-id=\"f29688f\" data-element_type=\"widget\" data-e-type=\"widget\" data-widget_type=\"heading.default\">\n\t\t\t\t<div class=\"elementor-widget-container\">\n\t\t\t\t\t<h2 class=\"elementor-heading-title elementor-size-default\">Pol\u00edtica de Cookies<\/h2>\t\t\t\t<\/div>\n\t\t\t\t<\/div>\n\t\t\t\t\t<\/div>\n\t\t<\/div>\n\t\t\t\t\t<\/div>\n\t\t<\/section>\n\t\t\t\t<section class=\"elementor-section elementor-top-section elementor-element elementor-element-98a9cb1 elementor-section-boxed elementor-section-height-default elementor-section-height-default\" data-id=\"98a9cb1\" data-element_type=\"section\" data-e-type=\"section\">\n\t\t\t\t\t\t<div class=\"elementor-container elementor-column-gap-default\">\n\t\t\t\t\t<div class=\"elementor-column elementor-col-100 elementor-top-column elementor-element elementor-element-fdefff0\" data-id=\"fdefff0\" data-element_type=\"column\" data-e-type=\"column\">\n\t\t\t<div class=\"elementor-widget-wrap elementor-element-populated\">\n\t\t\t\t\t\t<div class=\"elementor-element elementor-element-7ecbd03 elementor-widget elementor-widget-heading\" data-id=\"7ecbd03\" data-element_type=\"widget\" data-e-type=\"widget\" data-widget_type=\"heading.default\">\n\t\t\t\t<div class=\"elementor-widget-container\">\n\t\t\t\t\t<h3 class=\"elementor-heading-title elementor-size-default\">Que son as cookies?<\/h3>\t\t\t\t<\/div>\n\t\t\t\t<\/div>\n\t\t\t\t<div class=\"elementor-element elementor-element-083f7f1 elementor-widget elementor-widget-text-editor\" data-id=\"083f7f1\" data-element_type=\"widget\" data-e-type=\"widget\" data-widget_type=\"text-editor.default\">\n\t\t\t\t<div class=\"elementor-widget-container\">\n\t\t\t\t\t\t\t\t\t<p>Unha cookie \u00e9 un ficheiro ou dispositivo que se descarga no equipo terminal dun usuario coa finalidade de almacenar datos que poder\u00e1n ser actualizados e recuperados pola entidade responsable da s\u00faa instalaci\u00f3n. \u00c9 dicir, \u00e9 un ficheiro que se descarga no seu ordenador ao acceder a determinadas p\u00e1xinas web. As cookies perm\u00edtenlle a unha p\u00e1xina web, entre outras cousas, almacenar e recuperar informaci\u00f3n sobre os h\u00e1bitos de navegaci\u00f3n dun usuario ou do seu equipo e, dependendo da informaci\u00f3n que conte\u00f1an e da forma en que utilice o seu equipo, poden utilizarse para reco\u00f1ecer o usuario.<\/p><p>As s\u00faas principais funci\u00f3ns son:<br \/>\u2022 Levar o control de usuarios: cando un usuario introduce o seu nome de usuario e contrasinal, almac\u00e9nase unha cookie para que non te\u00f1a que estar a introducilas para cada p\u00e1xina do servidor. Non obstante, unha cookie non identifica apenas unha persoa, sen\u00f3n unha combinaci\u00f3n de computador-explorador-usuario.<br \/>\u2022 Conseguir informaci\u00f3n sobre os h\u00e1bitos de navegaci\u00f3n do usuario, e intentos de spyware (programas esp\u00eda) por parte de axencias de publicidade e outros. Isto pode causar problemas de privacidade e \u00e9 unha das raz\u00f3ns pola que as cookies te\u00f1en os seus detractores.<\/p><p>Existen diferentes tipos de cookies en funci\u00f3n, sobre todo, da finalidade para a que son utilizadas. As\u00ed, dist\u00ednguense, entre outras, as seguintes:<\/p><p>Cookies de an\u00e1lise: estas cookies util\u00edzanse para levar a cabo unha an\u00e1lise dos comportamentos e acci\u00f3ns dos usuarios da p\u00e1xina web, as\u00ed como para a elaboraci\u00f3n de perf\u00eds de navegaci\u00f3n co fin de realizar melloras t\u00e9cnicas de funcionamento e de servizo.<\/p><p>Cookies publicitarias: permiten unha xesti\u00f3n eficiente de espazos publicitarios con base nunha serie de criterios, por exemplo, verificar se o usuario tivo xa acceso ou non a unha noticia para proceder a actualizala cunha outra nova.<\/p><p>Cookies de publicidade comportamental: estas cookies enc\u00e1rganse de almacenar informaci\u00f3n do propio comportamento dos usuarios centr\u00e1ndose nos seus h\u00e1bitos de navegaci\u00f3n. Isto permite establecer perf\u00eds de usuario en funci\u00f3n do seu comportamento e utilizalos para personalizar a publicidade presentada.<\/p><p>Se o usuario desexa obter m\u00e1is informaci\u00f3n sobre as cookies pode consultar o seguinte sitio web <a href=\"http:\/\/www.aboutcookies.org\" target=\"_blank\" rel=\"noopener\">www.aboutcookies.org<\/a>.<\/p>\t\t\t\t\t\t\t\t<\/div>\n\t\t\t\t<\/div>\n\t\t\t\t<div class=\"elementor-element elementor-element-0d9beaf elementor-widget elementor-widget-heading\" data-id=\"0d9beaf\" data-element_type=\"widget\" data-e-type=\"widget\" data-widget_type=\"heading.default\">\n\t\t\t\t<div class=\"elementor-widget-container\">\n\t\t\t\t\t<h3 class=\"elementor-heading-title elementor-size-default\">Que tipo de cookies utiliza esta p\u00e1xina web?\n<\/h3>\t\t\t\t<\/div>\n\t\t\t\t<\/div>\n\t\t\t\t<div class=\"elementor-element elementor-element-8a06491 elementor-widget elementor-widget-text-editor\" data-id=\"8a06491\" data-element_type=\"widget\" data-e-type=\"widget\" data-widget_type=\"text-editor.default\">\n\t\t\t\t<div class=\"elementor-widget-container\">\n\t\t\t\t\t\t\t\t\tA presente p\u00e1xina web est\u00e1 a utilizar cookies que permiten facilitarlle ao usuario o uso e a navegaci\u00f3n a trav\u00e9s desta, garantir o acceso a determinados servizos, as\u00ed como mellorar a configuraci\u00f3n funcional da web.\n\nConcretamente, esta p\u00e1xina web utiliza as seguintes cookies:\nCookies propias\nPHPSESSID: a cookie PHPSESSID \u00e9 nativa de PHP e perm\u00edtelles aos sitios web almacenar datos de estado serializados. No sitio web util\u00edzase para establecer unha sesi\u00f3n de usuario e para pasar os datos de estado a trav\u00e9s dunha cookie temporal, que se co\u00f1ece comunmente como unha cookie de sesi\u00f3n. Estas cookies s\u00f3 permanecer\u00e1n no seu equipo ata que peche o explorador.\nFRONTEND: estas cookies util\u00edzanse para poder personalizar a portada da web.\n\nCookies de terceiros\nGoogle Analytics (__utma, __utmb, __utmc, __utmz, _ga): estas cookies util\u00edzanse para recoller informaci\u00f3n sobre o uso do noso sitio web por parte dos visitantes. Utilizamos a informaci\u00f3n para elaborar informes e mellorar o sitio. As cookies recompilan informaci\u00f3n de forma an\u00f3nima, que incl\u00fae o n\u00famero de visitantes ao sitio, o lugar de procedencia ao sitio dos visitantes e as p\u00e1xinas visitadas. M\u00e1is informaci\u00f3n en Tipos de cookies que utiliza Google Tipos de cookies que utiliza Google Analytics\nTwitter Social Plugins (__utma, __utmb, __utmc, __utmz, _twitter_sess, external_sess, guest_id, tz_offset_set): perm\u00edtenlle ao usuario compartir contidos do seu interese co seu c\u00edrculo social. As cookies utilizadas por redes sociais evitan que o usuario te\u00f1a que introducir novamente os seus datos para compartir os ditos contidos. Estes bot\u00f3ns non te\u00f1en acceso aos datos introducidos polos usuarios ao compartir un contido nunha rede social. M\u00e1is informaci\u00f3n en Pol\u00edtica de Protecci\u00f3n de Datos de Twitter.\nGoogle Plus Social Plugins (NID,PREF): perm\u00edtenlle ao usuario compartir contidos do seu interese co seu c\u00edrculo social. As cookies utilizadas por redes sociais evitan que o usuario te\u00f1a que introducir novamente os seus datos para compartir os ditos contidos. Estes bot\u00f3ns non te\u00f1en acceso aos datos introducidos polos usuarios ao compartir un contido nunha rede social. M\u00e1is informaci\u00f3n en Tipos de cookies que utiliza Google.\nFacebook Social Plugins (datr, reg_ext_ref, reg_fb_gate, reg_fb_ref, wd): perm\u00edtenlle ao usuario compartir contidos do seu interese co seu c\u00edrculo social. As cookies utilizadas por redes sociais evitan que o usuario te\u00f1a que introducir novamente os seus datos para compartir os ditos contidos. Estes bot\u00f3ns non te\u00f1en acceso aos datos introducidos polos usuarios ao compartir un contido nunha rede social. M\u00e1is informaci\u00f3n en Cookies, p\u00edxeles e outras tecnolox\u00edas similares de Facebook\nAdsense(id, _drt_, FLC, NID): estas cookies util\u00edzanse para saber como acceden as persoas \u00e1s nosas campa\u00f1as de publicidade dixital. Perm\u00edtennos co\u00f1ecer e avaliar os clics na nosa publicidade para podermos mellorar o servizo que vostede recibe. M\u00e1is informaci\u00f3n en Tipos de cookies que utiliza Google.\nYoutube(ACTIVITY, APISID, HSID, LOGIN_INFO, PREF, SID, VISITOR_INFO1_LIVE, YSC, demographics, dkv): util\u00edzase YouTube para ofrecer v\u00eddeos \u00fatiles ou v\u00eddeos informativos. Youtube almacena informaci\u00f3n para poder xerar estat\u00edsticas sobre as visitas de v\u00eddeos incrustados noutras p\u00e1xinas. M\u00e1is informaci\u00f3n en Tipos de cookies que utiliza Google.\nGoogle Maps (APISID, HSID, NID, PREF, S, SAPISID, SID, SSID, S_awfe, khcookie): mostrar onde est\u00e1n as oficinas dos nosos diferentes servizos mediante Google Maps. M\u00e1is informaci\u00f3n en Tipos de cookies que utiliza Google.\nAs cookies ofr\u00e9cenche a posibilidade de aproveitar moitas das funci\u00f3ns esenciais da nosa web. Por todo iso, hai determinadas cookies que non poder\u00e1s eliminar se desexas realizar determinadas acci\u00f3ns ou queres que Compa\u00f1\u00eda de Tranv\u00edas de La Coru\u00f1a, S.A. che preste un servizo concreto. Revogaci\u00f3n e eliminaci\u00f3n de cookies. Podes permitir, bloquear ou eliminar as cookies instaladas no teu equipo mediante a configuraci\u00f3n das opci\u00f3ns do explorador instalado no teu ordenador. No caso de que non permitas a instalaci\u00f3n de cookies no teu explorador, \u00e9 posible que non poidas acceder a algunha das secci\u00f3ns das nosas web, non podendo acceder a todas as funcionalidades desta. A desactivaci\u00f3n e\/ou eliminaci\u00f3n das cookies real\u00edzase de forma diferente en funci\u00f3n do explorador que utilice. Para m\u00e1is informaci\u00f3n sobre como bloquear o uso das cookies podes visitar as seguintes ligaz\u00f3ns:\n\u2022Internet Explorer: Ferramentas -> Opci\u00f3ns de Internet -> Privacidade -> Configuraci\u00f3n. Para m\u00e1is informaci\u00f3n, podes consultar o soporte de Microsoft ou a Axuda do explorador.\n\u2022Firefox: Configuraci\u00f3n -> Privacidade -> Historial. Para m\u00e1is informaci\u00f3n, podes consultar o soporte de Mozilla ou a Axuda do explorador.\n\u2022Chrome: Configuraci\u00f3n -> Mostrar opci\u00f3ns avanzadas -> Privacidade -> Configuraci\u00f3n de contidos. Para m\u00e1is informaci\u00f3n, podes consultar o soporte de Google ou a Axuda do explorador.\n\u2022Safari: Preferencias -> Privacidade. Para m\u00e1is informaci\u00f3n, podes consultar o soporte de Apple ou a Axuda do explorador.\n\u2022Para acceder \u00e1 configuraci\u00f3n de cookies do explorador para dispositivos Android sigue estes pasos (poden variar en funci\u00f3n da versi\u00f3n do explorador): executa o explorador e preme a tecla Men\u00fa -> Axustes. Vai a Seguridade e Privacidade -> Aceptar cookies para que active ou desactive a casa.\n\u2022Para acceder \u00e1 configuraci\u00f3n de cookies do explorador para dispositivos Windows Phone sigue estes pasos (poden variar en funci\u00f3n da versi\u00f3n do explorador): abre Internet Explorer -> M\u00e1is -> Configuraci\u00f3n. Agora podes activar ou desactivar a casa Permitir cookies.\t\t\t\t\t\t\t\t<\/div>\n\t\t\t\t<\/div>\n\t\t\t\t<div class=\"elementor-element elementor-element-e95d88d elementor-widget elementor-widget-heading\" data-id=\"e95d88d\" data-element_type=\"widget\" data-e-type=\"widget\" data-widget_type=\"heading.default\">\n\t\t\t\t<div class=\"elementor-widget-container\">\n\t\t\t\t\t<h3 class=\"elementor-heading-title elementor-size-default\">Como xestionar a configuraci\u00f3n das cookies?\n<\/h3>\t\t\t\t<\/div>\n\t\t\t\t<\/div>\n\t\t\t\t<div class=\"elementor-element elementor-element-120762e elementor-widget elementor-widget-text-editor\" data-id=\"120762e\" data-element_type=\"widget\" data-e-type=\"widget\" data-widget_type=\"text-editor.default\">\n\t\t\t\t<div class=\"elementor-widget-container\">\n\t\t\t\t\t\t\t\t\t<p>No presente apartado faise unha breve exposici\u00f3n de como consultar e levar a cabo a configuraci\u00f3n do sistema de cookies en relaci\u00f3n cos exploradores m\u00e1is com\u00fans ou m\u00e1is utilizados polos usuarios.<\/p><p>Neste sentido, practicamente todos os exploradores perm\u00edtenlle ao usuario obter informaci\u00f3n xeral sobre as cookies instaladas nunha p\u00e1xina web, concretamente verificar a existencia destas, a s\u00faa duraci\u00f3n ou o sistema de eliminaci\u00f3n. Neste sentido, a t\u00edtulo informativo, facil\u00edtanse unha serie de ligaz\u00f3ns relacionadas:<br \/>\u2212 Google Chrome<br \/>\u2212 Mozilla Firefox<br \/>\u2212 Internet Explorer<\/p><p>Por outra banda, o usuario poder\u00e1 permitir, bloquear ou eliminar as cookies instaladas no seu equipo modificando a configuraci\u00f3n do seu explorador conforme as instruci\u00f3ns indicadas neste. A t\u00edtulo informativo ind\u00edcase que habitualmente a configuraci\u00f3n das cookies se adoita levar a cabo no men\u00fa \u201cPreferencias\u201d ou \u201cFerramentas\u201d de cada explorador. En calquera caso, sempre poder\u00e1 acudir \u00e1 axuda do seu explorador para solucionar as d\u00fabidas que lle xurdan ao respecto.<\/p><p>Conv\u00e9n ter en conta que, se se impide a instalaci\u00f3n de todas as cookies, o contido da web e determinadas funcionalidades e servizos facilitados por esta poden verse afectados.<\/p>\t\t\t\t\t\t\t\t<\/div>\n\t\t\t\t<\/div>\n\t\t\t\t\t<\/div>\n\t\t<\/div>\n\t\t\t\t\t<\/div>\n\t\t<\/section>\n\t\t\t\t<\/div>\n\t\t","protected":false},"excerpt":{"rendered":"<p>Textos legais Que son as cookies? Unha cookie \u00e9 un ficheiro ou dispositivo que se descarga no equipo terminal dun usuario coa finalidade de almacenar datos que poder\u00e1n ser actualizados e recuperados pola entidade responsable da s\u00faa instalaci\u00f3n. \u00c9 dicir, \u00e9 un ficheiro que se descarga no seu ordenador ao acceder a determinadas p\u00e1xinas web.&hellip;<\/p>\n","protected":false},"author":2,"featured_media":0,"parent":0,"menu_order":0,"comment_status":"closed","ping_status":"closed","template":"elementor_header_footer","meta":{"_acf_changed":false,"footnotes":"","_wpscp_schedule_draft_date":"","_wpscp_schedule_republish_date":"","_wpscppro_advance_schedule":false,"_wpscppro_advance_schedule_date":"","_wpscppro_dont_share_socialmedia":false,"_wpscppro_custom_social_share_image":0,"_facebook_share_type":"","_twitter_share_type":"","_linkedin_share_type":"","_pinterest_share_type":"","_linkedin_share_type_page":"","_instagram_share_type":"","_medium_share_type":"","_threads_share_type":"","_google_business_share_type":"","_selected_social_profile":[],"_wpsp_enable_custom_social_template":false,"_wpsp_social_scheduling":{"enabled":false,"datetime":null,"platforms":[],"status":"template_only","dateOption":"today","timeOption":"now","customDays":"","customHours":"","customDate":"","customTime":"","schedulingType":"absolute"},"_wpsp_active_default_template":true},"class_list":["post-3192","page","type-page","status-publish","hentry"],"acf":[],"yoast_head":"<!-- This site is optimized with the Yoast SEO plugin v27.1 - https:\/\/yoast.com\/product\/yoast-seo-wordpress\/ -->\n<title>Pol\u00edtica de Cookies - Compa\u00f1\u00eda de Tranv\u00edas de La Coru\u00f1a<\/title>\n<meta name=\"robots\" content=\"index, follow, max-snippet:-1, max-image-preview:large, max-video-preview:-1\" \/>\n<link rel=\"canonical\" href=\"https:\/\/tranviascoruna.com\/gl\/politica-de-cookies\/\" \/>\n<meta property=\"og:locale\" content=\"gl_ES\" \/>\n<meta property=\"og:type\" content=\"article\" \/>\n<meta property=\"og:title\" content=\"Pol\u00edtica de Cookies - Compa\u00f1\u00eda de Tranv\u00edas de La Coru\u00f1a\" \/>\n<meta property=\"og:description\" content=\"Textos legais Que son as cookies? Unha cookie \u00e9 un ficheiro ou dispositivo que se descarga no equipo terminal dun usuario coa finalidade de almacenar datos que poder\u00e1n ser actualizados e recuperados pola entidade responsable da s\u00faa instalaci\u00f3n. \u00c9 dicir, \u00e9 un ficheiro que se descarga no seu ordenador ao acceder a determinadas p\u00e1xinas web.&hellip;\" \/>\n<meta property=\"og:url\" content=\"https:\/\/tranviascoruna.com\/gl\/politica-de-cookies\/\" \/>\n<meta property=\"og:site_name\" content=\"Compa\u00f1\u00eda de Tranv\u00edas de La Coru\u00f1a\" \/>\n<meta property=\"article:modified_time\" content=\"2022-02-14T11:54:48+00:00\" \/>\n<meta name=\"twitter:card\" content=\"summary_large_image\" \/>\n<meta name=\"twitter:label1\" content=\"Tempo de lectura\" \/>\n\t<meta name=\"twitter:data1\" content=\"7 minutes\" \/>\n<script type=\"application\/ld+json\" class=\"yoast-schema-graph\">{\"@context\":\"https:\/\/schema.org\",\"@graph\":[{\"@type\":\"WebPage\",\"@id\":\"https:\/\/tranviascoruna.com\/gl\/politica-de-cookies\/\",\"url\":\"https:\/\/tranviascoruna.com\/gl\/politica-de-cookies\/\",\"name\":\"Pol\u00edtica de Cookies - Compa\u00f1\u00eda de Tranv\u00edas de La Coru\u00f1a\",\"isPartOf\":{\"@id\":\"https:\/\/tranviascoruna.com\/#website\"},\"datePublished\":\"2018-04-27T12:51:18+00:00\",\"dateModified\":\"2022-02-14T11:54:48+00:00\",\"breadcrumb\":{\"@id\":\"https:\/\/tranviascoruna.com\/gl\/politica-de-cookies\/#breadcrumb\"},\"inLanguage\":\"gl-ES\",\"potentialAction\":[{\"@type\":\"ReadAction\",\"target\":[\"https:\/\/tranviascoruna.com\/gl\/politica-de-cookies\/\"]}]},{\"@type\":\"BreadcrumbList\",\"@id\":\"https:\/\/tranviascoruna.com\/gl\/politica-de-cookies\/#breadcrumb\",\"itemListElement\":[{\"@type\":\"ListItem\",\"position\":1,\"name\":\"Home\",\"item\":\"https:\/\/tranviascoruna.com\/\"},{\"@type\":\"ListItem\",\"position\":2,\"name\":\"Pol\u00edtica de Cookies\"}]},{\"@type\":\"WebSite\",\"@id\":\"https:\/\/tranviascoruna.com\/#website\",\"url\":\"https:\/\/tranviascoruna.com\/\",\"name\":\"Compa\u00f1\u00eda de Tranv\u00edas de La Coru\u00f1a\",\"description\":\"Compa\u00f1\u00eda de Tranv\u00edas de La Coru\u00f1a\",\"publisher\":{\"@id\":\"https:\/\/tranviascoruna.com\/#organization\"},\"potentialAction\":[{\"@type\":\"SearchAction\",\"target\":{\"@type\":\"EntryPoint\",\"urlTemplate\":\"https:\/\/tranviascoruna.com\/?s={search_term_string}\"},\"query-input\":{\"@type\":\"PropertyValueSpecification\",\"valueRequired\":true,\"valueName\":\"search_term_string\"}}],\"inLanguage\":\"gl-ES\"},{\"@type\":\"Organization\",\"@id\":\"https:\/\/tranviascoruna.com\/#organization\",\"name\":\"Compa\u00f1\u00eda de Tranv\u00edas de La Coru\u00f1a\",\"url\":\"https:\/\/tranviascoruna.com\/\",\"logo\":{\"@type\":\"ImageObject\",\"inLanguage\":\"gl-ES\",\"@id\":\"https:\/\/tranviascoruna.com\/#\/schema\/logo\/image\/\",\"url\":\"https:\/\/tranviascoruna.com\/wp-content\/uploads\/2021\/12\/Componente-50-\u2013-5.png\",\"contentUrl\":\"https:\/\/tranviascoruna.com\/wp-content\/uploads\/2021\/12\/Componente-50-\u2013-5.png\",\"width\":115,\"height\":116,\"caption\":\"Compa\u00f1\u00eda de Tranv\u00edas de La Coru\u00f1a\"},\"image\":{\"@id\":\"https:\/\/tranviascoruna.com\/#\/schema\/logo\/image\/\"}}]}<\/script>\n<!-- \/ Yoast SEO plugin. -->","yoast_head_json":{"title":"Pol\u00edtica de Cookies - Compa\u00f1\u00eda de Tranv\u00edas de La Coru\u00f1a","robots":{"index":"index","follow":"follow","max-snippet":"max-snippet:-1","max-image-preview":"max-image-preview:large","max-video-preview":"max-video-preview:-1"},"canonical":"https:\/\/tranviascoruna.com\/gl\/politica-de-cookies\/","og_locale":"gl_ES","og_type":"article","og_title":"Pol\u00edtica de Cookies - Compa\u00f1\u00eda de Tranv\u00edas de La Coru\u00f1a","og_description":"Textos legais Que son as cookies? Unha cookie \u00e9 un ficheiro ou dispositivo que se descarga no equipo terminal dun usuario coa finalidade de almacenar datos que poder\u00e1n ser actualizados e recuperados pola entidade responsable da s\u00faa instalaci\u00f3n. \u00c9 dicir, \u00e9 un ficheiro que se descarga no seu ordenador ao acceder a determinadas p\u00e1xinas web.&hellip;","og_url":"https:\/\/tranviascoruna.com\/gl\/politica-de-cookies\/","og_site_name":"Compa\u00f1\u00eda de Tranv\u00edas de La Coru\u00f1a","article_modified_time":"2022-02-14T11:54:48+00:00","twitter_card":"summary_large_image","twitter_misc":{"Tempo de lectura":"7 minutes"},"schema":{"@context":"https:\/\/schema.org","@graph":[{"@type":"WebPage","@id":"https:\/\/tranviascoruna.com\/gl\/politica-de-cookies\/","url":"https:\/\/tranviascoruna.com\/gl\/politica-de-cookies\/","name":"Pol\u00edtica de Cookies - Compa\u00f1\u00eda de Tranv\u00edas de La Coru\u00f1a","isPartOf":{"@id":"https:\/\/tranviascoruna.com\/#website"},"datePublished":"2018-04-27T12:51:18+00:00","dateModified":"2022-02-14T11:54:48+00:00","breadcrumb":{"@id":"https:\/\/tranviascoruna.com\/gl\/politica-de-cookies\/#breadcrumb"},"inLanguage":"gl-ES","potentialAction":[{"@type":"ReadAction","target":["https:\/\/tranviascoruna.com\/gl\/politica-de-cookies\/"]}]},{"@type":"BreadcrumbList","@id":"https:\/\/tranviascoruna.com\/gl\/politica-de-cookies\/#breadcrumb","itemListElement":[{"@type":"ListItem","position":1,"name":"Home","item":"https:\/\/tranviascoruna.com\/"},{"@type":"ListItem","position":2,"name":"Pol\u00edtica de Cookies"}]},{"@type":"WebSite","@id":"https:\/\/tranviascoruna.com\/#website","url":"https:\/\/tranviascoruna.com\/","name":"Compa\u00f1\u00eda de Tranv\u00edas de La Coru\u00f1a","description":"Compa\u00f1\u00eda de Tranv\u00edas de La Coru\u00f1a","publisher":{"@id":"https:\/\/tranviascoruna.com\/#organization"},"potentialAction":[{"@type":"SearchAction","target":{"@type":"EntryPoint","urlTemplate":"https:\/\/tranviascoruna.com\/?s={search_term_string}"},"query-input":{"@type":"PropertyValueSpecification","valueRequired":true,"valueName":"search_term_string"}}],"inLanguage":"gl-ES"},{"@type":"Organization","@id":"https:\/\/tranviascoruna.com\/#organization","name":"Compa\u00f1\u00eda de Tranv\u00edas de La Coru\u00f1a","url":"https:\/\/tranviascoruna.com\/","logo":{"@type":"ImageObject","inLanguage":"gl-ES","@id":"https:\/\/tranviascoruna.com\/#\/schema\/logo\/image\/","url":"https:\/\/tranviascoruna.com\/wp-content\/uploads\/2021\/12\/Componente-50-\u2013-5.png","contentUrl":"https:\/\/tranviascoruna.com\/wp-content\/uploads\/2021\/12\/Componente-50-\u2013-5.png","width":115,"height":116,"caption":"Compa\u00f1\u00eda de Tranv\u00edas de La Coru\u00f1a"},"image":{"@id":"https:\/\/tranviascoruna.com\/#\/schema\/logo\/image\/"}}]}},"_links":{"self":[{"href":"https:\/\/tranviascoruna.com\/gl\/wp-json\/wp\/v2\/pages\/3192","targetHints":{"allow":["GET"]}}],"collection":[{"href":"https:\/\/tranviascoruna.com\/gl\/wp-json\/wp\/v2\/pages"}],"about":[{"href":"https:\/\/tranviascoruna.com\/gl\/wp-json\/wp\/v2\/types\/page"}],"author":[{"embeddable":true,"href":"https:\/\/tranviascoruna.com\/gl\/wp-json\/wp\/v2\/users\/2"}],"replies":[{"embeddable":true,"href":"https:\/\/tranviascoruna.com\/gl\/wp-json\/wp\/v2\/comments?post=3192"}],"version-history":[{"count":0,"href":"https:\/\/tranviascoruna.com\/gl\/wp-json\/wp\/v2\/pages\/3192\/revisions"}],"wp:attachment":[{"href":"https:\/\/tranviascoruna.com\/gl\/wp-json\/wp\/v2\/media?parent=3192"}],"curies":[{"name":"wp","href":"https:\/\/api.w.org\/{rel}","templated":true}]}}