{"id":3195,"date":"2018-04-27T15:18:17","date_gmt":"2018-04-27T13:18:17","guid":{"rendered":"https:\/\/tranviascoruna.com\/politica-de-privacidade\/"},"modified":"2025-07-02T11:02:17","modified_gmt":"2025-07-02T09:02:17","slug":"politica-de-privacidade","status":"publish","type":"page","link":"https:\/\/tranviascoruna.com\/gl\/politica-de-privacidade\/","title":{"rendered":"Pol\u00edtica de privacidade"},"content":{"rendered":"\t\t<div data-elementor-type=\"wp-page\" data-elementor-id=\"3195\" class=\"elementor elementor-3195 elementor-2546\" data-elementor-post-type=\"page\">\n\t\t\t\t\t\t<section class=\"elementor-section elementor-top-section elementor-element elementor-element-19ef7d1 elementor-section-boxed elementor-section-height-default elementor-section-height-default\" data-id=\"19ef7d1\" data-element_type=\"section\" data-e-type=\"section\">\n\t\t\t\t\t\t<div class=\"elementor-container elementor-column-gap-default\">\n\t\t\t\t\t<div class=\"elementor-column elementor-col-100 elementor-top-column elementor-element elementor-element-d645ebc\" data-id=\"d645ebc\" data-element_type=\"column\" data-e-type=\"column\">\n\t\t\t<div class=\"elementor-widget-wrap elementor-element-populated\">\n\t\t\t\t\t\t<div class=\"elementor-element elementor-element-c33d4e1 elementor-widget elementor-widget-heading\" data-id=\"c33d4e1\" data-element_type=\"widget\" data-e-type=\"widget\" data-widget_type=\"heading.default\">\n\t\t\t\t<div class=\"elementor-widget-container\">\n\t\t\t\t\t<p class=\"elementor-heading-title elementor-size-default\">Textos legais\n<\/p>\t\t\t\t<\/div>\n\t\t\t\t<\/div>\n\t\t\t\t<div class=\"elementor-element elementor-element-d2121b8 elementor-widget elementor-widget-heading\" data-id=\"d2121b8\" data-element_type=\"widget\" data-e-type=\"widget\" data-widget_type=\"heading.default\">\n\t\t\t\t<div class=\"elementor-widget-container\">\n\t\t\t\t\t<h2 class=\"elementor-heading-title elementor-size-default\">Pol\u00edtica de privacidade<\/h2>\t\t\t\t<\/div>\n\t\t\t\t<\/div>\n\t\t\t\t\t<\/div>\n\t\t<\/div>\n\t\t\t\t\t<\/div>\n\t\t<\/section>\n\t\t\t\t<section class=\"elementor-section elementor-top-section elementor-element elementor-element-9503422 elementor-section-boxed elementor-section-height-default elementor-section-height-default\" data-id=\"9503422\" data-element_type=\"section\" data-e-type=\"section\">\n\t\t\t\t\t\t<div class=\"elementor-container elementor-column-gap-default\">\n\t\t\t\t\t<div class=\"elementor-column elementor-col-100 elementor-top-column elementor-element elementor-element-233c41c\" data-id=\"233c41c\" data-element_type=\"column\" data-e-type=\"column\">\n\t\t\t<div class=\"elementor-widget-wrap elementor-element-populated\">\n\t\t\t\t\t\t<div class=\"elementor-element elementor-element-8a8e547 elementor-widget elementor-widget-heading\" data-id=\"8a8e547\" data-element_type=\"widget\" data-e-type=\"widget\" data-widget_type=\"heading.default\">\n\t\t\t\t<div class=\"elementor-widget-container\">\n\t\t\t\t\t<h3 class=\"elementor-heading-title elementor-size-default\">Introduci\u00f3n<\/h3>\t\t\t\t<\/div>\n\t\t\t\t<\/div>\n\t\t\t\t<div class=\"elementor-element elementor-element-3ed12d2 elementor-widget elementor-widget-text-editor\" data-id=\"3ed12d2\" data-element_type=\"widget\" data-e-type=\"widget\" data-widget_type=\"text-editor.default\">\n\t\t\t\t<div class=\"elementor-widget-container\">\n\t\t\t\t\t\t\t\t\t<p>A presente Pol\u00edtica de Privacidade foi desenvolvida tendo en conta o disposto pola Lei Org\u00e1nica de Protecci\u00f3n de Datos de Car\u00e1cter Persoal en vigor, as\u00ed como polo Regulamento 2016\/679 do Parlamento Europeo e do Consello do 27 de abril de 2016 relativo \u00e1 protecci\u00f3n das persoas f\u00edsicas no que respecta ao tratamento de datos persoais e \u00e1 circulaci\u00f3n destes datos (en diante, o \u201cRXPD\u201d).<br \/>Esta Pol\u00edtica de Privacidade ten por obxecto po\u00f1er en co\u00f1ecemento dos titulares dos datos persoais respecto dos cales se est\u00e1 a solicitar informaci\u00f3n os aspectos espec\u00edficos relativos ao tratamento dos seus datos, entre outras cousas, as finalidades dos tratamentos, os datos de contacto para exercer os dereitos que os asisten, os prazos de conservaci\u00f3n da informaci\u00f3n e as medidas de seguridade.<\/p>\t\t\t\t\t\t\t\t<\/div>\n\t\t\t\t<\/div>\n\t\t\t\t<div class=\"elementor-element elementor-element-5be6bbd elementor-widget elementor-widget-heading\" data-id=\"5be6bbd\" data-element_type=\"widget\" data-e-type=\"widget\" data-widget_type=\"heading.default\">\n\t\t\t\t<div class=\"elementor-widget-container\">\n\t\t\t\t\t<h3 class=\"elementor-heading-title elementor-size-default\">Responsable do tratamento\n<\/h3>\t\t\t\t<\/div>\n\t\t\t\t<\/div>\n\t\t\t\t<div class=\"elementor-element elementor-element-11a418e elementor-widget elementor-widget-text-editor\" data-id=\"11a418e\" data-element_type=\"widget\" data-e-type=\"widget\" data-widget_type=\"text-editor.default\">\n\t\t\t\t<div class=\"elementor-widget-container\">\n\t\t\t\t\t\t\t\t\t<p>En termos de protecci\u00f3n de datos, Compa\u00f1\u00eda de Tranv\u00edas de La Coru\u00f1a debe ser considerada a responsable do tratamento en relaci\u00f3n cos ficheiros\/tratamentos identificados na presente pol\u00edtica, concretamente no apartado \u201cTratamentos de datos\u201d. A seguir ind\u00edcanse os datos identificativos do titular do presente sitio web:<br \/>Responsable do tratamento: Compa\u00f1\u00eda de Tranv\u00edas de La Coru\u00f1a<br \/>Enderezo postal: Estrada Los Fuertes, n.\u00ba 4, 15011 A Coru\u00f1a<br \/>Tel.: 981 250 100 \/ 900 799 192<br \/>E-mail: correo@tranviascoruna.com<br \/>Domicilio: Estrada Fuertes, n.\u00ba 4, C.P. 15011, A Coru\u00f1a.<\/p>\t\t\t\t\t\t\t\t<\/div>\n\t\t\t\t<\/div>\n\t\t\t\t<div class=\"elementor-element elementor-element-bc02a5e elementor-widget elementor-widget-heading\" data-id=\"bc02a5e\" data-element_type=\"widget\" data-e-type=\"widget\" data-widget_type=\"heading.default\">\n\t\t\t\t<div class=\"elementor-widget-container\">\n\t\t\t\t\t<h3 class=\"elementor-heading-title elementor-size-default\">Tratamentos de datos<\/h3>\t\t\t\t<\/div>\n\t\t\t\t<\/div>\n\t\t\t\t<div class=\"elementor-element elementor-element-80e91e5 elementor-widget elementor-widget-text-editor\" data-id=\"80e91e5\" data-element_type=\"widget\" data-e-type=\"widget\" data-widget_type=\"text-editor.default\">\n\t\t\t\t<div class=\"elementor-widget-container\">\n\t\t\t\t\t\t\t\t\t<p>Os datos de car\u00e1cter persoal que se soliciten, se \u00e9 o caso, consistir\u00e1n unicamente naqueles estritamente imprescindibles para identificar e atender a solicitude realizada polo seu titular, en diante, o \u201cinteresado\u201d. A dita informaci\u00f3n ser\u00e1 tratada de forma leal, l\u00edcita e transparente en relaci\u00f3n co interesado. Por outra banda, os datos persoais ser\u00e1n recollidos para finalidades determinadas expl\u00edcitas e lex\u00edtimas, non sendo tratados ulteriormente de xeito non incompatible cos ditos fins.<br \/>Os datos recollidos de cada interesado ser\u00e1n adecuados, pertinentes e non excesivos en relaci\u00f3n coas finalidades correspondentes para cada caso, e ser\u00e1n actualizados sempre que sexa necesario. O titular dos datos ser\u00e1 informado, con car\u00e1cter previo \u00e1 recollida dos seus datos, dos extremos xerais regulados nesta pol\u00edtica co fin de que poida prestar o consentimento expreso, preciso e inequ\u00edvoco para o tratamento dos seus datos, consonte os seguintes aspectos.<\/p><p>Finalidades do tratamento<br \/>As finalidades expl\u00edcitas para as cales se levan a cabo cada un dos tratamentos ve\u00f1en recollidas nas cl\u00e1usulas informativas incorporadas en cada unha das v\u00edas de toma de datos (formularios web, formularios en papel, locuci\u00f3ns ou carteis e notas informativas). Non obstante, os datos de car\u00e1cter persoal do interesado ser\u00e1n tratados coa exclusiva finalidade de proporcionarlle unha resposta efectiva e atender as solicitudes practicadas polo usuario, especificadas xunto \u00e1 opci\u00f3n, servizo, formulario ou sistema de toma de datos que o titular utilice.<\/p><p>Lexitimaci\u00f3n<br \/>Por regra xeral, logo do tratamento dos datos persoais, Compa\u00f1\u00eda de Tranv\u00edas de La Coru\u00f1a obt\u00e9n o consentimento expreso e inequ\u00edvoco do titular destes mediante a incorporaci\u00f3n de cl\u00e1usulas de consentimento informado nos diferentes sistemas de recollida de informaci\u00f3n. Non obstante, no caso de que non se requira o consentimento do interesado, a base lexitimadora do tratamento na cal se ampara Compa\u00f1\u00eda de Tranv\u00edas de La Coru\u00f1a \u00e9 a existencia dunha lei ou norma espec\u00edfica que autorice ou esixa o tratamento dos datos do interesado.<\/p><p>Destinatarios<br \/>Por regra xeral, Compa\u00f1\u00eda de Tranv\u00edas de La Coru\u00f1a non procede \u00e1 cesi\u00f3n ou comunicaci\u00f3n dos datos a terceiras entidades, ag\u00e1s as requiridas legalmente. Con todo, no caso de que isto fose necesario, as ditas cesi\u00f3ns ou comunicaci\u00f3ns de datos sonlle notificadas ao interesado a trav\u00e9s das cl\u00e1usulas de consentimento informado contidas nas diferentes v\u00edas de recollida de datos persoais.<\/p><p>Procedencia<br \/>Por regra xeral, os datos persoais rec\u00f3llense sempre directamente do interesado. Con todo, os datos poden ser recollidos do interesado excepcionalmente a trav\u00e9s de terceiras persoas, entidades ou servizos diferentes. Neste sentido, este extremo seralle trasladado ao interesado a trav\u00e9s das cl\u00e1usulas de consentimento informado contidas nas diferentes v\u00edas de recollida de informaci\u00f3n e dentro dun prazo razoable, unha vez obtidos os datos, e como moito dentro dun mes.<\/p><p>Prazos de conservaci\u00f3n<br \/>A informaci\u00f3n solicitada do interesado ser\u00e1 conservada mentres sexa necesaria para cumprir coa finalidade para a cal foron solicitados os datos persoais, de forma que, unha vez cumprida a finalidade os datos ser\u00e1n cancelados. A dita cancelaci\u00f3n dar\u00e1 lugar ao bloqueo dos datos, conserv\u00e1ndose unicamente a disposici\u00f3n das Administraci\u00f3ns p\u00fablicas, xu\u00edces e tribunais para atender as posibles responsabilidades nacidas do tratamento, durante o prazo de prescrici\u00f3n destas. Cumprido o citado prazo, procederase \u00e1 destruci\u00f3n da informaci\u00f3n. A t\u00edtulo informativo, a seguir rec\u00f3llense os prazos legais de conservaci\u00f3n da informaci\u00f3n en relaci\u00f3n con diferentes materias:<\/p><p>DOCUMENTO PRAZO REF. LEGAL<br \/>Documentaci\u00f3n de car\u00e1cter laboral ou relacionada coa seguridade social 4 anos Artigo 21 do Real Decreto Lexislativo 5\/2000, do 4 de agosto, polo que se aproba o texto refundido da Lei sobre Infracci\u00f3ns e Sanci\u00f3ns na Orde Social<br \/>Documentaci\u00f3n contable e fiscal para os efectos mercant\u00eds 6 anos Art. 30 do C\u00f3digo Comercio<br \/>Documentaci\u00f3n contable e fiscal para os efectos fiscais 4 anos Artigos 66 a 70 da Lei Xeral Tributaria<br \/>Control de accesos a edificios 1 mes Instruci\u00f3n 1\/1996 de la AEPD<br \/>Videovixilancia 1 mes Instruci\u00f3n 1\/2006 da AEPD<br \/>Lei Org\u00e1nica 4\/1997<br \/>Datos de navegaci\u00f3n<br \/>En relaci\u00f3n cos datos de navegaci\u00f3n que se poidan tratar a trav\u00e9s do sitio web, no caso de que se recollan datos sometidos \u00e1 normativa, recom\u00e9ndase consultar a Pol\u00edtica de Cookies publicada no noso sitio web.<\/p><p>Dereitos dos interesados<br \/>A normativa en materia de protecci\u00f3n de datos out\u00f3rgalles unha serie de dereitos aos interesados ou titulares dos datos, usuarios do sitio web ou usuarios dos perf\u00eds das redes sociais de Compa\u00f1\u00eda de Tranv\u00edas de La Coru\u00f1a. Estes dereitos que asisten as persoas interesadas son os seguintes:<br \/>\u2013 Dereito de acceso: dereito a obter informaci\u00f3n sobre se os datos propios que est\u00e1n a ser obxecto de tratamento, a finalidade do tratamento que se estea a realizar, as categor\u00edas dos datos de que se trate, os destinatarios ou categor\u00edas de destinatarios, o prazo de conservaci\u00f3n e a orixe dos ditos datos.<br \/>\u2013 Dereito de rectificaci\u00f3n: dereito a obter a rectificaci\u00f3n dos datos persoais inexactos ou incompletos.<br \/>\u2013 Dereito de supresi\u00f3n: dereito a obter a supresi\u00f3n dos datos nos seguintes supostos:<\/p><p>Cando os datos xa non sexan necesarios para a finalidade para a cal foron solicitados.Cando o seu titular retire o consentimento.Cando o interesado se opo\u00f1a ao tratamento.Cando se deban suprimir en cumprimento dunha obriga legal.Cando os datos se obte\u00f1an en virtude dun servizo de sociedade da informaci\u00f3n con base no disposto no art. 8, apdo. 1 do Regulamento Europeo sobre Protecci\u00f3n de datos.<\/p><p>\u2013 Dereito de oposici\u00f3n: dereito a opo\u00f1erse a un determinado tratamento con base no consentimento do interesado.<br \/>\u2013 Dereito de limitaci\u00f3n: dereito a obter a limitaci\u00f3n do tratamento dos datos cando se dea alg\u00fan dos seguintes supostos:<\/p><p>Cando o interesado impugne a exactitude dos datos persoais, durante un prazo que lle permita \u00e1 empresa verificar a s\u00faa exactitude.Cando o tratamento sexa il\u00edcito e o interesado se opo\u00f1a \u00e1 supresi\u00f3n dos datos.Cando a empresa xa non necesite os datos para os fins para os que foron solicitados, pero o interesado os necesite para a formulaci\u00f3n, o exercicio ou a defensa de reclamaci\u00f3ns.Cando o interesado se opo\u00f1a ao tratamento mentres se verifica se os motivos lex\u00edtimos da empresa prevalecen sobre os do interesado.<\/p><p>Os interesados poder\u00e1n exercer os dereitos indicados dirix\u00edndose a Compa\u00f1\u00eda de Tranv\u00edas de La Coru\u00f1a mediante escrito remitido ao seguinte enderezo: lopd@tranviascoruna.com, indicando na li\u00f1a de asunto o dereito que desexa exercer.<\/p><p>Neste sentido, Compa\u00f1\u00eda de Tranv\u00edas de La Coru\u00f1a atender\u00e1 a s\u00faa solicitude \u00e1 maior brevidade posible e tendo en conta os prazos previstos na normativa en materia de protecci\u00f3n de datos.<\/p><p>Por outra banda, conv\u00e9n ter en conta que o interesado ou titular dos datos poder\u00e1 en todo momento presentar unha reclamaci\u00f3n perante a autoridade de control competente.<\/p>\t\t\t\t\t\t\t\t<\/div>\n\t\t\t\t<\/div>\n\t\t\t\t<div class=\"elementor-element elementor-element-7803688 elementor-widget elementor-widget-heading\" data-id=\"7803688\" data-element_type=\"widget\" data-e-type=\"widget\" data-widget_type=\"heading.default\">\n\t\t\t\t<div class=\"elementor-widget-container\">\n\t\t\t\t\t<h3 class=\"elementor-heading-title elementor-size-default\">Seguridade<\/h3>\t\t\t\t<\/div>\n\t\t\t\t<\/div>\n\t\t\t\t<div class=\"elementor-element elementor-element-4199b17 elementor-widget elementor-widget-text-editor\" data-id=\"4199b17\" data-element_type=\"widget\" data-e-type=\"widget\" data-widget_type=\"text-editor.default\">\n\t\t\t\t<div class=\"elementor-widget-container\">\n\t\t\t\t\t\t\t\t\t<p>As medidas de seguridade adoptadas por Compa\u00f1\u00eda de Tranv\u00edas de La Coru\u00f1a son aquelas requiridas, de conformidade co establecido no artigo 32 do RXPD. Neste sentido, Compa\u00f1\u00eda de Tranv\u00edas de La Coru\u00f1a, tendo en conta o estado da t\u00e9cnica, os custos de aplicaci\u00f3n e a natureza, o alcance, o contexto e os fins do tratamento, as\u00ed como os riscos de probabilidade e gravidade variables para os dereitos e as liberdades das persoas f\u00edsicas, ten establecidas as medidas t\u00e9cnicas e organizativas apropiadas para garantir o nivel de seguridade axeitado ao risco existente.<br \/>En todo caso, Compa\u00f1\u00eda de Tranv\u00edas de La Coru\u00f1a ten implementados os mecanismos suficientes para:<br \/>a) Garantir a confidencialidade, integridade, dispo\u00f1ibilidade e resiliencia permanentes dos sistemas e servizos de tratamento.<br \/>b) Restaurar a dispo\u00f1ibilidade e o acceso aos datos persoais de forma r\u00e1pida no caso de incidente f\u00edsico ou t\u00e9cnico.<br \/>c) Verificar, avaliar e valorar, de forma regular, a eficacia das medidas t\u00e9cnicas e organizativas implantadas para garantir a seguridade do tratamento.<br \/>d) Seudonimizar e cifrar os datos persoais, se procede.<\/p>\t\t\t\t\t\t\t\t<\/div>\n\t\t\t\t<\/div>\n\t\t\t\t\t<\/div>\n\t\t<\/div>\n\t\t\t\t\t<\/div>\n\t\t<\/section>\n\t\t\t\t<\/div>\n\t\t","protected":false},"excerpt":{"rendered":"<p>Textos legais Introduci\u00f3n A presente Pol\u00edtica de Privacidade foi desenvolvida tendo en conta o disposto pola Lei Org\u00e1nica de Protecci\u00f3n de Datos de Car\u00e1cter Persoal en vigor, as\u00ed como polo Regulamento 2016\/679 do Parlamento Europeo e do Consello do 27 de abril de 2016 relativo \u00e1 protecci\u00f3n das persoas f\u00edsicas no que respecta ao tratamento&hellip;<\/p>\n","protected":false},"author":2,"featured_media":0,"parent":0,"menu_order":0,"comment_status":"closed","ping_status":"closed","template":"elementor_header_footer","meta":{"_acf_changed":false,"footnotes":"","_wpscp_schedule_draft_date":"","_wpscp_schedule_republish_date":"","_wpscppro_advance_schedule":false,"_wpscppro_advance_schedule_date":"","_wpscppro_dont_share_socialmedia":false,"_wpscppro_custom_social_share_image":0,"_facebook_share_type":"","_twitter_share_type":"","_linkedin_share_type":"","_pinterest_share_type":"","_linkedin_share_type_page":"","_instagram_share_type":"","_medium_share_type":"","_threads_share_type":"","_google_business_share_type":"","_selected_social_profile":[],"_wpsp_enable_custom_social_template":false,"_wpsp_social_scheduling":{"enabled":false,"datetime":null,"platforms":[],"status":"template_only","dateOption":"today","timeOption":"now","customDays":"","customHours":"","customDate":"","customTime":"","schedulingType":"absolute"},"_wpsp_active_default_template":true},"class_list":["post-3195","page","type-page","status-publish","hentry"],"acf":[],"yoast_head":"<!-- This site is optimized with the Yoast SEO plugin v27.1 - https:\/\/yoast.com\/product\/yoast-seo-wordpress\/ -->\n<title>Pol\u00edtica de privacidade - Compa\u00f1\u00eda de Tranv\u00edas de La Coru\u00f1a<\/title>\n<meta name=\"robots\" content=\"index, follow, max-snippet:-1, max-image-preview:large, max-video-preview:-1\" \/>\n<link rel=\"canonical\" href=\"https:\/\/tranviascoruna.com\/gl\/politica-de-privacidade\/\" \/>\n<meta property=\"og:locale\" content=\"gl_ES\" \/>\n<meta property=\"og:type\" content=\"article\" \/>\n<meta property=\"og:title\" content=\"Pol\u00edtica de privacidade - Compa\u00f1\u00eda de Tranv\u00edas de La Coru\u00f1a\" \/>\n<meta property=\"og:description\" content=\"Textos legais Introduci\u00f3n A presente Pol\u00edtica de Privacidade foi desenvolvida tendo en conta o disposto pola Lei Org\u00e1nica de Protecci\u00f3n de Datos de Car\u00e1cter Persoal en vigor, as\u00ed como polo Regulamento 2016\/679 do Parlamento Europeo e do Consello do 27 de abril de 2016 relativo \u00e1 protecci\u00f3n das persoas f\u00edsicas no que respecta ao tratamento&hellip;\" \/>\n<meta property=\"og:url\" content=\"https:\/\/tranviascoruna.com\/gl\/politica-de-privacidade\/\" \/>\n<meta property=\"og:site_name\" content=\"Compa\u00f1\u00eda de Tranv\u00edas de La Coru\u00f1a\" \/>\n<meta property=\"article:modified_time\" content=\"2025-07-02T09:02:17+00:00\" \/>\n<meta name=\"twitter:card\" content=\"summary_large_image\" \/>\n<meta name=\"twitter:label1\" content=\"Tempo de lectura\" \/>\n\t<meta name=\"twitter:data1\" content=\"9 minutes\" \/>\n<script type=\"application\/ld+json\" class=\"yoast-schema-graph\">{\"@context\":\"https:\/\/schema.org\",\"@graph\":[{\"@type\":\"WebPage\",\"@id\":\"https:\/\/tranviascoruna.com\/gl\/politica-de-privacidade\/\",\"url\":\"https:\/\/tranviascoruna.com\/gl\/politica-de-privacidade\/\",\"name\":\"Pol\u00edtica de privacidade - Compa\u00f1\u00eda de Tranv\u00edas de La Coru\u00f1a\",\"isPartOf\":{\"@id\":\"https:\/\/tranviascoruna.com\/#website\"},\"datePublished\":\"2018-04-27T13:18:17+00:00\",\"dateModified\":\"2025-07-02T09:02:17+00:00\",\"breadcrumb\":{\"@id\":\"https:\/\/tranviascoruna.com\/gl\/politica-de-privacidade\/#breadcrumb\"},\"inLanguage\":\"gl-ES\",\"potentialAction\":[{\"@type\":\"ReadAction\",\"target\":[\"https:\/\/tranviascoruna.com\/gl\/politica-de-privacidade\/\"]}]},{\"@type\":\"BreadcrumbList\",\"@id\":\"https:\/\/tranviascoruna.com\/gl\/politica-de-privacidade\/#breadcrumb\",\"itemListElement\":[{\"@type\":\"ListItem\",\"position\":1,\"name\":\"Home\",\"item\":\"https:\/\/tranviascoruna.com\/\"},{\"@type\":\"ListItem\",\"position\":2,\"name\":\"Pol\u00edtica de privacidade\"}]},{\"@type\":\"WebSite\",\"@id\":\"https:\/\/tranviascoruna.com\/#website\",\"url\":\"https:\/\/tranviascoruna.com\/\",\"name\":\"Compa\u00f1\u00eda de Tranv\u00edas de La Coru\u00f1a\",\"description\":\"Compa\u00f1\u00eda de Tranv\u00edas de La Coru\u00f1a\",\"publisher\":{\"@id\":\"https:\/\/tranviascoruna.com\/#organization\"},\"potentialAction\":[{\"@type\":\"SearchAction\",\"target\":{\"@type\":\"EntryPoint\",\"urlTemplate\":\"https:\/\/tranviascoruna.com\/?s={search_term_string}\"},\"query-input\":{\"@type\":\"PropertyValueSpecification\",\"valueRequired\":true,\"valueName\":\"search_term_string\"}}],\"inLanguage\":\"gl-ES\"},{\"@type\":\"Organization\",\"@id\":\"https:\/\/tranviascoruna.com\/#organization\",\"name\":\"Compa\u00f1\u00eda de Tranv\u00edas de La Coru\u00f1a\",\"url\":\"https:\/\/tranviascoruna.com\/\",\"logo\":{\"@type\":\"ImageObject\",\"inLanguage\":\"gl-ES\",\"@id\":\"https:\/\/tranviascoruna.com\/#\/schema\/logo\/image\/\",\"url\":\"https:\/\/tranviascoruna.com\/wp-content\/uploads\/2021\/12\/Componente-50-\u2013-5.png\",\"contentUrl\":\"https:\/\/tranviascoruna.com\/wp-content\/uploads\/2021\/12\/Componente-50-\u2013-5.png\",\"width\":115,\"height\":116,\"caption\":\"Compa\u00f1\u00eda de Tranv\u00edas de La Coru\u00f1a\"},\"image\":{\"@id\":\"https:\/\/tranviascoruna.com\/#\/schema\/logo\/image\/\"}}]}<\/script>\n<!-- \/ Yoast SEO plugin. -->","yoast_head_json":{"title":"Pol\u00edtica de privacidade - Compa\u00f1\u00eda de Tranv\u00edas de La Coru\u00f1a","robots":{"index":"index","follow":"follow","max-snippet":"max-snippet:-1","max-image-preview":"max-image-preview:large","max-video-preview":"max-video-preview:-1"},"canonical":"https:\/\/tranviascoruna.com\/gl\/politica-de-privacidade\/","og_locale":"gl_ES","og_type":"article","og_title":"Pol\u00edtica de privacidade - Compa\u00f1\u00eda de Tranv\u00edas de La Coru\u00f1a","og_description":"Textos legais Introduci\u00f3n A presente Pol\u00edtica de Privacidade foi desenvolvida tendo en conta o disposto pola Lei Org\u00e1nica de Protecci\u00f3n de Datos de Car\u00e1cter Persoal en vigor, as\u00ed como polo Regulamento 2016\/679 do Parlamento Europeo e do Consello do 27 de abril de 2016 relativo \u00e1 protecci\u00f3n das persoas f\u00edsicas no que respecta ao tratamento&hellip;","og_url":"https:\/\/tranviascoruna.com\/gl\/politica-de-privacidade\/","og_site_name":"Compa\u00f1\u00eda de Tranv\u00edas de La Coru\u00f1a","article_modified_time":"2025-07-02T09:02:17+00:00","twitter_card":"summary_large_image","twitter_misc":{"Tempo de lectura":"9 minutes"},"schema":{"@context":"https:\/\/schema.org","@graph":[{"@type":"WebPage","@id":"https:\/\/tranviascoruna.com\/gl\/politica-de-privacidade\/","url":"https:\/\/tranviascoruna.com\/gl\/politica-de-privacidade\/","name":"Pol\u00edtica de privacidade - Compa\u00f1\u00eda de Tranv\u00edas de La Coru\u00f1a","isPartOf":{"@id":"https:\/\/tranviascoruna.com\/#website"},"datePublished":"2018-04-27T13:18:17+00:00","dateModified":"2025-07-02T09:02:17+00:00","breadcrumb":{"@id":"https:\/\/tranviascoruna.com\/gl\/politica-de-privacidade\/#breadcrumb"},"inLanguage":"gl-ES","potentialAction":[{"@type":"ReadAction","target":["https:\/\/tranviascoruna.com\/gl\/politica-de-privacidade\/"]}]},{"@type":"BreadcrumbList","@id":"https:\/\/tranviascoruna.com\/gl\/politica-de-privacidade\/#breadcrumb","itemListElement":[{"@type":"ListItem","position":1,"name":"Home","item":"https:\/\/tranviascoruna.com\/"},{"@type":"ListItem","position":2,"name":"Pol\u00edtica de privacidade"}]},{"@type":"WebSite","@id":"https:\/\/tranviascoruna.com\/#website","url":"https:\/\/tranviascoruna.com\/","name":"Compa\u00f1\u00eda de Tranv\u00edas de La Coru\u00f1a","description":"Compa\u00f1\u00eda de Tranv\u00edas de La Coru\u00f1a","publisher":{"@id":"https:\/\/tranviascoruna.com\/#organization"},"potentialAction":[{"@type":"SearchAction","target":{"@type":"EntryPoint","urlTemplate":"https:\/\/tranviascoruna.com\/?s={search_term_string}"},"query-input":{"@type":"PropertyValueSpecification","valueRequired":true,"valueName":"search_term_string"}}],"inLanguage":"gl-ES"},{"@type":"Organization","@id":"https:\/\/tranviascoruna.com\/#organization","name":"Compa\u00f1\u00eda de Tranv\u00edas de La Coru\u00f1a","url":"https:\/\/tranviascoruna.com\/","logo":{"@type":"ImageObject","inLanguage":"gl-ES","@id":"https:\/\/tranviascoruna.com\/#\/schema\/logo\/image\/","url":"https:\/\/tranviascoruna.com\/wp-content\/uploads\/2021\/12\/Componente-50-\u2013-5.png","contentUrl":"https:\/\/tranviascoruna.com\/wp-content\/uploads\/2021\/12\/Componente-50-\u2013-5.png","width":115,"height":116,"caption":"Compa\u00f1\u00eda de Tranv\u00edas de La Coru\u00f1a"},"image":{"@id":"https:\/\/tranviascoruna.com\/#\/schema\/logo\/image\/"}}]}},"_links":{"self":[{"href":"https:\/\/tranviascoruna.com\/gl\/wp-json\/wp\/v2\/pages\/3195","targetHints":{"allow":["GET"]}}],"collection":[{"href":"https:\/\/tranviascoruna.com\/gl\/wp-json\/wp\/v2\/pages"}],"about":[{"href":"https:\/\/tranviascoruna.com\/gl\/wp-json\/wp\/v2\/types\/page"}],"author":[{"embeddable":true,"href":"https:\/\/tranviascoruna.com\/gl\/wp-json\/wp\/v2\/users\/2"}],"replies":[{"embeddable":true,"href":"https:\/\/tranviascoruna.com\/gl\/wp-json\/wp\/v2\/comments?post=3195"}],"version-history":[{"count":3,"href":"https:\/\/tranviascoruna.com\/gl\/wp-json\/wp\/v2\/pages\/3195\/revisions"}],"predecessor-version":[{"id":7479,"href":"https:\/\/tranviascoruna.com\/gl\/wp-json\/wp\/v2\/pages\/3195\/revisions\/7479"}],"wp:attachment":[{"href":"https:\/\/tranviascoruna.com\/gl\/wp-json\/wp\/v2\/media?parent=3195"}],"curies":[{"name":"wp","href":"https:\/\/api.w.org\/{rel}","templated":true}]}}